{"id":15230,"date":"2022-01-10T22:10:35","date_gmt":"2022-01-10T22:10:35","guid":{"rendered":"https:\/\/bali.com\/bali\/reisebestimmungen-bali-indonesien\/"},"modified":"2025-08-29T23:11:46","modified_gmt":"2025-08-29T15:11:46","slug":"reisebestimmungen-bali-indonesien","status":"publish","type":"page","link":"https:\/\/bali.com\/de\/bali\/reisebestimmungen-bali-indonesien\/","title":{"rendered":"Reisebestimmungen f\u00fcr Bali &#8211; Reiseauflagen"},"content":{"rendered":"\t<div id=\"gap-989353935\" class=\"gap-element clearfix hide-for-small\" style=\"display:block; height:auto;\">\n\t\t\n<style>\n#gap-989353935 {\n  padding-top: 130px;\n}\n<\/style>\n\t<\/div>\n\t\n\t<div id=\"gap-1676181523\" class=\"gap-element clearfix show-for-small\" style=\"display:block; height:auto;\">\n\t\t\n<style>\n#gap-1676181523 {\n  padding-top: 100px;\n}\n<\/style>\n\t<\/div>\n\t\n\n  <div class=\"banner has-hover\" id=\"banner-1186017676\">\n          <div class=\"banner-inner fill\">\n        <div class=\"banner-bg fill\" >\n            <img loading=\"lazy\" decoding=\"async\" width=\"1280\" height=\"853\" src=\"https:\/\/bali.com\/wp-content\/uploads\/2020\/07\/nusa-dua-beach-bali.jpg\" class=\"bg attachment-original size-original\" alt=\"\" \/>                        <div class=\"overlay\"><\/div>            \n                    <\/div>\n\t\t\n        <div class=\"banner-layers container\">\n            <div class=\"fill banner-link\"><\/div>            \n   <div id=\"text-box-552604345\" class=\"text-box banner-layer x50 md-x50 lg-x50 y40 md-y35 lg-y35 res-text\">\n                                <div class=\"text-box-content text dark\">\n              \n              <div class=\"text-inner text-center\">\n                  \n<h1>Bali<br \/>Reisebestimmungen<\/h1>\n<h3>Den BALI Urlaub Richtig Planen<\/h3>\n              <\/div>\n           <\/div>\n                            \n<style>\n#text-box-552604345 {\n  width: 95%;\n}\n#text-box-552604345 .text-box-content {\n  font-size: 72%;\n}\n@media (min-width:550px) {\n  #text-box-552604345 .text-box-content {\n    font-size: 100%;\n  }\n}\n<\/style>\n    <\/div>\n \n        <\/div>\n      <\/div>\n\n            \n<style>\n#banner-1186017676 {\n  padding-top: 99.99%;\n}\n#banner-1186017676 .overlay {\n  background-color: rgba(0,0,0,.5);\n}\n@media (min-width:550px) {\n  #banner-1186017676 {\n    padding-top: 40.25%;\n  }\n}\n@media (min-width:850px) {\n  #banner-1186017676 {\n    padding-top: 40.25%;\n  }\n}\n<\/style>\n  <\/div>\n\n\n\n\t<section class=\"section\" id=\"section_727469835\">\n\t\t<div class=\"section-bg fill\" >\n\t\t\t\t\t\t\t\t\t\n\t\t\t\n\n\t\t<\/div>\n\n\t\t\n\n\t\t<div class=\"section-content relative\">\n\t\t\t\n<div class=\"row align-center\"  id=\"row-679212697\">\n\n\t<div id=\"col-697470217\" class=\"col small-12 large-12\"  >\n\t\t\t\t<div class=\"col-inner\"  >\n\t\t\t\n\t\t\t\n<h1>Indonesische Einreisebestimmungen &amp; Reiseauflagen f\u00fcr Deine Balireise<\/h1>\n<p class=\"lead\"><strong>Planst du deine Reise nach Bali? Die folgenden FAQ helfen dir, die wichtigsten Bestimmungen f\u00fcr Reisen nach Indonesien zu verstehen.\u00a0<\/strong><\/p>\n<p><strong>Allgemeine Reisevorschriften, <\/strong><a href=\"https:\/\/bali.com\/de\/bali\/all-indonesia-registrierung\/\">All Indonesia &#8211; Registrierung,<\/a> Bali-Touristensteuer, Passanforderungen, und <span style=\"font-size: 100%;\"><strong>nicht vergessen: <\/strong><\/span><span style=\"font-size: 100%;\"><a href=\"https:\/\/bali.com\/bali\/bali-visa-indonesia-entry-regulations\/\"><strong>Visum-Bestimmungen<\/strong><\/a> f\u00fcr Bali \/ Indonesien<\/span><\/p>\n\t\t<\/div>\n\t\t\t\t\t<\/div>\n\n\t\n\n\t<div id=\"col-1894793333\" class=\"col medium-8 small-12 large-8\"  >\n\t\t\t\t<div class=\"col-inner text-left\"  >\n\t\t\t\n\t\t\t\n<div class=\"row\"  id=\"row-823935130\">\n\n\n\t<div id=\"col-1882259202\" class=\"col small-12 large-12\"  >\n\t\t\t\t<div class=\"col-inner box-shadow-1\"  >\n\t\t\t\n\t\t\t\n\n<h2><strong>Bereit f\u00fcr Bali<\/strong><\/h2>\n<p><strong>\u2713 <a href=\"https:\/\/bali.com\/de\/bali\/bali-visa-indonesia-entry-regulations\/\">Visum &amp; Antrag<\/a> <\/strong>(Ein Muss)<\/p>\n<p><strong>\u2713 <a href=\"https:\/\/bali.com\/de\/bali\/reisebestimmungen-bali-indonesien\/\">All Indonesia Registrierung <\/a>\u00a0(<\/strong>Elektronische Zollanmeldung\u00a0(Zoll &amp; Gesundheit)<strong><br \/>\u2713 <a href=\"https:\/\/bali.com\/de\/bali\/bali-visa-indonesia-entry-regulations\/touristensteuer-touristenabgabe\/\">Bali Tourist Tax<\/a> (Bezahlen)<br \/>\u2713 <a href=\"https:\/\/bali.com\/de\/balicard\/\">Bali Discount Karte<\/a><\/strong>\u00a0Discount bei 200 Partnern)<br \/><strong>\u2713 <a href=\"https:\/\/bali.com\/de\/internationaler-fuehrerschein\/\">Internationaler F\u00fchrerschein Driving License<\/a><\/strong><br \/><strong>\u2713 <a href=\"https:\/\/bali.com\/de\/esim-simkarten-handy\/\">Bali eSIM Online Kaufen<\/a>\u00a0<\/strong><br \/><strong>\u2713 <a href=\"https:\/\/bali.com\/de\/bali\/hotels-resorts-villa\/\">Hotel, Villa, Resort Booking<\/a><\/strong><br \/><strong>\u2713 <a href=\"https:\/\/bali.com\/balicard\/bali-golden-trips\/\">Flughafen Shuttle<\/a><\/strong><br \/><strong>\u2713 <a href=\"https:\/\/bali.com\/guide-to-moving-and-living-in-bali\/medical-insurance-health-indonesia\/\">Reisekrankenversicherung<\/a><\/strong><strong><br \/>\u2713 <a href=\"https:\/\/bali.com\/de\/mottorrad-roller-mieten-bikago\/\">Roller Mieten<\/a><\/strong><br \/><br \/><\/p>\n\n\t\t<\/div>\n\t\t\t\t\n<style>\n#col-1882259202 > .col-inner {\n  padding: 20px 30px 20px 30px;\n  border-radius: 21px;\n}\n<\/style>\n\t<\/div>\n\n\t\n\n\n<style>\n#row-823935130 > .col > .col-inner {\n  background-color: rgb(235, 235, 235);\n}\n<\/style>\n<\/div>\n\t\t<\/div>\n\t\t\t\t\t<\/div>\n\n\t\n<\/div>\n\t\t<\/div>\n\n\t\t\n<style>\n#section_727469835 {\n  padding-top: 30px;\n  padding-bottom: 30px;\n}\n<\/style>\n\t<\/section>\n\t\n<span class=\"scroll-to\" data-label=\"Scroll to: #details\" data-bullet=\"false\" data-link=\"#details\" data-title=\"details\"><a name=\"details\"><\/a><\/span>\n<span class=\"scroll-to\" data-label=\"Scroll to: #faq\" data-bullet=\"true\" data-link=\"#faq\" data-title=\"faq\"><a name=\"faq\"><\/a><\/span>\n\t<div id=\"gap-280320075\" class=\"gap-element clearfix\" style=\"display:block; height:auto;\">\n\t\t\n<style>\n#gap-280320075 {\n  padding-top: 30px;\n}\n<\/style>\n\t<\/div>\n\t\n\n\t<section class=\"section\" id=\"section_186292973\">\n\t\t<div class=\"section-bg fill\" >\n\t\t\t\t\t\t\t\t\t\n\t\t\t\n\n\t\t<\/div>\n\n\t\t\n\n\t\t<div class=\"section-content relative\">\n\t\t\t\n\n\t<section class=\"section\" id=\"section_1525835553\">\n\t\t<div class=\"section-bg fill\" >\n\t\t\t\t\t\t\t\t\t\n\t\t\t\n\t<div class=\"is-border\"\n\t\tstyle=\"border-color:rgb(205, 205, 205);border-width:2px 2px 2px 2px;\">\n\t<\/div>\n\n\t\t<\/div>\n\n\t\t\n\n\t\t<div class=\"section-content relative\">\n\t\t\t\n\n<div class=\"row\"  id=\"row-975660753\">\n\n\n\t<div id=\"col-1963679844\" class=\"col small-12 large-12\"  >\n\t\t\t\t<div class=\"col-inner\"  >\n\t\t\t\n\t\t\t\n\n<h1>Aktualisierte Reisebestimmungen und Anforderungen f\u00fcr Bali \/ Indonesien & Tipps vor Ihrer Ankunft<\/h1>\n<h3 class=\"accordion_title\">FAQ - Wissenswertes vor der Ankunft in Bali<\/h3><div class=\"accordion\">\n\n\t<div id=\"accordion-277766286\" class=\"accordion-item\">\n\t\t<a id=\"accordion-277766286-label\" class=\"accordion-title plain\" href=\"#accordion-item-ben\u00f6tige-ich-ein-visum-f\u00fcr-bali?\" aria-expanded=\"false\" aria-controls=\"accordion-277766286-content\">\n\t\t\t<button class=\"toggle\" aria-label=\"Umschalten\"><i class=\"fa-solid fa-caret-down\" aria-hidden=\"true\"><\/i><\/button>\n\t\t\t<span>Ben\u00f6tige ich ein Visum f\u00fcr Bali?<\/span>\n\t\t<\/a>\n\t\t<div id=\"accordion-277766286-content\" class=\"accordion-inner\" aria-labelledby=\"accordion-277766286-label\">\n\t\t\t\n\n<p class=\"lead\"><strong>Deutsche, Schweizer und \u00d6sterreicher ben\u00f6tigen derzeit ein Touristenvisum um nach Indonesien einzureisen. <\/strong><\/p>\n<p class=\"lead\">Deutsche, \u00d6sterreicher und Schweizer ben\u00f6tigen jedoch lediglich ein einfaches \"B1 Visa on Arrival\", das 30 Tage g\u00fcltig ist. Mehr Infos wie Sie das Visum beantragen k\u00f6nnen:<\/p>\n<a href=\"https:\/\/bali.com\/de\/bali\/bali-visa-indonesia-entry-regulations\/\" class=\"button primary is-outline\" >\n\t\t<span>Bali Visa-Anforderungen<\/span>\n\t<\/a>\n\n\n\n\t\t<\/div>\n\t<\/div>\n\t\n\t<div id=\"accordion-1671837691\" class=\"accordion-item\">\n\t\t<a id=\"accordion-1671837691-label\" class=\"accordion-title plain\" href=\"#accordion-item-wie-lange-muss-mein-reisepass-g\u00fcltig-sein,-um-nach-bali-reisen-zu-k\u00f6nnen?-muss-mein-reisepass-bestimmte-anforderungen-erf\u00fcllen?\" aria-expanded=\"false\" aria-controls=\"accordion-1671837691-content\">\n\t\t\t<button class=\"toggle\" aria-label=\"Umschalten\"><i class=\"fa-solid fa-caret-down\" aria-hidden=\"true\"><\/i><\/button>\n\t\t\t<span>Wie lange muss mein Reisepass g\u00fcltig sein, um nach Bali reisen zu k\u00f6nnen? Muss mein Reisepass bestimmte Anforderungen erf\u00fcllen?<\/span>\n\t\t<\/a>\n\t\t<div id=\"accordion-1671837691-content\" class=\"accordion-inner\" aria-labelledby=\"accordion-1671837691-label\">\n\t\t\t\n\n<h3><strong>Ja.<\/strong><\/h3>\n<ul>\n<li><strong>Reisepass,<\/strong> muss <strong>mindestens 6 Monate<\/strong> ab dem Tag der Ankunft g\u00fcltig sein. <strong>Keine Ausnahmen,<\/strong> sonst werden Sie zur\u00fcckgeschickt! Stellen Sie sicher, dass Ihr Reisepass g\u00fcltig ist.<\/li>\n<li>Der Reisepass muss mindestens <strong>eine leere Seite<\/strong> haben.<\/li>\n<li>Der Reisepass muss in gutem Zustand sein. Zerrissene oder sehr abgenutzte P\u00e4sse k\u00f6nnten abgelehnt werden. Es gibt Reisende, denen die Einreise nach Indonesien verweigert und die zur\u00fcckgeschickt wurden, weil der Reisepass in schlechtem Zustand war<\/li>\n<\/ul>\n<p><a href=\"https:\/\/bali.com\/bali\/travel-guide\/practical-tips-must-know\/passport-requirements\/\"><strong>Details zu den Reisepassanforderungen<\/strong><\/a><\/p>\n\n\t\t<\/div>\n\t<\/div>\n\t\n\t<div id=\"accordion-2825579085\" class=\"accordion-item\">\n\t\t<a id=\"accordion-2825579085-label\" class=\"accordion-title plain\" href=\"#accordion-item-ben\u00f6tige-ich-ein-r\u00fcckflugticket?\" aria-expanded=\"false\" aria-controls=\"accordion-2825579085-content\">\n\t\t\t<button class=\"toggle\" aria-label=\"Umschalten\"><i class=\"fa-solid fa-caret-down\" aria-hidden=\"true\"><\/i><\/button>\n\t\t\t<span>Ben\u00f6tige ich ein R\u00fcckflugticket?<\/span>\n\t\t<\/a>\n\t\t<div id=\"accordion-2825579085-content\" class=\"accordion-inner\" aria-labelledby=\"accordion-2825579085-label\">\n\t\t\t\n\n<h3><strong>Ja, Sie ben\u00f6tigen ein R\u00fcckflugticket. <\/strong><\/h3>\n<h3><strong>Sie m\u00fcssen es m\u00f6glicherweise nicht am Einwanderungsschalter vorzeigen, aber es k\u00f6nnte passieren.<\/strong><\/h3>\n<ul>\n<li><strong>R\u00fcckflugticket<\/strong> - Fluggesellschaften und auch die Einwanderungsbeh\u00f6rden k\u00f6nnen darauf bestehen, dass Sie ein R\u00fcckflugticket haben, das innerhalb der G\u00fcltigkeitsdauer Ihres Visums liegt.<\/li>\n<\/ul>\n\n\t\t<\/div>\n\t<\/div>\n\t\n\t<div id=\"accordion-3441102356\" class=\"accordion-item\">\n\t\t<a id=\"accordion-3441102356-label\" class=\"accordion-title plain\" href=\"#accordion-item-muss-ich-ein-zolldeklarationsformular-f\u00fcr-indonesien-ausf\u00fcllen?\" aria-expanded=\"false\" aria-controls=\"accordion-3441102356-content\">\n\t\t\t<button class=\"toggle\" aria-label=\"Umschalten\"><i class=\"fa-solid fa-caret-down\" aria-hidden=\"true\"><\/i><\/button>\n\t\t\t<span>Muss ich ein Zolldeklarationsformular f\u00fcr Indonesien ausf\u00fcllen?<\/span>\n\t\t<\/a>\n\t\t<div id=\"accordion-3441102356-content\" class=\"accordion-inner\" aria-labelledby=\"accordion-3441102356-label\">\n\t\t\t\n\n<h3><strong>Ja.<\/strong><\/h3>\n<ul>\n<li><strong>F\u00fcllen Sie das ONLINE Zolldeklarationsformular am besten vor der Ankunft in Bali aus. So k\u00f6nnen Sie <\/strong><strong>ZEIT AM FLUGHAFEN SPAREN<\/strong>. Dies ist der Link zum Online-Formular: <strong><a href=\"https:\/\/ecd.beacukai.go.id\" target=\"_blank\" rel=\"noopener\">E-CD (Elektronische Zollerkl\u00e4rung)<\/a><\/strong><\/li>\n<li>Das Formular kann 72 Stunden vor Ihrer Ankunft ausgef\u00fcllt werden. Nicht fr\u00fcher.<\/li>\n<li>Nach dem Ausf\u00fcllen des Online-Formulars erhalten Sie einen QR-Code, der von den Beamten gescannt wird, nachdem Sie Ihr Gep\u00e4ck abgeholt haben, kurz bevor Sie das Flughafengeb\u00e4ude verlassen.<\/li>\n<\/ul>\n\n\t\t<\/div>\n\t<\/div>\n\t\n\t<div id=\"accordion-1184792148\" class=\"accordion-item\">\n\t\t<a id=\"accordion-1184792148-label\" class=\"accordion-title plain\" href=\"#accordion-item-wie-viel-bargeld-kann-ich-nach-indonesien-mitbringen?\" aria-expanded=\"false\" aria-controls=\"accordion-1184792148-content\">\n\t\t\t<button class=\"toggle\" aria-label=\"Umschalten\"><i class=\"fa-solid fa-caret-down\" aria-hidden=\"true\"><\/i><\/button>\n\t\t\t<span>Wie viel Bargeld kann ich nach Indonesien mitbringen?<\/span>\n\t\t<\/a>\n\t\t<div id=\"accordion-1184792148-content\" class=\"accordion-inner\" aria-labelledby=\"accordion-1184792148-label\">\n\t\t\t\n\n<p><span data-preserver-spaces=\"true\">Bringen Sie nicht mehr als den Gegenwert von IDR 100.000.000 Bargeld ins Land. Andernfalls m\u00fcssen Sie es deklarieren und Steuern zahlen.<\/span><\/p>\n\n\t\t<\/div>\n\t<\/div>\n\t\n\t<div id=\"accordion-330146576\" class=\"accordion-item\">\n\t\t<a id=\"accordion-330146576-label\" class=\"accordion-title plain\" href=\"#accordion-item-muss-ich-die-touristensteuer-zahlen?-was-ist-die-touristensteuer-f\u00fcr-internationale-reisende-und-wie-kann-ich-sie-bezahlen?\" aria-expanded=\"false\" aria-controls=\"accordion-330146576-content\">\n\t\t\t<button class=\"toggle\" aria-label=\"Umschalten\"><i class=\"fa-solid fa-caret-down\" aria-hidden=\"true\"><\/i><\/button>\n\t\t\t<span>Muss ich die Touristensteuer zahlen? Was ist die Touristensteuer f\u00fcr internationale Reisende und wie kann ich sie bezahlen?<\/span>\n\t\t<\/a>\n\t\t<div id=\"accordion-330146576-content\" class=\"accordion-inner\" aria-labelledby=\"accordion-330146576-label\">\n\t\t\t\n\n<h3><strong>Die neue Touristensteuer ist seit dem 14. Februar 2024 wirksam (Touristenabgabe f\u00fcr INTERNATIONALE Besucher)<\/strong><\/h3>\n<ul>\n<li>Die Geb\u00fchr betr\u00e4gt IDR 150.000 pro Person (ca. USD 10 und AUD 15)<\/li>\n<li><b>Die Touristensteuer (Abgabe) ist eine lokale Steuer, die von der Regierung der Verwaltung Balis eingef\u00fchrt wurde. Sie bezieht sich nur auf Bali und nicht auf Indonesien<\/b><\/li>\n<li>Seien Sie vorsichtig mit Betr\u00fcger-Webseiten, die seit der Einf\u00fchrung der Steuer wie Pilze aus dem Boden geschossen sind.<\/li>\n<\/ul>\n<p><strong>F\u00fcr den offiziellen Link zur Steuerzahlung und weitere Informationen zu Zahlungspflichtigen, Ausnahmen klicken Sie bitte hier:<\/strong><\/p>\n<a href=\"https:\/\/bali.com\/de\/touristensteuer-touristenabgabe\/\" class=\"button primary\" >\n\t\t<span>Touristensteuer<\/span>\n\t<\/a>\n\n\n\n\t\t<\/div>\n\t<\/div>\n\t\n\t<div id=\"accordion-1579703874\" class=\"accordion-item\">\n\t\t<a id=\"accordion-1579703874-label\" class=\"accordion-title plain\" href=\"#accordion-item-ben\u00f6tige-ich-einen-internationalen-f\u00fchrerschein,-um-einen-roller-oder-ein-motorrad-zu-mieten?\" aria-expanded=\"false\" aria-controls=\"accordion-1579703874-content\">\n\t\t\t<button class=\"toggle\" aria-label=\"Umschalten\"><i class=\"fa-solid fa-caret-down\" aria-hidden=\"true\"><\/i><\/button>\n\t\t\t<span>Ben\u00f6tige ich einen Internationalen F\u00fchrerschein, um einen Roller oder ein Motorrad zu mieten?<\/span>\n\t\t<\/a>\n\t\t<div id=\"accordion-1579703874-content\" class=\"accordion-inner\" aria-labelledby=\"accordion-1579703874-label\">\n\t\t\t\n\n<h3><strong>Ja. Das ist jetzt eine VERPFLICHTENDE Anforderung wenn Sie einen Motorroller oder Motorrad mieten wollen<\/strong><\/h3>\n<ul>\n<li>Bringen Sie Ihren internationalen F\u00fchrerschein mit (wenn Sie einen Roller mieten m\u00f6chten). Wenn Sie keinen haben und ihn in Ihrem Heimatland nicht bekommen k\u00f6nnen, k\u00f6nnen Sie hier von unserem akkreditierten Partner in Singapur eine digitale oder gedruckte Version erhalten (Lieferung in Bali):<\/li>\n<\/ul>\n<h3><strong><a href=\"https:\/\/bali.com\/de\/internationaler-fuehrerschein\/\">Bestellen Sie Ihren Internationalen F\u00fchrerschein online hier<\/a><\/strong><\/h3>\n\n\t\t<\/div>\n\t<\/div>\n\t\n\t<div id=\"accordion-1407035591\" class=\"accordion-item\">\n\t\t<a id=\"accordion-1407035591-label\" class=\"accordion-title plain\" href=\"#accordion-item-kann-ich-eine-touristen-esim-karte-online-bestellen,-bevor-ich-ankomme?\" aria-expanded=\"false\" aria-controls=\"accordion-1407035591-content\">\n\t\t\t<button class=\"toggle\" aria-label=\"Umschalten\"><i class=\"fa-solid fa-caret-down\" aria-hidden=\"true\"><\/i><\/button>\n\t\t\t<span>Kann ich eine Touristen eSIM-Karte online bestellen, bevor ich ankomme?<\/span>\n\t\t<\/a>\n\t\t<div id=\"accordion-1407035591-content\" class=\"accordion-inner\" aria-labelledby=\"accordion-1407035591-label\">\n\t\t\t\n\n<h3><strong>Ja, Sie k\u00f6nnen eine eSIM f\u00fcr Bali online bestellen un bei Ankunft aktivieren. <\/strong><\/h3>\n<p><strong>Unser Partner bietet eSIM, die Sie online bestellen k\u00f6nnen. So k\u00f6nnen Sie sich schnell mit dem Internet verbinden sobald Sie ankommen.<\/strong><\/p>\n<p><a href=\"https:\/\/bali.com\/simcards-esim\/\"><strong>Online bestellen<\/strong><\/a><\/p>\n<p><strong>Wenn Sie unsere digitale Rabattkarte f\u00fcr Bali kaufen, unsere BaliCard, erhalten Sie eine GRATIS 1GB eSIM, die Sie dann nach Bedarf aufladen k\u00f6nnen.<\/strong><\/p>\n<h3><a href=\"https:\/\/bali.com\/de\/balicard\/\">BALICARD &amp; Freie SIM-Karte<\/a><\/h3>\n\n\t\t<\/div>\n\t<\/div>\n\t\n\t<div id=\"accordion-2243291376\" class=\"accordion-item\">\n\t\t<a id=\"accordion-2243291376-label\" class=\"accordion-title plain\" href=\"#accordion-item-ben\u00f6tige-ich-eine-medizinische-reisekrankenversicherung?\" aria-expanded=\"false\" aria-controls=\"accordion-2243291376-content\">\n\t\t\t<button class=\"toggle\" aria-label=\"Umschalten\"><i class=\"fa-solid fa-caret-down\" aria-hidden=\"true\"><\/i><\/button>\n\t\t\t<span>Ben\u00f6tige ich eine medizinische Reisekrankenversicherung?<\/span>\n\t\t<\/a>\n\t\t<div id=\"accordion-2243291376-content\" class=\"accordion-inner\" aria-labelledby=\"accordion-2243291376-label\">\n\t\t\t\n\n<h3><strong>Eine Reisekrankenversicherung ist NICHT mehr obligatorisch f\u00fcr die Einreise nach Indonesien.<\/strong><\/h3>\n<p>Es ist jedoch ratsam, eine zu haben. Unf\u00e4lle passieren in Bali und wenn Sie nicht richtig versichert sind, k\u00f6nnen Krankenh\u00e4user und \u00c4rzte eine Barzahlung verlangen und die Behandlung verweigern. Die gesetzliche Krankenversicherung bietet auch Versicherungsschutz bei Urlaubsreisen ins Ausland. Erkundigen sich vorab bei Ihrer Krankenversicherung, ob die Leistungen f\u00fcr Ihre Reise ausreichend sind.<\/p>\n<h3>Haben Sie keine Reisekrankenversicherung?<\/h3>\n<p><strong>Eine geeignete Reisekrankenversicherung k\u00f6nnen Sie hier abschliessen:\u00a0<\/strong><\/p>\n<ul>\n<li>f\u00fcr 4 Wochen oder l\u00e4nger<\/li>\n<\/ul>\n<p><a href=\"https:\/\/safetywing.com\/nomad-insurance\/pricing?referenceID=24858588&amp;utm_source=24858588&amp;utm_medium=Ambassador\" target=\"_blank\" rel=\"noopener\"><strong>Info, Preise &amp; Anmeldung<\/strong><\/a><\/p>\n\n\t\t<\/div>\n\t<\/div>\n\t\n\t<div id=\"accordion-2887495048\" class=\"accordion-item\">\n\t\t<a id=\"accordion-2887495048-label\" class=\"accordion-title plain\" href=\"#accordion-item-gibt-es-gen\u00fcgend-internationale-fl\u00fcge-nach-bali?\" aria-expanded=\"false\" aria-controls=\"accordion-2887495048-content\">\n\t\t\t<button class=\"toggle\" aria-label=\"Umschalten\"><i class=\"fa-solid fa-caret-down\" aria-hidden=\"true\"><\/i><\/button>\n\t\t\t<span>Gibt es gen\u00fcgend internationale Fl\u00fcge nach Bali?<\/span>\n\t\t<\/a>\n\t\t<div id=\"accordion-2887495048-content\" class=\"accordion-inner\" aria-labelledby=\"accordion-2887495048-label\">\n\t\t\t\n\n<p><b>JA. Der Flughafen Bali (Denpasar DPS) ist international sehr gut angebunden. <\/b><\/p>\n<p>Viele Billig- und internationale Fluggesellschaften betreiben Fl\u00fcge nach Bali. Qatar Airways, Emirates, Singapore Airline, KLM, Turkish Airline und viele andere bieten Fl\u00fcge nach Bali \/ Denpasar DPS an. Wobei normalerweise ein Stop-over zu ber\u00fccksichtigen ist, (Doha, Dubai, Jakarta, Kuala Lumpur, Istanbul, Amsterdam, Singapur etc).\u00a0<\/p>\n<p><strong><a href=\"https:\/\/bali.com\/flights\">G\u00fcnstige Fl\u00fcge nach Bali vergleichen und buchen<\/a><\/strong><\/p>\n<a href=\"https:\/\/bali.com\/flights\/\" class=\"button primary\" >\n\t\t<span>Fl\u00fcge nach Bali<\/span>\n\t<\/a>\n\n\n\n\t\t<\/div>\n\t<\/div>\n\t\n\t<div id=\"accordion-3761626363\" class=\"accordion-item\">\n\t\t<a id=\"accordion-3761626363-label\" class=\"accordion-title plain\" href=\"#accordion-item-macht-es-sinn,-\u00fcber-jakarta-nach-bali-zu-reisen?\" aria-expanded=\"false\" aria-controls=\"accordion-3761626363-content\">\n\t\t\t<button class=\"toggle\" aria-label=\"Umschalten\"><i class=\"fa-solid fa-caret-down\" aria-hidden=\"true\"><\/i><\/button>\n\t\t\t<span>Macht es Sinn, \u00fcber Jakarta nach Bali zu reisen?<\/span>\n\t\t<\/a>\n\t\t<div id=\"accordion-3761626363-content\" class=\"accordion-inner\" aria-labelledby=\"accordion-3761626363-label\">\n\t\t\t\n\n<p>Es kann erheblich g\u00fcnstiger sein, je nachdem, in welcher Saison Sie reisen m\u00f6chten.<\/p>\n<p>Wenn Sie keinen Flug nach Bali bekommen oder es zu teuer f\u00fcr Sie ist, k\u00f6nnen Sie die M\u00f6glichkeit pr\u00fcfen, einen Flug nach Jakarta zu buchen und dann am selben Tag einen Inlandsflug nach Bali zu nehmen. <br \/><strong>Airlines wie Citilink, Batik Air, Air Asia, Lion Air und Garuda fliegen mehrmals t\u00e4glich nach Bali. Ticketpreis einfach: 50-150USD.<\/strong><\/p>\n<p>Wenn Sie sich entscheiden, zuerst nach Jakarta zu reisen, ist es gut, mindestens 4 Stunden Unterschied zwischen Ihrer Ankunft in Jakarta und dem n\u00e4chsten Flug nach Bali zu haben. Denn Sie m\u00fcssen durch die Einwanderung gehen, Ihr Gep\u00e4ck abholen und dann zum Terminal gehen, um Ihren Inlandsflug zu erreichen.<\/p>\n\n\t\t<\/div>\n\t<\/div>\n\t\n\t<div id=\"accordion-2138152624\" class=\"accordion-item\">\n\t\t<a id=\"accordion-2138152624-label\" class=\"accordion-title plain\" href=\"#accordion-item-gibt-es-noch-irgendwelche-covid-bezogenen-regelungen,-die-befolgt-werden-m\u00fcssen?\" aria-expanded=\"false\" aria-controls=\"accordion-2138152624-content\">\n\t\t\t<button class=\"toggle\" aria-label=\"Umschalten\"><i class=\"fa-solid fa-caret-down\" aria-hidden=\"true\"><\/i><\/button>\n\t\t\t<span>Gibt es noch irgendwelche Covid-bezogenen Regelungen, die befolgt werden m\u00fcssen?<\/span>\n\t\t<\/a>\n\t\t<div id=\"accordion-2138152624-content\" class=\"accordion-inner\" aria-labelledby=\"accordion-2138152624-label\">\n\t\t\t\n\n<h3><strong>NEIN. Alle Anforderungen wurden aufgehoben.<\/strong><\/h3>\n<p><span style=\"font-size: 100%;\">Seit dem 9. Juni 2023 m\u00fcssen Reisende keinen Impfnachweis mehr vorzeigen. Die indonesische Regierung \"empfiehlt\" jedoch, vollst\u00e4ndig geimpft zu sein.<\/span><\/p>\n<hr \/>\n<p><strong><a href=\"https:\/\/bali.com\/wp-content\/uploads\/docs\/satgas-covid-2023-1-no-vaccination-certificate.pdf\">Link zur offiziellen Erkl\u00e4rung der Regierung (auf Bahasa Indonesia).<\/a><\/strong><\/p>\n\n\t\t<\/div>\n\t<\/div>\n\t\n\n<\/div>\n\n\t\t<\/div>\n\t\t\t\t\t<\/div>\n\n\t\n\n<\/div>\n\n\t\t<\/div>\n\n\t\t\n<style>\n#section_1525835553 {\n  padding-top: 30px;\n  padding-bottom: 30px;\n  background-color: rgb(255, 255, 255);\n}\n<\/style>\n\t<\/section>\n\t\n\t\t<\/div>\n\n\t\t\n<style>\n#section_186292973 {\n  padding-top: 30px;\n  padding-bottom: 30px;\n  background-color: rgb(244, 244, 244);\n}\n<\/style>\n\t<\/section>\n\t\n","protected":false},"excerpt":{"rendered":"","protected":false},"author":1,"featured_media":25253,"parent":17065,"menu_order":5,"comment_status":"closed","ping_status":"closed","template":"page-transparent-header-light.php","meta":{"_acf_changed":false,"_seopress_robots_primary_cat":"0","_seopress_titles_title":"Bali Einreisebestimmungen 2023 | Anforderungen, Online Visum, COVID","_seopress_titles_desc":"Einreisebestimmungen f\u00fcr Bali, Indonesien. Visapflicht und Visabestimmungen, Online-Visum und e-Visum (VoA, B211A Business, Social, Budaya), Visa on Arrival online und am Flughafen","_seopress_robots_index":"","footnotes":""},"categories":[844],"tags":[],"class_list":["post-15230","page","type-page","status-publish","has-post-thumbnail","hentry","category-praktische-tips"],"acf":[],"_links":{"self":[{"href":"https:\/\/bali.com\/de\/wp-json\/wp\/v2\/pages\/15230","targetHints":{"allow":["GET"]}}],"collection":[{"href":"https:\/\/bali.com\/de\/wp-json\/wp\/v2\/pages"}],"about":[{"href":"https:\/\/bali.com\/de\/wp-json\/wp\/v2\/types\/page"}],"author":[{"embeddable":true,"href":"https:\/\/bali.com\/de\/wp-json\/wp\/v2\/users\/1"}],"replies":[{"embeddable":true,"href":"https:\/\/bali.com\/de\/wp-json\/wp\/v2\/comments?post=15230"}],"version-history":[{"count":0,"href":"https:\/\/bali.com\/de\/wp-json\/wp\/v2\/pages\/15230\/revisions"}],"up":[{"embeddable":true,"href":"https:\/\/bali.com\/de\/wp-json\/wp\/v2\/pages\/17065"}],"wp:featuredmedia":[{"embeddable":true,"href":"https:\/\/bali.com\/de\/wp-json\/wp\/v2\/media\/25253"}],"wp:attachment":[{"href":"https:\/\/bali.com\/de\/wp-json\/wp\/v2\/media?parent=15230"}],"wp:term":[{"taxonomy":"category","embeddable":true,"href":"https:\/\/bali.com\/de\/wp-json\/wp\/v2\/categories?post=15230"},{"taxonomy":"post_tag","embeddable":true,"href":"https:\/\/bali.com\/de\/wp-json\/wp\/v2\/tags?post=15230"}],"curies":[{"name":"wp","href":"https:\/\/api.w.org\/{rel}","templated":true}]}}