{"id":279745,"date":"2020-08-20T17:46:07","date_gmt":"2020-08-20T09:46:07","guid":{"rendered":"https:\/\/bali.com\/bali\/travel-guide\/"},"modified":"2025-01-30T11:25:03","modified_gmt":"2025-01-30T03:25:03","slug":"reisefuehrer","status":"publish","type":"page","link":"https:\/\/bali.com\/de\/bali\/reisefuehrer\/","title":{"rendered":"Bali Reisef\u00fchrer &#8211; Travel Guide (de)"},"content":{"rendered":"\t<div id=\"gap-1360271281\" class=\"gap-element clearfix hide-for-small\" style=\"display:block; height:auto;\">\n\t\t\n<style>\n#gap-1360271281 {\n  padding-top: 130px;\n}\n<\/style>\n\t<\/div>\n\t\n\t<div id=\"gap-351187610\" class=\"gap-element clearfix show-for-small\" style=\"display:block; height:auto;\">\n\t\t\n<style>\n#gap-351187610 {\n  padding-top: 80px;\n}\n@media (min-width:550px) {\n  #gap-351187610 {\n    padding-top: 130px;\n  }\n}\n<\/style>\n\t<\/div>\n\t\n\n  <div class=\"banner has-hover\" id=\"banner-106413957\">\n          <div class=\"banner-inner fill\">\n        <div class=\"banner-bg fill\" >\n            <img loading=\"lazy\" decoding=\"async\" width=\"1280\" height=\"854\" src=\"https:\/\/bali.com\/wp-content\/uploads\/2022\/02\/lombok-surf-1280.jpg\" class=\"bg attachment-original size-original\" alt=\"lombok surf\" \/>                        <div class=\"overlay\"><\/div>            \n                    <\/div>\n\t\t\n        <div class=\"banner-layers container\">\n            <div class=\"fill banner-link\"><\/div>            \n   <div id=\"text-box-1646091302\" class=\"text-box banner-layer x50 md-x50 lg-x50 y50 md-y50 lg-y50 res-text\">\n              <div data-parallax=\"-1\" data-parallax-fade=\"true\">       <div data-animate=\"bounceIn\">           <div class=\"text-box-content text dark\">\n              \n              <div class=\"text-inner text-center\">\n                  \n<h1 class=\"uppercase\"><span style=\"font-size: 100%;\">Bali Reisef\u00fchrer<\/span><\/h1>\n<h3>Was Sie \u00fcber Bali wissen sollten<\/h3>\n              <\/div>\n           <\/div>\n       <\/div>       <\/div>              \n<style>\n#text-box-1646091302 {\n  width: 90%;\n}\n#text-box-1646091302 .text-box-content {\n  font-size: 100%;\n}\n@media (min-width:550px) {\n  #text-box-1646091302 {\n    width: 87%;\n  }\n}\n<\/style>\n    <\/div>\n \n        <\/div>\n      <\/div>\n\n            \n<style>\n#banner-106413957 {\n  padding-top: 99.99%;\n}\n#banner-106413957 .overlay {\n  background-color: rgba(0,0,0,0.244);\n}\n#banner-106413957 .banner-bg img {\n  object-position: 69% 33%;\n}\n@media (min-width:550px) {\n  #banner-106413957 {\n    padding-top: 40.25%;\n  }\n}\n<\/style>\n  <\/div>\n\n\n\n\t<section class=\"section\" id=\"section_1013821020\">\n\t\t<div class=\"section-bg fill\" >\n\t\t\t\t\t\t\t\t\t\n\t\t\t\n\n\t\t<\/div>\n\n\t\t\n\n\t\t<div class=\"section-content relative\">\n\t\t\t\n\t<div id=\"gap-9952572\" class=\"gap-element clearfix\" style=\"display:block; height:auto;\">\n\t\t\n<style>\n#gap-9952572 {\n  padding-top: 30px;\n}\n<\/style>\n\t<\/div>\n\t\n<div class=\"row\"  id=\"row-863620880\">\n\n\t<div id=\"col-1723412244\" class=\"col small-12 large-12\"  >\n\t\t\t\t<div class=\"col-inner dark\"  >\n\t\t\t\n\t\t\t\n<h2 style=\"text-align: center;\"><em>\u201eBali kennen viele, aber nur wenige verstehen die Insel der G\u00f6tter\u201c<\/em><\/h2>\n\t\t<\/div>\n\t\t\t\t\t<\/div>\n\n\t\n<\/div>\n\t\t<\/div>\n\n\t\t\n<style>\n#section_1013821020 {\n  padding-top: 0px;\n  padding-bottom: 0px;\n  background-color: #111111;\n}\n<\/style>\n\t<\/section>\n\t\n\n\t<section class=\"section\" id=\"section_838356637\">\n\t\t<div class=\"section-bg fill\" >\n\t\t\t\t\t\t\t\t\t\n\t\t\t\n\n\t\t<\/div>\n\n\t\t\n\n\t\t<div class=\"section-content relative\">\n\t\t\t\n<div class=\"row align-center\"  id=\"row-5603994\">\n\n\t<div id=\"col-516372225\" class=\"col medium-6 small-12 large-6\"  >\n\t\t\t\t<div class=\"col-inner text-center\"  >\n\t\t\t\n\t\t\t\n\t<div id=\"text-2962125179\" class=\"text\">\n\t\t\n<h1>Bali Reisef\u00fchrer<\/h1>\n<h3>Tipps &amp; Fakten, die Ihnen bei der Reiseplanung helfen<\/h3>\n<p>Ein paar Dinge \u00fcber Bali zu wissen, bevor man ankommt, macht den Unterschied, ob man den Urlaub erlebt, den man sich erhofft oder entt\u00e4uscht wird.<\/p>\n<p>Denn, Bali ver\u00e4ndert sich st\u00e4ndig und befindet sich im konstanten Wandel. Und wie der Rest Indonesiens steht es vor den gleichen Herausforderungen und Chancen wie jedes andere Entwicklungsland.<\/p>\n<p>Obwohl Bali sehr sicher und einfach zu bereisen ist, funktionieren viele Dinge vielleicht nicht so, wie man es von zu Hause gewohnt sind. Aber das ist auch Teil des Abenteuers?<\/p>\n\t\t\n<style>\n#text-2962125179 {\n  text-align: left;\n}\n<\/style>\n\t<\/div>\n\t\n\t\t<\/div>\n\t\t\t\t\n<style>\n#col-516372225 > .col-inner {\n  padding: 40px 0px 0px 0px;\n}\n<\/style>\n\t<\/div>\n\n\t\n\n\t<div id=\"col-1065424198\" class=\"col medium-6 small-12 large-6\"  >\n\t\t\t\t<div class=\"col-inner\"  >\n\t\t\t\n\t\t\t\n\n\t<section class=\"section\" id=\"section_1879042838\">\n\t\t<div class=\"section-bg fill\" >\n\t\t\t\t\t\t\t\t\t\n\t\t\t\n\t<div class=\"is-border\"\n\t\tstyle=\"border-width:3px 3px 3px 3px;\">\n\t<\/div>\n\n\t\t<\/div>\n\n\t\t\n\n\t\t<div class=\"section-content relative\">\n\t\t\t\n\n<div class=\"row\"  id=\"row-607077697\">\n\n\n\t<div id=\"col-838890627\" class=\"col small-12 large-12\"  >\n\t\t\t\t<div class=\"col-inner text-center\"  >\n\t\t\t\n\t\t\t\n\n\t<div class=\"img has-hover x md-x lg-x y md-y lg-y\" id=\"image_1578305272\">\n\t\t\t\t\t\t\t\t<div class=\"img-inner dark\" >\n\t\t\t<img loading=\"lazy\" decoding=\"async\" width=\"952\" height=\"425\" src=\"https:\/\/bali.com\/wp-content\/uploads\/2023\/11\/balicard-logo-900.webp\" class=\"attachment-original size-original\" alt=\"balicard logo\" srcset=\"https:\/\/bali.com\/wp-content\/uploads\/2023\/11\/balicard-logo-900.webp 952w, https:\/\/bali.com\/wp-content\/uploads\/2023\/11\/balicard-logo-900-510x228.webp 510w, https:\/\/bali.com\/wp-content\/uploads\/2023\/11\/balicard-logo-900-768x343.webp 768w\" sizes=\"auto, (max-width: 952px) 100vw, 952px\" \/>\t\t\t\t\t\t\n\t\t\t\t\t<\/div>\n\t\t\t\t\t\t\t\t\n<style>\n#image_1578305272 {\n  width: 80%;\n}\n@media (min-width:550px) {\n  #image_1578305272 {\n    width: 23%;\n  }\n}\n<\/style>\n\t<\/div>\n\t\n\n<h2 style=\"text-align: center;\"><span style=\"font-size: 90%;\"><strong>Die Bali.com Digitale Discount Karte<\/strong><\/span><\/h2>\n<h3 style=\"text-align: center;\"><strong><span style=\"font-size: 100%;\">Handverlesene Partner - Rabatte &amp; Qualit\u00e4t\u00a0<\/span><\/strong><\/h3>\n<p><strong>Waterbom, Unterk\u00fcnfte, Auto mieten, Rafting, Canyoning, e-Biking, Trekking &amp; Sightseeing Tourem, Spas &amp; Fitness, Restaurants, ATV, Swings, Scuba Diving, Tanz Shows, Kochkurse, Airport Transfer....<\/strong><\/p>\n<h3 style=\"text-align: center;\"><span data-text-color=\"alert\"><strong>Gratis 1GB eSIM inklusive!<\/strong><\/span><\/h3>\n<a href=\"https:\/\/bali.com\/de\/balicard\/\" class=\"button success\" >\n\t\t<span>Info &amp; Prices<\/span>\n\t<\/a>\n\n\n\n\t\t<\/div>\n\t\t\t\t\t<\/div>\n\n\t\n\n<\/div>\n\n\t\t<\/div>\n\n\t\t\n<style>\n#section_1879042838 {\n  padding-top: 5px;\n  padding-bottom: 5px;\n  background-color: rgb(244, 243, 243);\n}\n<\/style>\n\t<\/section>\n\t\n\t\t<\/div>\n\t\t\t\t\t<\/div>\n\n\t\n\n\t<div id=\"col-1104028522\" class=\"col small-12 large-12\"  >\n\t\t\t\t<div class=\"col-inner\"  >\n\t\t\t\n\t\t\t\n<p>Man m\u00f6chte aber auch nicht die falschen Entscheidungen treffen. Das falsche Hotel, das falsche Reiseziel, zu laut, zu ruhig, zu weit weg, zu Nahe, kein Transport, Betrugsmaschen&#8230;man kann auf Bali leicht ins Fettn\u00e4pfchen treten.<\/p>\n<p>Man muss sich ein wenig auf Bali vorbereiten und die Insel verstehen. Nehmen Sie sich f\u00fcr unsere Tipps und Hintergr\u00fcnde.etwas Zeit, damit die Reise zur Insel der G\u00f6tter auch ein voller Erfolg wird.\u00a0<\/p>\n\t\t<\/div>\n\t\t\t\t\t<\/div>\n\n\t\n<\/div>\n\t\t<\/div>\n\n\t\t\n<style>\n#section_838356637 {\n  padding-top: 30px;\n  padding-bottom: 30px;\n}\n<\/style>\n\t<\/section>\n\t\n\n\n\t<section class=\"section\" id=\"section_1681532203\">\n\t\t<div class=\"section-bg fill\" >\n\t\t\t\t\t\t\t\t\t\n\t\t\t\n\n\t\t<\/div>\n\n\t\t\n\n\t\t<div class=\"section-content relative\">\n\t\t\t\n<div class=\"row\"  id=\"row-993629271\">\n\n\t<div id=\"col-442125022\" class=\"col small-12 large-12\"  >\n\t\t\t\t<div class=\"col-inner\"  >\n\t\t\t\n\t\t\t\n<h1>Bali Travel Guide &#8211; Smarte Reiseplanung zur Insel der G\u00f6tter<\/h1>\n\t\t<\/div>\n\t\t\t\t\t<\/div>\n\n\t\n\n\t<div id=\"col-716119588\" class=\"col small-12 large-12\"  >\n\t\t\t\t<div class=\"col-inner\"  >\n\t\t\t\n\t\t\t\n\n<div id=\"ymc-smart-filter-container-1\" \r\n\t\t\t\t  class=\"ymc-smart-filter-container ymc-filter-279747 ymc-loaded-filter ymc-no-filter-layout ymc-post-layout1 ymc-pagination-scroll-infinity data-target-ymc279747-1 data-target-ymc1 \" data-loading=\"true\"\r\n\t\t\t\t  data-params='{\"cpt\":\"page\",\"tax\":\"category\",\"terms\":\"844\",\"default_terms\":\"\",\"exclude_posts\":\"off\",\"choices_posts\":\"\",\"posts_selected\":\"all\",\"preloader_icon\":\"preloader_1\",\"type_pg\":\"scroll-infinity\",\"per_page\":\"4\",\"page\":\"1\",\"page_scroll\":\"1\",\"preloader_filters\":\"none\",\"preloader_filters_rate\":\"0.5\",\"preloader_filters_custom\":\"\",\"post_animation\":\"\",\"popup_animation\":\"normal\",\"letter\":\"\",\"post_layout\":\"post-layout1\",\"filter_layout\":\"no-filter-layout\",\"filter_id\":\"279747\",\"search\":\"\",\"search_filtered_posts\":\"0\",\"sort_order\":\"\",\"sort_orderby\":\"\",\"meta_key\":\"\",\"meta_query\":\"\",\"date_query\":\"\",\"data_target\":\"data-target-ymc1\",\"target_id\":\"1\"}'><style id=\"post-inline-css-1\">\r\n#ymc-smart-filter-container-1 .container-posts .post-entry {}\r\n#ymc-smart-filter-container-1 .container-posts .post-entry .ymc-post-layout1 {}\r\n#ymc-smart-filter-container-1 .container-posts .post-entry .ymc-post-layout1 .read-more .btn {}\r\n#ymc-smart-filter-container-1 .ymc-pagination li a {}\r\n#ymc-smart-filter-container-1 .container-posts .post-entry.post-layout1 {font-family:inherit;}<\/style><div class=\"container-posts container-post-layout1\"><div class=\"post-entry ymc-xs-col-2 ymc-sm-col-2 ymc-md-col-3 ymc-lg-col-4 ymc-xl-col-4 ymc-xxl-col-4 post-layout1 post-layout1-279747 post-layout1-279747-1\"><\/div><\/div><\/div>\n\n\t\t<\/div>\n\t\t\t\t\t<\/div>\n\n\t\n<\/div>\n\t\t<\/div>\n\n\t\t\n<style>\n#section_1681532203 {\n  padding-top: 30px;\n  padding-bottom: 30px;\n}\n<\/style>\n\t<\/section>\n\t\n","protected":false},"excerpt":{"rendered":"","protected":false},"author":1,"featured_media":153710,"parent":17065,"menu_order":5,"comment_status":"closed","ping_status":"closed","template":"page-transparent-header-light.php","meta":{"_acf_changed":false,"_seopress_robots_primary_cat":"0","_seopress_titles_title":"Bali Reisef\u00fchrer | Den Experten Vertrauen um die Beste Reise zu planen","_seopress_titles_desc":"Aktuelle Reisebestimmungen, Praktische Tips, beste Reisezeit, Steckdosen. Alles was Sie f\u00fcr den Baliurlaub wissen m\u00fcssen.","_seopress_robots_index":"","footnotes":""},"categories":[1770],"tags":[],"class_list":["post-279745","page","type-page","status-publish","has-post-thumbnail","hentry","category-essentials-de"],"acf":[],"_links":{"self":[{"href":"https:\/\/bali.com\/de\/wp-json\/wp\/v2\/pages\/279745","targetHints":{"allow":["GET"]}}],"collection":[{"href":"https:\/\/bali.com\/de\/wp-json\/wp\/v2\/pages"}],"about":[{"href":"https:\/\/bali.com\/de\/wp-json\/wp\/v2\/types\/page"}],"author":[{"embeddable":true,"href":"https:\/\/bali.com\/de\/wp-json\/wp\/v2\/users\/1"}],"replies":[{"embeddable":true,"href":"https:\/\/bali.com\/de\/wp-json\/wp\/v2\/comments?post=279745"}],"version-history":[{"count":0,"href":"https:\/\/bali.com\/de\/wp-json\/wp\/v2\/pages\/279745\/revisions"}],"up":[{"embeddable":true,"href":"https:\/\/bali.com\/de\/wp-json\/wp\/v2\/pages\/17065"}],"wp:featuredmedia":[{"embeddable":true,"href":"https:\/\/bali.com\/de\/wp-json\/wp\/v2\/media\/153710"}],"wp:attachment":[{"href":"https:\/\/bali.com\/de\/wp-json\/wp\/v2\/media?parent=279745"}],"wp:term":[{"taxonomy":"category","embeddable":true,"href":"https:\/\/bali.com\/de\/wp-json\/wp\/v2\/categories?post=279745"},{"taxonomy":"post_tag","embeddable":true,"href":"https:\/\/bali.com\/de\/wp-json\/wp\/v2\/tags?post=279745"}],"curies":[{"name":"wp","href":"https:\/\/api.w.org\/{rel}","templated":true}]}}