{"id":297906,"date":"2020-11-09T08:18:53","date_gmt":"2020-11-09T00:18:53","guid":{"rendered":"https:\/\/bali.com\/nightlife-in-bali-dos-and-donts\/"},"modified":"2025-01-30T11:21:43","modified_gmt":"2025-01-30T03:21:43","slug":"nightlife-in-bali-dos-and-donts","status":"publish","type":"page","link":"https:\/\/bali.com\/de\/nightlife-in-bali-dos-and-donts\/","title":{"rendered":"Nachtleben &#8211; Risiken auf Bali"},"content":{"rendered":"\n  <div class=\"banner has-hover is-full-height\" id=\"banner-1913338627\">\n          <div class=\"banner-inner fill\">\n        <div class=\"banner-bg fill\" >\n            <img loading=\"lazy\" decoding=\"async\" width=\"1280\" height=\"720\" src=\"https:\/\/bali.com\/wp-content\/uploads\/2022\/01\/bali-nightlife-1280.jpg\" class=\"bg attachment-large size-large\" alt=\"bali nightlife\" \/>                        <div class=\"overlay\"><\/div>            \n                    <\/div>\n\t\t\n        <div class=\"banner-layers container\">\n            <div class=\"fill banner-link\"><\/div>            \n   <div id=\"text-box-673406350\" class=\"text-box banner-layer x50 md-x50 lg-x50 y50 md-y50 lg-y50 res-text\">\n              <div data-parallax=\"-1\" data-parallax-fade=\"true\">       <div data-animate=\"bounceIn\">           <div class=\"text-box-content text dark\">\n              \n              <div class=\"text-inner text-center\">\n                  \n<h1>Wichtige Hinweise f\u00fcr das Feiern in Bali<\/h1>\n<h3>Einige Tipps, um sicher zu bleiben<\/h3>\n              <\/div>\n           <\/div>\n       <\/div>       <\/div>              \n<style>\n#text-box-673406350 {\n  width: 93%;\n}\n#text-box-673406350 .text-box-content {\n  font-size: 100%;\n}\n@media (min-width:550px) {\n  #text-box-673406350 {\n    width: 90%;\n  }\n}\n<\/style>\n    <\/div>\n \n        <\/div>\n      <\/div>\n\n            \n<style>\n#banner-1913338627 {\n  padding-top: 100%;\n}\n#banner-1913338627 .overlay {\n  background-color: rgba(0,0,0,.5);\n}\n#banner-1913338627 .banner-bg img {\n  object-position: 100% 100%;\n}\n<\/style>\n  <\/div>\n\n\n\t<div id=\"gap-613565473\" class=\"gap-element clearfix\" style=\"display:block; height:auto;\">\n\t\t\n<style>\n#gap-613565473 {\n  padding-top: 30px;\n}\n<\/style>\n\t<\/div>\n\t\n<div class=\"row align-center\"  id=\"row-1268590647\">\n\n\t<div id=\"col-227896364\" class=\"col small-12 large-12\"  >\n\t\t\t\t<div class=\"col-inner text-left\"  >\n\t\t\t\n\t\t\t\n<h1>Die Top 5 &#8220;Donts&#8221;, wenn du in Balis Nachtleben eintauchst<\/h1>\n<p>In Bali gibt es, wie \u00fcberall auf der Welt, keine Grenzen, wie wild du feiern kannst, und eine wilde Nacht kann schnell schlecht enden, wenn du das <strong><a href=\"https:\/\/bali.com\/de\/nightlife\/\">Nachtleben in Bali<\/a><\/strong> genie\u00dft.<\/p>\n<p>Bali ist ziemlich tolerant, und die Balinesen sind sehr freundlich und gastfreundlich. Touristen in Bali k\u00f6nnen sein, wer sie sein wollen, ohne bel\u00e4stigt oder verurteilt zu werden, was einige ausnutzen, indem sie &#8220;ein wenig zu sorglos&#8221; sind.<\/p>\n<p>Wenn du nicht aufpasst, kann eine Nacht in Bali schnell schiefgehen, insbesondere wenn du deine Vorsicht verlierst und dich auf ungesunde Verhaltensweisen und illegale Praktiken einl\u00e4sst.<\/p>\n<h1>1. Sex, Bordelle &amp; Prostitution in Bali &#8211; Prostituierte in Bali<\/h1>\n<p>In Balis Discos, Clubs, Bars und sogar Pubs wirst du junge einheimische M\u00e4dchen sehen, &#8220;kupu kupu malam&#8221; (Arbeitsm\u00e4dchen, die oft aus \u00e4rmeren l\u00e4ndlichen Gebieten Javas kommen), die &#8220;Nachtfalter&#8221;.<\/p>\n<p>Zumindest im S\u00fcden von Bali wissen Taxifahrer, Sicherheitskr\u00e4fte und Stra\u00dfenh\u00e4ndler, wo die beliebten Karaoke-Bars und Massagesalons in Kuta, Legian und Denpasar sind, sowie die &#8220;H\u00e4user des zweifelhaften Rufs&#8221; in den engen Hintergassen.<\/p>\n<p><strong>Dating-Apps wie Tinder, Bumble und IndonesianCupid werden oft von Prostituierten genutzt, um neue Kunden online zu finden.<\/strong><\/p>\n<p>Massagesalons, die Plus- und Plus-Plus-Dienstleistungen anbieten, werden inzwischen oft online betrieben und bieten Massagen auf Abruf an, bei denen die &#8220;Therapeutin&#8221; zu deinem Hotel oder deiner Villa kommt und dir mehr als nur eine entspannende Massage gibt. <strong>ABER&#8230;.<\/strong><\/p>\n<h2>Beteilige dich nicht an Prostitution in Bali &#8211; es ist illegal<\/h2>\n<p><strong>Tats\u00e4chlich ist Prostitution in Indonesien illegal. Dennoch existiert sie nat\u00fcrlich.<\/strong> Es ist auch ein gro\u00dfes Gesch\u00e4ft, wie in fast jedem anderen beliebten Touristenziel der Welt. Also auch in Bali wird, wie in vielen L\u00e4ndern, oft weggeschaut, und Touristen sind nicht die einzigen, die nach etwas Spa\u00df suchen. Auch inl\u00e4ndische Touristen aus ganz Indonesien kommen nach Bali, um zu &#8220;feiern&#8221;.<\/p>\n<p>Regelm\u00e4\u00dfige Kunden von Massagesalons in Indonesien, insbesondere die Reichen und Wohlhabenden, neigen dazu, eine sogenannte &#8220;Happy Ending&#8221;- oder &#8220;Plus-Service&#8221;-Massage zu verlangen. Deshalb nennen sich Einrichtungen, die diese sexuellen Dienstleistungen nicht anbieten, Day Spa oder Family Spa.<\/p>\n<p>Manchmal f\u00fchrt die Polizei Razzien in diesen Clubs und Plus-Plus-Massagesalons durch. Und wenn sie es tun, werden sie ein Exempel an allen Beteiligten statuieren und keine Gnade mit Besitzern, Managern, Arbeitern und Kunden zeigen, egal ob du ein Ausl\u00e4nder bist oder nicht. Das Gesetz wird dich hart bestrafen.<\/p>\n<p>Obwohl es gegen das Gesetz ist, ist Prostitution weit verbreitet. Touristen sollten sich daher vor jedem in Acht nehmen, der seine Dienste anbietet. Einheimische, die zu hilfsbereit sind und Touristen Fahrten, Viagra oder andere Dinge anbieten, sollten gemieden werden. <strong>Bleib wachsam<\/strong>, sonst k\u00f6nnte es sein, dass du in illegale Aktivit\u00e4ten verwickelt wirst.<\/p>\n<h1>2. Sei nicht respektlos! Respektiere die lokalen Br\u00e4uche und die balinesische Kultur<\/h1>\n<p>Wir lesen es t\u00e4glich in den Schlagzeilen: &#8220;<strong>Betrunkener Tourist uriniert auf heiligen Tempel<\/strong>&#8220;, &#8220;<strong>W\u00fctende Touristen greifen Einheimische an<\/strong>&#8220;, &#8220;<strong>Touristen feiern lautstark bis 4 Uhr morgens<\/strong>&#8220;, &#8220;<strong>Alkoholisierte Touristen rasen mit Rollern in die Gr\u00e4ben von Canggu<\/strong>&#8221; oder &#8220;<strong>Tourist posiert nackt auf heiligem Baum<\/strong>&#8220;.<\/p>\n<p>Wie gesagt, obwohl Bali sehr aufgeschlossen ist und die Balinesen viel Geduld mit Touristen haben, ist Indonesien immer noch ein konservatives Land. Besucher sollten respektvoll gegen\u00fcber den Einheimischen und ihrer Kultur sein, und die lokale Regierung wird gegen fehlverhaltende Touristen zunehmend strenger vorgehen.<\/p>\n<p><a href=\"https:\/\/bali.com\/bali\/travel-guide\/practical-tips-must-know\/etiquette-how-to-behave\/\"><strong>Offizieller Leitfaden zum Verhalten in Bali (en)<\/strong><\/a><\/p>\n<h1>3. Sag Nein zu Drogen in Bali &#8211; es ist gef\u00e4hrlich!<\/h1>\n<p>In Indonesien ist der Konsum oder Handel mit Drogen vergleichbar mit russischem Roulette. Wenn du dich daf\u00fcr entscheidest, sie zu nehmen, k\u00f6nntest du in einem gro\u00dfen Schlamassel landen, um es gelinde auszudr\u00fccken.<\/p>\n<p><strong>Der Drogenhandel ist in Indonesien ein schweres Verbrechen<\/strong>, und Ausl\u00e4nder, die erwischt werden, werden entweder inhaftiert oder k\u00f6nnten sogar <strong>zum Tode verurteilt<\/strong> werden.<\/p>\n<p>Obwohl die Todesstrafe nur in extremen F\u00e4llen verh\u00e4ngt wird, wird sie h\u00e4ufig gegen einige Drogenh\u00e4ndler vollstreckt. Im Jahr 2021 verh\u00e4ngte Indonesien die meisten best\u00e4tigten Todesurteile wegen drogenbezogener Verbrechen, insgesamt 89. Sieben davon waren ausl\u00e4ndische Staatsangeh\u00f6rige.<\/p>\n<p>Mehr als die H\u00e4lfte der hunderten zum Tode verurteilten Personen in Indonesien sitzt wegen Drogendelikten im Todestrakt. Das macht Indonesien, zusammen mit dem Iran und Saudi-Arabien, <strong>eines der gef\u00e4hrlichsten L\u00e4nder der Welt, um Drogen zu besitzen oder zu verkaufen.<\/strong><\/p>\n<p>Allerdings werden in Bali weiterhin Drogen verkauft, manchmal sogar mitten am Tag in den Hinterstra\u00dfen von Kuta und Legian (und nicht zu vergessen Gili Trawangan). Touristen k\u00f6nnen Marihuana, Kokain, Ecstasy, Magic Mushrooms oder was auch immer sie wollen kaufen. Wir haben dir bereits erkl\u00e4rt, warum es riskant ist, dieses Spiel mitzuspielen. Glaub nicht, dass es sicher ist, Drogen zu kaufen und zu konsumieren, nur weil ein Sicherheitsmann sie offen verkauft oder weil viele Menschen sie direkt vor deinen Augen nehmen.<\/p>\n<p><strong>Zu viele junge Touristen in Bali und auf den Gilis verlieren durch Drogen alles: ihr Geld, ihre P\u00e4sse, Kreditkarten, ihren Verstand, die Kontrolle \u00fcber ihre Motorr\u00e4der, ihre Gesundheit \u2013 und manchmal noch Schlimmeres.<\/strong><\/p>\n<p><strong>Bleib wachsam.<\/strong> Was zun\u00e4chst wie eine gute Zeit erscheint, kann schnell in ein Problem oder eine Geldforderung umschlagen. Obwohl eigentlich alles offensichtlich ist, wissen selbst die naivsten Touristen, worauf sie sich einlassen. Manche sind schlauer als andere. Lass dich nicht von deinen Emotionen leiten \u2013 vertraue lieber auf deinen gesunden Menschenverstand und eine gute Urteilsf\u00e4higkeit.<\/p>\n<h2>Du wei\u00dft nie, wann die Polizei dich erwischt<\/h2>\n<p>Die F\u00e4lle von <a href=\"https:\/\/en.wikipedia.org\/wiki\/Schapelle_Corby\">Schapelle Corby<\/a> und der <a href=\"https:\/\/en.wikipedia.org\/wiki\/Bali_Nine\">Bali Nine<\/a> haben gezeigt, dass die Beh\u00f6rden nicht z\u00f6gern, hart gegen Drogenhandel durchzugreifen. Viele Nachtclubs werden regelm\u00e4\u00dfig und unvorhersehbar von der Polizei durchsucht.<\/p>\n<p>Es gibt keine Garantie, dass niemand zusieht oder ob nicht gerade eine verdeckte Ermittlung l\u00e4uft \u2013 das k\u00f6nnte eine richtig schlechte Idee sein.<\/p>\n<h1>4. Trinken und Fahren in Bali ist &#8220;No Bueno&#8221;!<\/h1>\n<p>\u201c<strong>Don\u2019t drink and drive<\/strong>.\u201d \u2013 ein allseits bekannter Satz, der leider immer wieder ignoriert wird. Jedes Jahr werden Hunderte von Bali-Besuchern verletzt oder get\u00f6tet, weil sie betrunken mit dem Motorrad fahren. <br \/>besonders in Canggu scheint es in Mode gekommen zu sein, betrunken nach Hause zu fahren. T\u00f6dliche Unf\u00e4lle sind keine Seltenheit. <\/p>\n<p>Es ist in der Tat eine der <strong>schlechtesten Entscheidungen, die du in Bali treffen kannst. B<\/strong>etrunken oder unter Drogeneinfluss einen Roller zu fahren ist ein sehr sehr sehr gef\u00e4hrlich &#8211; f\u00fcr Dich und andere.<\/p>\n<p>Schon n\u00fcchtern ist das Rollerfahren auf Bali eine Herausforderung. Unerfahrene Fahrer, streunende Hunde, Schlagl\u00f6cher, tiefe Gr\u00e4ben, Dunkelheit und unvorhersehbare Hindernisse machen die Stra\u00dfen gef\u00e4hrlich genug. Da braucht Bali nicht noch betrunkene Touristen auf zwei R\u00e4dern.<\/p>\n<h1>5. Diebe, Betr\u00fcger, Kriminalit\u00e4t und Scamming<\/h1>\n<p>Obwohl jedes Jahr rund 5-6 Millionen internationale Besucher und \u00fcber 10 Millionen inl\u00e4ndische Touristen nach Bali kommen, ist die Kriminalit\u00e4tsrate relativ niedrig. Die meisten Besucher empfinden Bali als sehr sicher. Trotzdem solltest du auf deine eigene Sicherheit achten \u2013 besonders in Kuta, wo betrunkene Partyg\u00e4nger leichte Ziele sind. Bleib in der N\u00e4he deiner Freunde und sei vorsichtig, indem du deine Grenzen kennst.<\/p>\n<p>An zwielichtigen Orten solltest du besonders aufpassen, was du trinkst \u2013 vor allem als alleinreisende Frau. Es kommt vor, dass Kriminelle Getr\u00e4nke mit Drogen versetzen, was extrem gef\u00e4hrlich sein kann. Selten aber es passiert<strong> <a href=\"https:\/\/bali.com\/bali\/travel-guide\/scams-crime-risks\/\">Mehr Infos zu Betrug &amp; Kriminalit\u00e4tsrisiken in Bali (en)<\/a><\/strong><\/p>\n\t\t<\/div>\n\t\t\t\t\n<style>\n#col-227896364 > .col-inner {\n  padding: 40px 0px 0px 0px;\n}\n<\/style>\n\t<\/div>\n\n\t\n<\/div>\n\n\t<section class=\"section\" id=\"section_232281418\">\n\t\t<div class=\"section-bg fill\" >\n\t\t\t\t\t\t\t\t\t\n\t\t\t\n\n\t\t<\/div>\n\n\t\t\n\n\t\t<div class=\"section-content relative\">\n\t\t\t\n<div class=\"row\"  id=\"row-1632937810\">\n\n\t<div id=\"col-1955392963\" class=\"col small-12 large-12\"  >\n\t\t\t\t<div class=\"col-inner\"  >\n\t\t\t\n\t\t\t\n<h1>Weitere Bali Tips<\/h1>\n\n<div id=\"ymc-smart-filter-container-1\" \r\n\t\t\t\t  class=\"ymc-smart-filter-container ymc-filter-279747 ymc-loaded-filter ymc-no-filter-layout ymc-post-layout1 ymc-pagination-scroll-infinity data-target-ymc279747-1 data-target-ymc1 \" data-loading=\"true\"\r\n\t\t\t\t  data-params='{\"cpt\":\"page\",\"tax\":\"category\",\"terms\":\"844\",\"default_terms\":\"\",\"exclude_posts\":\"off\",\"choices_posts\":\"\",\"posts_selected\":\"all\",\"preloader_icon\":\"preloader_1\",\"type_pg\":\"scroll-infinity\",\"per_page\":\"4\",\"page\":\"1\",\"page_scroll\":\"1\",\"preloader_filters\":\"none\",\"preloader_filters_rate\":\"0.5\",\"preloader_filters_custom\":\"\",\"post_animation\":\"\",\"popup_animation\":\"normal\",\"letter\":\"\",\"post_layout\":\"post-layout1\",\"filter_layout\":\"no-filter-layout\",\"filter_id\":\"279747\",\"search\":\"\",\"search_filtered_posts\":\"0\",\"sort_order\":\"\",\"sort_orderby\":\"\",\"meta_key\":\"\",\"meta_query\":\"\",\"date_query\":\"\",\"data_target\":\"data-target-ymc1\",\"target_id\":\"1\"}'><style id=\"post-inline-css-1\">\r\n#ymc-smart-filter-container-1 .container-posts .post-entry {}\r\n#ymc-smart-filter-container-1 .container-posts .post-entry .ymc-post-layout1 {}\r\n#ymc-smart-filter-container-1 .container-posts .post-entry .ymc-post-layout1 .read-more .btn {}\r\n#ymc-smart-filter-container-1 .ymc-pagination li a {}\r\n#ymc-smart-filter-container-1 .container-posts .post-entry.post-layout1 {font-family:inherit;}<\/style><div class=\"container-posts container-post-layout1\"><div class=\"post-entry ymc-xs-col-2 ymc-sm-col-2 ymc-md-col-3 ymc-lg-col-4 ymc-xl-col-4 ymc-xxl-col-4 post-layout1 post-layout1-279747 post-layout1-279747-1\"><\/div><\/div><\/div>\n\n\t\t<\/div>\n\t\t\t\t\t<\/div>\n\n\t\n<\/div>\n\t\t<\/div>\n\n\t\t\n<style>\n#section_232281418 {\n  padding-top: 30px;\n  padding-bottom: 30px;\n}\n<\/style>\n\t<\/section>\n\t\n","protected":false},"excerpt":{"rendered":"","protected":false},"author":1,"featured_media":153875,"parent":0,"menu_order":210,"comment_status":"closed","ping_status":"closed","template":"page-transparent-header-light.php","meta":{"_acf_changed":false,"_seopress_robots_primary_cat":"0","_seopress_titles_title":"Bali Nachtleben - Risiken des Bali Nightlife","_seopress_titles_desc":"Drogen, Alkohol, Prostitution auf Bali. Das kann sehr schnell zum Alptraum werden. Hilfreiche Tips.","_seopress_robots_index":"","footnotes":""},"categories":[844],"tags":[],"class_list":["post-297906","page","type-page","status-publish","has-post-thumbnail","hentry","category-praktische-tips"],"acf":[],"_links":{"self":[{"href":"https:\/\/bali.com\/de\/wp-json\/wp\/v2\/pages\/297906","targetHints":{"allow":["GET"]}}],"collection":[{"href":"https:\/\/bali.com\/de\/wp-json\/wp\/v2\/pages"}],"about":[{"href":"https:\/\/bali.com\/de\/wp-json\/wp\/v2\/types\/page"}],"author":[{"embeddable":true,"href":"https:\/\/bali.com\/de\/wp-json\/wp\/v2\/users\/1"}],"replies":[{"embeddable":true,"href":"https:\/\/bali.com\/de\/wp-json\/wp\/v2\/comments?post=297906"}],"version-history":[{"count":0,"href":"https:\/\/bali.com\/de\/wp-json\/wp\/v2\/pages\/297906\/revisions"}],"wp:featuredmedia":[{"embeddable":true,"href":"https:\/\/bali.com\/de\/wp-json\/wp\/v2\/media\/153875"}],"wp:attachment":[{"href":"https:\/\/bali.com\/de\/wp-json\/wp\/v2\/media?parent=297906"}],"wp:term":[{"taxonomy":"category","embeddable":true,"href":"https:\/\/bali.com\/de\/wp-json\/wp\/v2\/categories?post=297906"},{"taxonomy":"post_tag","embeddable":true,"href":"https:\/\/bali.com\/de\/wp-json\/wp\/v2\/tags?post=297906"}],"curies":[{"name":"wp","href":"https:\/\/api.w.org\/{rel}","templated":true}]}}