{"id":299927,"date":"2025-03-12T20:58:12","date_gmt":"2025-03-12T12:58:12","guid":{"rendered":"https:\/\/bali.com\/airport-shuttle-transfer-services-dps-denpasar\/"},"modified":"2025-03-17T03:18:14","modified_gmt":"2025-03-16T19:18:14","slug":"airport-shuttle-transfer-services-dps-denpasar","status":"publish","type":"page","link":"https:\/\/bali.com\/de\/bali\/reisefuehrer\/transportation\/airport-shuttle-transfer-services-dps-denpasar\/","title":{"rendered":"Flughafen Shuttle Transfer &#8211; DPS Denpasar"},"content":{"rendered":"\n  <div class=\"banner has-hover\" id=\"banner-20795762\">\n          <div class=\"banner-inner fill\">\n        <div class=\"banner-bg fill\" >\n            <img loading=\"lazy\" decoding=\"async\" width=\"1200\" height=\"800\" src=\"https:\/\/bali.com\/wp-content\/uploads\/2020\/12\/bali-airport-airport-shuttle-1200.jpg\" class=\"bg attachment-large size-large\" alt=\"\" \/>                        <div class=\"overlay\"><\/div>            \n                    <\/div>\n\t\t\n        <div class=\"banner-layers container\">\n            <div class=\"fill banner-link\"><\/div>            \n   <div id=\"text-box-129262650\" class=\"text-box banner-layer x90 md-x50 lg-x50 y50 md-y50 lg-y50 res-text\">\n                     <div data-animate=\"blurIn\">           <div class=\"text-box-content text dark\">\n              \n              <div class=\"text-inner text-center\">\n                  \n<h1>Bali Flughafen Shuttle &#038; Transfer<\/h1>\n<h3>So kommst du vom Flughafen zu deiner Unterkunft<\/h3>\n              <\/div>\n           <\/div>\n       <\/div>                     \n<style>\n#text-box-129262650 {\n  width: 75%;\n}\n#text-box-129262650 .text-box-content {\n  font-size: 100%;\n}\n@media (min-width:550px) {\n  #text-box-129262650 {\n    width: 80%;\n  }\n}\n<\/style>\n    <\/div>\n \n        <\/div>\n      <\/div>\n\n            \n<style>\n#banner-20795762 {\n  padding-top: 600px;\n}\n#banner-20795762 .overlay {\n  background-color: rgba(0,0,0,.5);\n}\n#banner-20795762 .banner-bg img {\n  object-position: 48% 39%;\n}\n<\/style>\n  <\/div>\n\n\n<div class=\"row\"  id=\"row-316448282\">\n\n\t<div id=\"col-643369774\" class=\"col small-12 large-12\"  >\n\t\t\t\t<div class=\"col-inner\"  >\n\t\t\t\n\t\t\t\n<p>Die Ankunft in Bali kann etwas chaotisch sein. Obwohl die Beh\u00f6rden begonnen haben, den Transportdienst besser zu regulieren, kann es \u00fcberw\u00e4ltigend und verwirrend sein, wenn du das Flughafengeb\u00e4ude verl\u00e4sst. Es ist nicht so extrem wie in Mexiko, wo es sehr stressig sein kann, aber auch nicht so geordnet wie in Z\u00fcrich oder Sydney, wo es klare und zuverl\u00e4ssige Taxioptionen gibt.<\/p>\n\t\t<\/div>\n\t\t\t\t\t<\/div>\n\n\t\n<\/div>\n<div class=\"row row-collapse align-center\"  id=\"row-1737422611\">\n\n\t<div id=\"col-1760823467\" class=\"col small-12 large-12\"  >\n\t\t\t\t<div class=\"col-inner text-center\"  >\n\t\t\t\n\t\t\t\n\t<div id=\"gap-1295858539\" class=\"gap-element clearfix\" style=\"display:block; height:auto;\">\n\t\t\n<style>\n#gap-1295858539 {\n  padding-top: 30px;\n}\n<\/style>\n\t<\/div>\n\t\n\t\t<\/div>\n\t\t\t\t\t<\/div>\n\n\t\n\n\t<div id=\"col-1171207397\" class=\"col small-12 large-12\"  >\n\t\t\t\t<div class=\"col-inner\"  >\n\t\t\t\n\t\t\t\n\t<div id=\"gap-1759618000\" class=\"gap-element clearfix\" style=\"display:block; height:auto;\">\n\t\t\n<style>\n#gap-1759618000 {\n  padding-top: 40px;\n}\n<\/style>\n\t<\/div>\n\t\n<h2>1. Bali Golden Trips Privater Flughafenshuttle<\/h2>\n<p><strong>Unsere Empfehlung: Komfort &amp; Zuverl\u00e4ssigkeit<\/strong><\/p>\n<p>Genie\u00dfe den Komfort eines zuverl\u00e4ssigen Shuttle-Services, <strong>der dich vom BALI Flughafen (DPS) direkt zu deiner Unterkunft bringt.<\/strong> Ohne Stress! Seit vielen Jahren empfehlen wir Herrn Wayan von Bali Golden Trips (wir erhalten keine Provision). Mit unserer <a href=\"https:\/\/bali.com\/balicard\/\"><strong>BaliCard<\/strong><\/a> erh\u00e4ltst du 10% Rabatt auf Flughafentransfers, Autovermietungen mit Fahrer und Touren.<\/p>\n<h4><a href=\"https:\/\/bali.com\/balicard\/bali-golden-trips\/\"><strong>Flughafentransfer Preise &amp; Buchung<\/strong><\/a><\/h4>\n<hr \/>\n<h3><strong>2. Weitere Optionen am Flughafen<\/strong><\/h3>\n<p>a. Es gibt <strong>&#8220;Flughafen-Taxis&#8221;<\/strong>, die du am Schalter au\u00dferhalb der Ankunftshalle nehmen kannst. Allerdings sind sie <strong>nicht f\u00fcr ihren zuverl\u00e4ssigen Service bekannt<\/strong>. Meistens werden kleine Limousinen genutzt, die wenig Platz bieten. Sie sind meist etwas g\u00fcnstiger als direktgebuchte Shuttleservices.<\/p>\n<p>b. Private oder &#8220;<strong>halb-private&#8221; Fahrer<\/strong> sprechen dich direkt nach dem Verlassen des Flughafengeb\u00e4udes an. Einige k\u00f6nnen leider etwas aufdringlich sein. Sie kosten ungef\u00e4hr genauso viel wie die Flughafen-Taxis, aber wenn du zum ersten Mal in Bali bist, k\u00f6nnten sie versuchen, einen h\u00f6heren Preis zu verlangen.<\/p>\n<p><strong>c. Verschiedene Transferanbieter.<\/strong> Es gibt immer mehr Anbieter mit Schaltern am Flughafen. Da sich diese Dienste st\u00e4ndig \u00e4ndern, ist es schwierig, ihre Zuverl\u00e4ssigkeit und Preise einzusch\u00e4tzen. Deshalb empfehlen wir <a href=\"https:\/\/bali.com\/balicard\/bali-golden-trips\/\"><strong>Bali Golden Trips<\/strong><\/a> f\u00fcr eine reibungslose Ankunft.<\/p>\n<p><strong>d. Grab &amp; Gojek<\/strong> (\u00e4hnlich wie Uber) haben jetzt Schalter am Flughafen. Nach dem Verlassen des Geb\u00e4udes kannst du dort einen Shuttle buchen.<\/p>\n<p>e. Dein Hotel kann meist ebenfalls einen Transfer organisieren. Oft beauftragen sie jedoch externe Fahrer, wodurch die Preise meist etwas h\u00f6her sind.<\/p>\n\t\t<\/div>\n\t\t\t\t\t<\/div>\n\n\t\n\n\t<div id=\"col-1042388386\" class=\"col small-12 large-12\"  >\n\t\t\t\t<div class=\"col-inner text-center\"  >\n\t\t\t\n\t\t\t\n<a class=\"button white is-outline is-large hidden\" >\n\t\t<span>Buche deinen Flughafentransfer online<\/span>\n\t<\/a>\n\n\t\t<\/div>\n\t\t\t\t\t<\/div>\n\n\t\n\n\t<div id=\"col-1864711205\" class=\"col medium-9 small-12 large-9\"  >\n\t\t\t\t<div class=\"col-inner text-center\"  >\n\t\t\t\n\t\t\t\n<div class=\"is-divider divider clearfix\" style=\"background-color:rgb(249, 249, 249);\"><\/div>\n\t<div class=\"img has-hover x md-x lg-x y md-y lg-y\" id=\"image_752461437\">\n\t\t\t\t\t\t\t\t<div class=\"img-inner dark\" >\n\t\t\t<img loading=\"lazy\" decoding=\"async\" width=\"1280\" height=\"843\" src=\"https:\/\/bali.com\/wp-content\/uploads\/2023\/08\/bali-map-destinations-touristic-1280.jpg\" class=\"attachment-original size-original\" alt=\"bali map tourist destinations overview\" srcset=\"https:\/\/bali.com\/wp-content\/uploads\/2023\/08\/bali-map-destinations-touristic-1280.jpg 1280w, https:\/\/bali.com\/wp-content\/uploads\/2023\/08\/bali-map-destinations-touristic-1280-510x336.jpg 510w, https:\/\/bali.com\/wp-content\/uploads\/2023\/08\/bali-map-destinations-touristic-1280-1215x800.jpg 1215w, https:\/\/bali.com\/wp-content\/uploads\/2023\/08\/bali-map-destinations-touristic-1280-768x506.jpg 768w\" sizes=\"auto, (max-width: 1280px) 100vw, 1280px\" \/>\t\t\t\t\t\t\n\t\t\t\t\t<\/div>\n\t\t\t\t\t\t\t\t\n<style>\n#image_752461437 {\n  width: 100%;\n}\n<\/style>\n\t<\/div>\n\t\n<a class=\"button white is-outline is-large hidden\" >\n\t\t<span>Jetzt buchen<\/span>\n\t<\/a>\n\n\t\t<\/div>\n\t\t\t\t\t<\/div>\n\n\t\n\n<style>\n#row-1737422611 > .col > .col-inner {\n  padding: 0px 20px 0px 20px;\n}\n<\/style>\n<\/div>\n<div class=\"row\"  id=\"row-194809361\">\n\n\t<div id=\"col-1453097188\" class=\"col small-12 large-12\"  >\n\t\t\t\t<div class=\"col-inner\"  >\n\t\t\t\n\t\t\t\n\t<div id=\"gap-1677047473\" class=\"gap-element clearfix\" style=\"display:block; height:auto;\">\n\t\t\n<style>\n#gap-1677047473 {\n  padding-top: 30px;\n}\n<\/style>\n\t<\/div>\n\t\n<div class=\"text-center\"><div class=\"is-divider divider clearfix\" style=\"max-width:400px;\"><\/div><\/div>\n<h1>Buche deinen Shuttle mit Bali Golden Trips<\/h1>\n\t\t<\/div>\n\t\t\t\t\t<\/div>\n\n\t\n<\/div>\n<div class=\"row align-center\"  id=\"row-1526726524\">\n\n\t<div id=\"col-1350678955\" class=\"col medium-5 small-12 large-5\"  >\n\t\t\t\t<div class=\"col-inner box-shadow-2\"  >\n\t\t\t\n\t\t\t\n<h3>Garantiert guter Service<\/h3>\n<ul>\n<li>Preis pro Auto INKL. 4 Erwachsene &#038; 1 Kind plus normales Gep\u00e4ck<\/li>\n<li>Englischsprachiger Fahrer, freundlich &#038; zuverl\u00e4ssig<\/li>\n<li>WICHTIG: Der Fahrer wartet mit einem Namensschild am INFORMATIONSDESK (siehe Bilder unten)<\/li>\n<li>Wartezeit &#038; Parkgeb\u00fchren inklusive<\/li>\n<li>Fahrzeuge sind sauber, gewartet und versichert<\/li>\n<\/ul>\n\t\t<\/div>\n\t\t\t\t\n<style>\n#col-1350678955 > .col-inner {\n  padding: 20px 20px 20px 20px;\n  border-radius: 20px;\n}\n<\/style>\n\t<\/div>\n\n\t\n\n\t<div id=\"col-346713526\" class=\"col medium-7 small-12 large-7\"  >\n\t\t\t\t<div class=\"col-inner\"  >\n\t\t\t\n\t\t\t\n<h3>Wie kannst du deinen Flughafenshuttle online buchen?<\/h3>\n<p><strong>Ganz einfach!<\/strong> Du kannst deinen Flughafenshuttle mit unserem bevorzugten Partner, Bali Golden Trips, direkt online reservieren.<\/p>\n<p>Falls du <strong>Surfboards<\/strong> oder <strong>viel Gep\u00e4ck<\/strong> hast, gib dies bitte im Kommentarfeld an, damit ein geeignetes Fahrzeug organisiert werden kann. Ein Aufpreis k\u00f6nnte anfallen. Nach der Buchung erh\u00e4ltst du eine Best\u00e4tigung, und Herr Wayan wird die Abholung koordinieren.<\/p>\n<p>Falls er Fragen hat, wird er sich per E-Mail oder WhatsApp mit dir in Verbindung setzen.<\/p>\n<p>So kannst du entspannt ankommen und sicher sein, dass dich ein freundlicher Fahrer erwartet und sicher zu deiner Unterkunft bringt.<\/p>\n\t\t<\/div>\n\t\t\t\t\t<\/div>\n\n\t\n<\/div>\n<div class=\"row row-collapse\"  id=\"row-1936892381\">\n\n\t<div id=\"col-1024261139\" class=\"col small-12 large-12\"  >\n\t\t\t\t<div class=\"col-inner\"  >\n\t\t\t\n\t\t\t\n<h3>Abholpunkt &#8211; Internationale Ankunft mit Bali Golden Trips<\/h3>\n<p>WICHTIG: Der Fahrer wird mit einem Namensschild (entweder mit deinem Namen oder Bali.com) auf dich warten. Nachdem du durch den Zoll gegangen bist und das Flughafengeb\u00e4ude verlassen hast, folge den Schildern und gehe durch die Korridore. Es kann dort sehr voll sein.<\/p>\n<div class=\"text-center\"><div class=\"is-divider divider clearfix\" style=\"max-width:400px;\"><\/div><\/div>\n<h3>Falls du deinen Fahrer nicht sofort findest\u2026<\/h3>\n<p>Falls es am Flughafen hektisch ist und du deinen Fahrer nicht findest, dann kontaktiere bitte <strong>Herrn Wayan per WhatsApp: +62 877-7999-2555<\/strong>. Es gibt <strong>kostenloses WLAN<\/strong> am Flughafen, sodass du dich verbinden kannst, selbst wenn du noch keine lokale SIM-Karte hast.<\/p>\n<p><strong><a href=\"https:\/\/bali.com\/simcards-esim\/\">Hier kannst du deine eSIM vor der Ankunft kaufen<\/a><\/strong><\/p>\n\t\t<\/div>\n\t\t\t\t\t<\/div>\n\n\t\n\n\t<div id=\"col-1899349023\" class=\"col small-12 large-12\"  >\n\t\t\t\t<div class=\"col-inner text-center\"  >\n\t\t\t\n\t\t\t\n<a class=\"button white is-outline is-large hidden\" >\n\t\t<span>Jetzt buchen<\/span>\n\t<\/a>\n\n<div class=\"is-divider divider clearfix\" style=\"background-color:rgb(251, 247, 247);\"><\/div>\n\t\t<\/div>\n\t\t\t\t\t<\/div>\n\n\t\n\n<style>\n#row-1936892381 > .col > .col-inner {\n  padding: 0px 20px 0px 20px;\n}\n<\/style>\n<\/div>\n","protected":false},"excerpt":{"rendered":"","protected":false},"author":1,"featured_media":154849,"parent":299928,"menu_order":0,"comment_status":"closed","ping_status":"closed","template":"","meta":{"_acf_changed":false,"_seopress_robots_primary_cat":"0","_seopress_titles_title":"Flughafentransfer Bali Airport DPS - Flughafentaxis","_seopress_titles_desc":"Wie kommt man vom Flughafen zum Hotel in Bali. Flughafentaxis, Abholservice Bali Denpasar zum Hotel oder Villa","_seopress_robots_index":"","footnotes":""},"categories":[844,1578],"tags":[],"class_list":["post-299927","page","type-page","status-publish","has-post-thumbnail","hentry","category-praktische-tips","category-transportation-car-rental-de"],"acf":[],"_links":{"self":[{"href":"https:\/\/bali.com\/de\/wp-json\/wp\/v2\/pages\/299927","targetHints":{"allow":["GET"]}}],"collection":[{"href":"https:\/\/bali.com\/de\/wp-json\/wp\/v2\/pages"}],"about":[{"href":"https:\/\/bali.com\/de\/wp-json\/wp\/v2\/types\/page"}],"author":[{"embeddable":true,"href":"https:\/\/bali.com\/de\/wp-json\/wp\/v2\/users\/1"}],"replies":[{"embeddable":true,"href":"https:\/\/bali.com\/de\/wp-json\/wp\/v2\/comments?post=299927"}],"version-history":[{"count":0,"href":"https:\/\/bali.com\/de\/wp-json\/wp\/v2\/pages\/299927\/revisions"}],"up":[{"embeddable":true,"href":"https:\/\/bali.com\/de\/wp-json\/wp\/v2\/pages\/299928"}],"wp:featuredmedia":[{"embeddable":true,"href":"https:\/\/bali.com\/de\/wp-json\/wp\/v2\/media\/154849"}],"wp:attachment":[{"href":"https:\/\/bali.com\/de\/wp-json\/wp\/v2\/media?parent=299927"}],"wp:term":[{"taxonomy":"category","embeddable":true,"href":"https:\/\/bali.com\/de\/wp-json\/wp\/v2\/categories?post=299927"},{"taxonomy":"post_tag","embeddable":true,"href":"https:\/\/bali.com\/de\/wp-json\/wp\/v2\/tags?post=299927"}],"curies":[{"name":"wp","href":"https:\/\/api.w.org\/{rel}","templated":true}]}}