{"id":299929,"date":"2023-09-28T13:04:37","date_gmt":"2023-09-28T05:04:37","guid":{"rendered":"https:\/\/bali.com\/bali\/visa-travel-regulations-for-entry-into-bali\/"},"modified":"2026-03-26T03:51:08","modified_gmt":"2026-03-25T19:51:08","slug":"indonesien-reiseanforderungen","status":"publish","type":"page","link":"https:\/\/bali.com\/de\/bali\/indonesien-reiseanforderungen\/","title":{"rendered":"Reiseanforderungen und Visa f\u00fcr Indonesien"},"content":{"rendered":"\t<div id=\"gap-37967436\" class=\"gap-element clearfix hide-for-small\" style=\"display:block; height:auto;\">\n\t\t\n<style>\n#gap-37967436 {\n  padding-top: 130px;\n}\n<\/style>\n\t<\/div>\n\t\n\t<div id=\"gap-1479766958\" class=\"gap-element clearfix show-for-small\" style=\"display:block; height:auto;\">\n\t\t\n<style>\n#gap-1479766958 {\n  padding-top: 100px;\n}\n<\/style>\n\t<\/div>\n\t\n\n  <div class=\"banner has-hover\" id=\"banner-2100839419\">\n          <div class=\"banner-inner fill\">\n        <div class=\"banner-bg fill\" >\n            <img loading=\"lazy\" decoding=\"async\" width=\"1280\" height=\"853\" src=\"https:\/\/bali.com\/wp-content\/uploads\/2022\/01\/pristine-melasti-beach-1280.jpg\" class=\"bg attachment-original size-original\" alt=\"pristine melasti beach\" \/>                        <div class=\"overlay\"><\/div>            \n                    <\/div>\n\t\t\n        <div class=\"banner-layers container\">\n            <div class=\"fill banner-link\"><\/div>            \n   <div id=\"text-box-1856600283\" class=\"text-box banner-layer x50 md-x50 lg-x50 y50 md-y50 lg-y50 res-text\">\n                                <div class=\"text-box-content text dark\">\n              \n              <div class=\"text-inner text-center\">\n                  \n<h1>Indonesien Visum &amp; Einreisebestimmungen<\/h1>\n<h3>Reiseanforderungen f\u00fcr deine Reise nach Bali<\/h3>\n              <\/div>\n           <\/div>\n                            \n<style>\n#text-box-1856600283 {\n  width: 89%;\n}\n#text-box-1856600283 .text-box-content {\n  font-size: 100%;\n}\n<\/style>\n    <\/div>\n \n        <\/div>\n      <\/div>\n\n            \n<style>\n#banner-2100839419 {\n  padding-top: 500px;\n}\n#banner-2100839419 .overlay {\n  background-color: rgba(0, 0, 0, 0.36);\n}\n#banner-2100839419 .banner-bg img {\n  object-position: 0% 80%;\n}\n<\/style>\n  <\/div>\n\n\n\n\t<section class=\"section\" id=\"section_736035679\">\n\t\t<div class=\"section-bg fill\" >\n\t\t\t\t\t\t\t\t\t\n\t\t\t\n\n\t\t<\/div>\n\n\t\t\n\n\t\t<div class=\"section-content relative\">\n\t\t\t\n<div class=\"row row-large align-center\"  id=\"row-529798594\">\n\n\t<div id=\"col-1539532355\" class=\"col medium-8 small-12 large-8\"  >\n\t\t\t\t<div class=\"col-inner text-left\"  >\n\t\t\t\n\t\t\t\n\t<div id=\"text-2512219972\" class=\"text\">\n\t\t\n<h2 style=\"text-align: left;\">Bevor du nach Bali reist, solltest du dein Visum organisieren und dich mit den aktuellen Einreisebestimmungen vertraut machen.<\/h2>\n<p style=\"text-align: left;\">Um Probleme bei der Ankunft zu vermeiden, solltest du dich \u00fcber die neuesten Visaanforderungen &amp; Reisebestimmungen f\u00fcr Bali, Indonesien informieren, denn je nach Staatsangeh\u00f6rigkeit und geplanter Aufenthaltsdauer, kann die Bearbeitung eines Visums bis zu drei Wochen dauern.<\/p>\n<p><strong>Der Visumsantrag ist online, dennoch sollte man sich fr\u00fch genug darum k\u00fcmmern.<\/strong><\/p>\n<p>Anbei die <strong>zwei wichtigen Themenbereiche<\/strong> f\u00fcr die Reiseplanung, in Bezug auf die Einreiseanforderungen nach Indonesien:<\/p>\n\t\t\n<style>\n#text-2512219972 {\n  font-size: 1.2rem;\n  text-align: left;\n}\n<\/style>\n\t<\/div>\n\t\n\t\t<\/div>\n\t\t\t\t\t<\/div>\n\n\t\n\n\t<div id=\"col-1336488885\" class=\"col medium-4 small-12 large-4\"  >\n\t\t\t\t<div class=\"col-inner\"  >\n\t\t\t\n\t\t\t\n\t<div class=\"img has-hover x md-x lg-x y md-y lg-y\" id=\"image_2066497641\">\n\t\t<a class=\"\" href=\"https:\/\/app.visas-indonesia.com\/?lang=de\" target=\"_blank\" rel=\"noopener\" >\t\t\t\t\t\t<div class=\"img-inner dark\" >\n\t\t\t<img loading=\"lazy\" decoding=\"async\" width=\"434\" height=\"542\" src=\"https:\/\/bali.com\/wp-content\/uploads\/2026\/02\/visa-beanragen-bali-de-banner.webp\" class=\"attachment-large size-large\" alt=\"visa beantragen bali indonesien\" \/>\t\t\t\t\t\t\n\t\t\t\t\t<\/div>\n\t\t\t\t\t\t<\/a>\t\t\n<style>\n#image_2066497641 {\n  width: 100%;\n}\n<\/style>\n\t<\/div>\n\t\n\t\t<\/div>\n\t\t\t\t\n<style>\n#col-1336488885 > .col-inner {\n  margin: 0px 0px 0px 0px;\n}\n<\/style>\n\t<\/div>\n\n\t\n<\/div>\n\t\t<\/div>\n\n\t\t\n<style>\n#section_736035679 {\n  padding-top: 30px;\n  padding-bottom: 30px;\n}\n<\/style>\n\t<\/section>\n\t\n\n\t<section class=\"section\" id=\"section_943289678\">\n\t\t<div class=\"section-bg fill\" >\n\t\t\t\t\t\t\t\t\t\n\t\t\t\n\n\t\t<\/div>\n\n\t\t\n\n\t\t<div class=\"section-content relative\">\n\t\t\t\n<div class=\"row row-large align-center\"  id=\"row-1665980688\">\n\n\t<div id=\"col-1520230539\" class=\"col medium-10 small-12 large-6\"  >\n\t\t\t\t<div class=\"col-inner text-left\"  >\n\t\t\t\n\t\t\t\n<h3 class=\"lead\" style=\"text-align: left;\"><strong>1. Welches Visum ben\u00f6tige ich f\u00fcr meine Balireise (Indonesien)?<\/strong><\/h3>\n<p><strong><a href=\"https:\/\/bali.com\/bali\/bali-visa-indonesia-entry-regulations\/\" data-wplink-edit=\"true\">Hier erf\u00e4hrst du mehr<\/a><\/strong><\/p>\n<a href=\"https:\/\/bali.com\/de\/bali\/bali-visa-indonesia-entry-regulations\/\" class=\"button primary is-larger\" style=\"border-radius:20px;\">\n\t\t<span>VISUM Anforderungen<\/span>\n\t<\/a>\n\n\t\t<\/div>\n\t\t\t\t\t<\/div>\n\n\t\n\n\t<div id=\"col-1271443646\" class=\"col medium-10 small-12 large-6\"  >\n\t\t\t\t<div class=\"col-inner text-left\"  >\n\t\t\t\n\t\t\t\n<h3 class=\"lead\" style=\"text-align: left;\"><strong>2. Welche sonstigen Einreisebestimmungen gelten?<\/strong><\/h3>\n<p><strong><a href=\"https:\/\/bali.com\/de\/bali\/reisebestimmungen-bali-indonesien\/\">Wichtige Infos vor deiner Ankunft:<\/a><\/strong><\/p>\n<a href=\"https:\/\/bali.com\/de\/bali\/reisebestimmungen-bali-indonesien\/\" class=\"button primary is-larger\" style=\"border-radius:20px;\">\n\t\t<span>Reiseanforderungen<\/span>\n\t<\/a>\n\n\t\t<\/div>\n\t\t\t\t\t<\/div>\n\n\t\n\n\t<div id=\"col-29194393\" class=\"col medium-10 small-12 large-12\"  >\n\t\t\t\t<div class=\"col-inner text-left\"  >\n\t\t\t\n\t\t\t\n<p>Wir empfehlen, <strong>gen\u00fcgend Zeit<\/strong> einzuplanen, um sich mit den Vorschriften vertraut zu machen. So kannst du eine <strong>reibungslose Einreise nach Indonesien<\/strong>\u00a0sicherstellen.<\/p>\n<p><strong>Achtung:<\/strong> Es gibt viele **betr\u00fcgerische Websites. \/SCAMMERS) die Visa und die Bali-Tourismussteuer verkaufen. Nutze nur die offiziellen und gepr\u00fcften Partmerlinks, die wir in unseren FAQs bereitstellen.<\/p>\n\t\t<\/div>\n\t\t\t\t\t<\/div>\n\n\t\n<\/div>\n\t\t<\/div>\n\n\t\t\n<style>\n#section_943289678 {\n  padding-top: 30px;\n  padding-bottom: 30px;\n}\n<\/style>\n\t<\/section>\n\t\n\n\t<section class=\"section\" id=\"section_459309240\">\n\t\t<div class=\"section-bg fill\" >\n\t\t\t\t\t\t\t\t\t\n\t\t\t\n\n\t\t<\/div>\n\n\t\t\n\n\t\t<div class=\"section-content relative\">\n\t\t\t\n<div class=\"row align-center\"  id=\"row-1016722638\">\n\n\t<div id=\"col-1425977772\" class=\"col medium-6 small-12 large-6\"  >\n\t\t\t\t<div class=\"col-inner\"  >\n\t\t\t\n\t\t\t\n<h3><strong>Auch wichtig: Reisekrankenversicherung f\u00fcr Bali &amp; dar\u00fcber hinaus (en)<\/strong><\/h3>\n\t<div class=\"img has-hover x md-x lg-x y md-y lg-y\" id=\"image_253189758\">\n\t\t<a class=\"\" href=\"https:\/\/bali.com\/guide-to-moving-and-living-in-bali\/medical-insurance-health-indonesia\/\" target=\"_blank\" rel=\"noopener\" >\t\t\t\t\t\t<div class=\"img-inner dark\" >\n\t\t\t<img loading=\"lazy\" decoding=\"async\" width=\"800\" height=\"493\" src=\"https:\/\/bali.com\/wp-content\/uploads\/2026\/03\/medical-travel-insurance-worldwide-banner.webp\" class=\"attachment-large size-large\" alt=\"medical travel insurance banner\" srcset=\"https:\/\/bali.com\/wp-content\/uploads\/2026\/03\/medical-travel-insurance-worldwide-banner.webp 800w, https:\/\/bali.com\/wp-content\/uploads\/2026\/03\/medical-travel-insurance-worldwide-banner-768x473.webp 768w, https:\/\/bali.com\/wp-content\/uploads\/2026\/03\/medical-travel-insurance-worldwide-banner-510x314.webp 510w\" sizes=\"auto, (max-width: 800px) 100vw, 800px\" \/>\t\t\t\t\t\t\n\t\t\t\t\t<\/div>\n\t\t\t\t\t\t<\/a>\t\t\n<style>\n#image_253189758 {\n  width: 100%;\n}\n<\/style>\n\t<\/div>\n\t\n\t\t<\/div>\n\t\t\t\t\t<\/div>\n\n\t\n\n\t<div id=\"col-1383944565\" class=\"col medium-6 small-12 large-6\"  >\n\t\t\t\t<div class=\"col-inner\"  >\n\t\t\t\n\t\t\t\n\n\t<section class=\"section\" id=\"section_1238762274\">\n\t\t<div class=\"section-bg fill\" >\n\t\t\t\t\t\t\t\t\t\n\t\t\t\n\t<div class=\"is-border\"\n\t\tstyle=\"border-width:2px 2px 2px 2px;\">\n\t<\/div>\n\n\t\t<\/div>\n\n\t\t\n\n\t\t<div class=\"section-content relative\">\n\t\t\t\n\n\t<div id=\"gap-1018211772\" class=\"gap-element clearfix\" style=\"display:block; height:auto;\">\n\t\t\n<style>\n#gap-1018211772 {\n  padding-top: 30px;\n}\n<\/style>\n\t<\/div>\n\t\n\n<div class=\"row row-small align-center show-for-small\"  id=\"row-810664436\">\n\n\n\t<div id=\"col-1501912727\" class=\"col medium-6 small-8 large-4\"  >\n\t\t\t\t<div class=\"col-inner text-center\"  >\n\t\t\t\n\t\t\t\n\n\t<div id=\"text-2660840507\" class=\"text\">\n\t\t\n\n<h1><a href=\"_wp_link_placeholder\" data-wplink-edit=\"true\">Bali Digitale Discount Karte<\/a><\/h1>\n\t\t\n<style>\n#text-2660840507 {\n  font-size: 1.4rem;\n  text-align: left;\n}\n<\/style>\n\t<\/div>\n\t\n\n\t\t<\/div>\n\t\t\t\t\t<\/div>\n\n\t\n\n\t<div id=\"col-1920549479\" class=\"col medium-4 small-4 large-4\"  >\n\t\t\t\t<div class=\"col-inner\"  >\n\t\t\t\n\t\t\t\n\n\t<div class=\"img has-hover x md-x lg-x y md-y lg-y\" id=\"image_1950852026\">\n\t\t<a class=\"\" href=\"https:\/\/bali.com\/balicard\/?code=hohoho50\" >\t\t\t\t<div data-animate=\"fadeInLeft\">\t\t<div class=\"img-inner dark\" >\n\t\t\t<img loading=\"lazy\" decoding=\"async\" width=\"300\" height=\"300\" src=\"https:\/\/bali.com\/wp-content\/uploads\/2024\/11\/balicard-teaser-15d.webp\" class=\"attachment-large size-large\" alt=\"\" srcset=\"https:\/\/bali.com\/wp-content\/uploads\/2024\/11\/balicard-teaser-15d.webp 300w, https:\/\/bali.com\/wp-content\/uploads\/2024\/11\/balicard-teaser-15d-247x247.webp 247w, https:\/\/bali.com\/wp-content\/uploads\/2024\/11\/balicard-teaser-15d-100x100.webp 100w\" sizes=\"auto, (max-width: 300px) 100vw, 300px\" \/>\t\t\t\t\t\t\n\t\t\t\t\t<\/div>\n\t\t<\/div>\t\t\t\t<\/a>\t\t\n<style>\n#image_1950852026 {\n  width: 100%;\n}\n<\/style>\n\t<\/div>\n\t\n\n\n\t\t<\/div>\n\t\t\t\t\n<style>\n#col-1920549479 > .col-inner {\n  margin: -70px 0px 0px -20px;\n}\n<\/style>\n\t<\/div>\n\n\t\n\n\t<div id=\"col-1622981760\" class=\"col medium-6 small-12 large-5\"  >\n\t\t\t\t<div class=\"col-inner text-left\"  >\n\t\t\t\n\t\t\t\n\n\t<div id=\"text-1834245310\" class=\"text\">\n\t\t\n\n<ul>\n<li>Discounts bei 200+ ausgesuchten <strong><a href=\"https:\/\/bali.com\/balicard\">Partnerm<\/a><\/strong><\/li>\n<li><strong>Gratis 1GB eSIM<\/strong>\u00a0 (<s>USD4,99)<\/s><\/li>\n<li>Waterbom, Aktivit\u00e4ten, Cafes...<\/li>\n<\/ul>\n\t\t\n<style>\n#text-1834245310 {\n  font-size: 1.3rem;\n  line-height: 1.15;\n  text-align: left;\n}\n@media (min-width:550px) {\n  #text-1834245310 {\n    font-size: 1.6rem;\n  }\n}\n<\/style>\n\t<\/div>\n\t\n<a href=\"https:\/\/bali.com\/de\/balicard\/\" class=\"button primary\" style=\"border-radius:10px;\">\n\t\t<span>Bali Discounts<\/span>\n\t<\/a>\n\n\n\n\t\t<\/div>\n\t\t\t\t\n<style>\n#col-1622981760 > .col-inner {\n  margin: -20px 0px 0px 0px;\n}\n<\/style>\n\t<\/div>\n\n\t\n\n\n<style>\n#row-810664436 > .col > .col-inner {\n  padding: 0px 0px 0px 0px;\n}\n<\/style>\n<\/div>\n<div class=\"row row-small align-middle align-center hide-for-small\"  id=\"row-573862590\">\n\n\n\t<div id=\"col-1445117410\" class=\"col medium-4 small-12 large-9\"  >\n\t\t\t\t<div class=\"col-inner text-left\"  >\n\t\t\t\n\t\t\t\n\n\t<div id=\"text-1801463666\" class=\"text\">\n\t\t\n\n<h1><strong><a href=\"https:\/\/bali.com\/balicard\/\">Balis Discount Karte<\/a><\/strong><\/h1>\n<ul>\n<li>Discounts bei 200+ ausgesuchten <strong><a href=\"https:\/\/bali.com\/balicard\">Partnerm<\/a><\/strong><\/li>\n<li><strong>Gratis 1GB eSIM<\/strong>\u00a0 (<s>USD4,99)<\/s><\/li>\n<li>Waterbom, Aktivit\u00e4ten, Cafes...<\/li>\n<\/ul>\n\t\t\n<style>\n#text-1801463666 {\n  font-size: 1rem;\n  text-align: left;\n}\n@media (min-width:550px) {\n  #text-1801463666 {\n    text-align: left;\n  }\n}\n<\/style>\n\t<\/div>\n\t\n<a href=\"https:\/\/app.bali.com\/\" class=\"button primary\" style=\"border-radius:20px;\">\n\t\t<span>Bali Discounts<\/span>\n\t<\/a>\n\n\n\n\t\t<\/div>\n\t\t\t\t\t<\/div>\n\n\t\n\n\t<div id=\"col-601423996\" class=\"col medium-4 small-12 large-3\"  >\n\t\t\t\t<div class=\"col-inner\"  >\n\t\t\t\n\t\t\t\n\n\t<div class=\"img has-hover x md-x lg-x y md-y lg-y\" id=\"image_1150021081\">\n\t\t\t\t\t\t\t\t<div class=\"img-inner dark\" >\n\t\t\t<img loading=\"lazy\" decoding=\"async\" width=\"300\" height=\"300\" src=\"https:\/\/bali.com\/wp-content\/uploads\/2024\/11\/balicard-teaser-15d.webp\" class=\"attachment-large size-large\" alt=\"\" srcset=\"https:\/\/bali.com\/wp-content\/uploads\/2024\/11\/balicard-teaser-15d.webp 300w, https:\/\/bali.com\/wp-content\/uploads\/2024\/11\/balicard-teaser-15d-247x247.webp 247w, https:\/\/bali.com\/wp-content\/uploads\/2024\/11\/balicard-teaser-15d-100x100.webp 100w\" sizes=\"auto, (max-width: 300px) 100vw, 300px\" \/>\t\t\t\t\t\t\n\t\t\t\t\t<\/div>\n\t\t\t\t\t\t\t\t\n<style>\n#image_1150021081 {\n  width: 100%;\n}\n<\/style>\n\t<\/div>\n\t\n\n\n\t\t<\/div>\n\t\t\t\t\n<style>\n#col-601423996 > .col-inner {\n  margin: 0px 0px 0px 0px;\n}\n@media (min-width:850px) {\n  #col-601423996 > .col-inner {\n    margin: -100px 0px 0px 0px;\n  }\n}\n<\/style>\n\t<\/div>\n\n\t\n\n\n<style>\n#row-573862590 > .col > .col-inner {\n  padding: 0px 0px 0px 0px;\n}\n<\/style>\n<\/div>\n\n\t\t<\/div>\n\n\t\t\n<style>\n#section_1238762274 {\n  padding-top: 0px;\n  padding-bottom: 0px;\n  background-color: rgb(244, 243, 243);\n}\n<\/style>\n\t<\/section>\n\t\n\t\t<\/div>\n\t\t\t\t\t<\/div>\n\n\t\n<\/div>\n\t\t<\/div>\n\n\t\t\n<style>\n#section_459309240 {\n  padding-top: 30px;\n  padding-bottom: 30px;\n  background-color: rgb(238, 238, 238);\n}\n<\/style>\n\t<\/section>\n\t\n","protected":false},"excerpt":{"rendered":"","protected":false},"author":1,"featured_media":253268,"parent":17065,"menu_order":5,"comment_status":"closed","ping_status":"closed","template":"page-transparent-header-light.php","meta":{"_acf_changed":false,"_seopress_robots_primary_cat":"0","_seopress_titles_title":"Indonesien Reiseanforderungen, rechtzeitig Visa beantragen - Bali","_seopress_titles_desc":"Einreisebestimmungen f\u00fcr Indonesien, plane Deine Balireise. Ja man ben\u00f6tigt ein Visa , fr\u00fch genug beantragen ist wichtig. Dein Bali Reisef\u00fchrer","_seopress_robots_index":"","footnotes":""},"categories":[1770,1771],"tags":[],"class_list":["post-299929","page","type-page","status-publish","has-post-thumbnail","hentry","category-essentials-de","category-reisefuehrer-uebersicht"],"acf":[],"_links":{"self":[{"href":"https:\/\/bali.com\/de\/wp-json\/wp\/v2\/pages\/299929","targetHints":{"allow":["GET"]}}],"collection":[{"href":"https:\/\/bali.com\/de\/wp-json\/wp\/v2\/pages"}],"about":[{"href":"https:\/\/bali.com\/de\/wp-json\/wp\/v2\/types\/page"}],"author":[{"embeddable":true,"href":"https:\/\/bali.com\/de\/wp-json\/wp\/v2\/users\/1"}],"replies":[{"embeddable":true,"href":"https:\/\/bali.com\/de\/wp-json\/wp\/v2\/comments?post=299929"}],"version-history":[{"count":0,"href":"https:\/\/bali.com\/de\/wp-json\/wp\/v2\/pages\/299929\/revisions"}],"up":[{"embeddable":true,"href":"https:\/\/bali.com\/de\/wp-json\/wp\/v2\/pages\/17065"}],"wp:featuredmedia":[{"embeddable":true,"href":"https:\/\/bali.com\/de\/wp-json\/wp\/v2\/media\/253268"}],"wp:attachment":[{"href":"https:\/\/bali.com\/de\/wp-json\/wp\/v2\/media?parent=299929"}],"wp:term":[{"taxonomy":"category","embeddable":true,"href":"https:\/\/bali.com\/de\/wp-json\/wp\/v2\/categories?post=299929"},{"taxonomy":"post_tag","embeddable":true,"href":"https:\/\/bali.com\/de\/wp-json\/wp\/v2\/tags?post=299929"}],"curies":[{"name":"wp","href":"https:\/\/api.w.org\/{rel}","templated":true}]}}