{"id":300006,"date":"2025-02-13T04:00:17","date_gmt":"2025-02-12T20:00:17","guid":{"rendered":"https:\/\/bali.com\/motorbike-scooter-rental-bikago\/"},"modified":"2025-03-17T18:20:08","modified_gmt":"2025-03-17T10:20:08","slug":"mottorrad-roller-mieten-bikago","status":"publish","type":"page","link":"https:\/\/bali.com\/de\/mottorrad-roller-mieten-bikago\/","title":{"rendered":"Bali Roller &#038; MIeten &#8211; Bikago, Bester Service"},"content":{"rendered":"\n  <div class=\"banner has-hover has-video is-full-height\" id=\"banner-1084778470\">\n          <div class=\"banner-inner fill\">\n        <div class=\"banner-bg fill\" >\n            <img loading=\"lazy\" decoding=\"async\" width=\"1200\" height=\"800\" src=\"https:\/\/bali.com\/wp-content\/uploads\/2022\/04\/bali-bike-rental-bikago-shop-1200x800.jpg\" class=\"bg attachment-large size-large\" alt=\"bali bike rental bikago showroom\" \/>            \t<div class=\"video-overlay no-click fill visible\"><\/div>\n\t<video class=\"video-bg fill visible\" preload playsinline autoplay muted loop>\n\t\t<source src=\"https:\/\/bali.com\/wp-content\/uploads\/movies\/bikago-bike-rental-17s.mp4\" type=\"video\/mp4\">\t<\/video>\n                        \n                    <\/div>\n\t\t\n        <div class=\"banner-layers container\">\n            <div class=\"fill banner-link\"><\/div>            \n   <div id=\"text-box-247660561\" class=\"text-box banner-layer x50 md-x5 lg-x5 y95 md-y95 lg-y95 res-text\">\n                                <div class=\"text-box-content text box-shadow-1\">\n              \n              <div class=\"text-inner text-left\">\n                  \n\t<div id=\"text-10771692\" class=\"text\">\n\t\t\n<h2><strong>Rollerverleih &amp; Motorr\u00e4der in Bali<\/strong><\/h2>\n<h3>bei BIKAGO &#8211; online buchen<\/h3>\n<p>Hochwertige Motorroller &amp; Motorr\u00e4der mit h\u00f6chsten Sicherheitsstandards<\/p>\n\t\t\n<style>\n#text-10771692 {\n  font-size: 0.75rem;\n}\n@media (min-width:550px) {\n  #text-10771692 {\n    font-size: 0.85rem;\n  }\n}\n<\/style>\n\t<\/div>\n\t\n<a href=\"https:\/\/www.bikago.com\/#bali=com\" target=\"_blank\" class=\"button primary is-outline\" rel=\"noopener\" >\n\t\t<span>ANFRAGEN<\/span>\n\t<\/a>\n\n              <\/div>\n           <\/div>\n                            \n<style>\n#text-box-247660561 .text-box-content {\n  background-color: rgb(255, 255, 255);\n  font-size: 100%;\n}\n#text-box-247660561 .text-inner {\n  padding: 30px 30px 30px 30px;\n}\n#text-box-247660561 {\n  width: 85%;\n}\n@media (min-width:550px) {\n  #text-box-247660561 {\n    width: 29%;\n  }\n}\n<\/style>\n    <\/div>\n \n        <\/div>\n      <\/div>\n\n            \n<style>\n#banner-1084778470 {\n  padding-top: 100%;\n}\n<\/style>\n  <\/div>\n\n\n\n\t<section class=\"section\" id=\"section_92989658\">\n\t\t<div class=\"section-bg fill\" >\n\t\t\t\t\t\t\t\t\t\n\t\t\t\n\n\t\t<\/div>\n\n\t\t\n\n\t\t<div class=\"section-content relative\">\n\t\t\t\n<div class=\"row row-collapse row-full-width\"  id=\"row-1846449031\">\n\n\t<div id=\"col-1099779365\" class=\"col small-12 large-12\"  >\n\t\t\t\t<div class=\"col-inner\"  >\n\t\t\t\n\t\t\t\n\n<p><script src=\"https:\/\/apps.elfsight.com\/p\/platform.js\" defer><\/script><\/p>\n<div class=\"elfsight-app-4fb9250c-d9eb-46b1-a43e-0979ee9179c4\"><\/div>\n\n\t<div id=\"gap-833156261\" class=\"gap-element clearfix\" style=\"display:block; height:auto;\">\n\t\t\n<style>\n#gap-833156261 {\n  padding-top: 70px;\n}\n<\/style>\n\t<\/div>\n\t\n\t\t<\/div>\n\t\t\t\t\t<\/div>\n\n\t\n\n<style>\n#row-1846449031 > .col > .col-inner {\n  background-color: rgb(255, 255, 255);\n}\n<\/style>\n<\/div>\n\t\t<\/div>\n\n\t\t\n<style>\n#section_92989658 {\n  padding-top: 30px;\n  padding-bottom: 30px;\n}\n<\/style>\n\t<\/section>\n\t\n\n\t<section class=\"section\" id=\"section_1608773223\">\n\t\t<div class=\"section-bg fill\" >\n\t\t\t\t\t\t\t\t\t\n\t\t\t\n\n\t\t<\/div>\n\n\t\t\n\n\t\t<div class=\"section-content relative\">\n\t\t\t\n<div class=\"row\"  id=\"row-1914922963\">\n\n\t<div id=\"col-2018434566\" class=\"col small-12 large-12\"  >\n\t\t\t\t<div class=\"col-inner\"  >\n\t\t\t\n\t\t\t\n\n<p><script src=\"https:\/\/apps.elfsight.com\/p\/platform.js\" defer><\/script><\/p>\n<div class=\"elfsight-app-0919e5f8-28f6-44fb-a877-bd8700843afa\"><\/div>\n\n\t\t<\/div>\n\t\t\t\t\t<\/div>\n\n\t\n<\/div>\n\t\t<\/div>\n\n\t\t\n<style>\n#section_1608773223 {\n  padding-top: 30px;\n  padding-bottom: 30px;\n}\n<\/style>\n\t<\/section>\n\t\n\n\t<section class=\"section dark\" id=\"section_2145638803\">\n\t\t<div class=\"section-bg fill\" >\n\t\t\t\t\t\t\t\t\t\n\t\t\t\n\n\t\t<\/div>\n\n\t\t\n\n\t\t<div class=\"section-content relative\">\n\t\t\t\n<div class=\"row row-collapse align-center\"  id=\"row-1482701437\">\n\n\t<div id=\"col-1272096260\" class=\"col medium-9 small-11 large-11\"  >\n\t\t\t\t<div class=\"col-inner text-center\"  >\n\t\t\t\n\t\t\t\n\t<div id=\"text-843670020\" class=\"text\">\n\t\t\n<h3>Miete einen Roller oder ein Motorrad in Bali<\/h3>\n\t\t\n<style>\n#text-843670020 {\n  font-size: 2rem;\n  line-height: 1;\n}\n<\/style>\n\t<\/div>\n\t\n\t\t<\/div>\n\t\t\t\t\t<\/div>\n\n\t\n<\/div>\n\t\t<\/div>\n\n\t\t\n<style>\n#section_2145638803 {\n  padding-top: 20px;\n  padding-bottom: 20px;\n  background-color: #273647;\n}\n<\/style>\n\t<\/section>\n\t\n\n\t<section class=\"section\" id=\"section_1098389759\">\n\t\t<div class=\"section-bg fill\" >\n\t\t\t\t\t\t\t\t\t\n\t\t\t\n\n\t\t<\/div>\n\n\t\t\n\n\t\t<div class=\"section-content relative\">\n\t\t\t\n<div class=\"row\"  id=\"row-231247025\">\n\n\t<div id=\"col-335582620\" class=\"col medium-6 small-12 large-6\"  >\n\t\t\t\t<div class=\"col-inner text-center\"  >\n\t\t\t\n\t\t\t\n<h2>Hochwertige Fahrzeuge, Motorradversicherung, 24\/7 Kundenservice, kostenlose Lieferung &#038; Abholung, Pannenhilfe, 4G-Daten-SIM.<\/h2>\n\t\t<\/div>\n\t\t\t\t\t<\/div>\n\n\t\n\n\t<div id=\"col-921687921\" class=\"col medium-6 small-12 large-6\"  >\n\t\t\t\t<div class=\"col-inner\"  >\n\t\t\t\n\t\t\t\n\n  <div class=\"banner has-hover\" id=\"banner-774034038\">\n          <div class=\"banner-inner fill\">\n        <div class=\"banner-bg fill\" >\n            <img loading=\"lazy\" decoding=\"async\" width=\"1280\" height=\"596\" src=\"https:\/\/bali.com\/wp-content\/uploads\/2022\/07\/bikago-bike-rental-bali.jpg\" class=\"bg attachment-large size-large\" alt=\"bali motor bike rental\" \/>                                    \n                    <\/div>\n\t\t\n        <div class=\"banner-layers container\">\n            <a class=\"fill\" href=\"https:\/\/www.bikago.com\/#bali=com\" target=\"_blank\" rel=\"noopener\"><div class=\"fill banner-link\"><\/div><\/a>            \n        <\/div>\n      <\/div>\n\n            \n<style>\n#banner-774034038 {\n  padding-top: 56.25%;\n}\n<\/style>\n  <\/div>\n\n\n\t\t<\/div>\n\t\t\t\t\t<\/div>\n\n\t\n<\/div>\n\t\t<\/div>\n\n\t\t\n<style>\n#section_1098389759 {\n  padding-top: 30px;\n  padding-bottom: 30px;\n}\n<\/style>\n\t<\/section>\n\t\n\n<p><script type=\"text\/javascript\">\n    adroll_adv_id = \"6DFGY3U2Y5EJDPWVUSUBYF\";\n    adroll_pix_id = \"BPUVV3AH3JAUNOBX74ELFV\";\n    adroll_version = \"2.0\";<\/p>\n<p>    (function(w, d, e, o, a) {\n        w.__adroll_loaded = true;\n        w.adroll = w.adroll || [];\n        w.adroll.f = [ 'setProperties', 'identify', 'track' ];\n        var roundtripUrl = \"https:\/\/s.adroll.com\/j\/\" + adroll_adv_id\n                + \"\/roundtrip.js\";\n        for (a = 0; a < w.adroll.f.length; a++) {\n            w.adroll[w.adroll.f[a]] = w.adroll[w.adroll.f[a]] || (function(n) {\n                return function() {\n                    w.adroll.push([ n, arguments ])\n                }\n            })(w.adroll.f[a])\n        }\n\n        e = d.createElement('script');\n        o = d.getElementsByTagName('script')[0];\n        e.async = 1;\n        e.src = roundtripUrl;\n        o.parentNode.insertBefore(e, o);\n    })(window, document);\n    adroll.track(\"pageView\");\n<\/script><br \/>\n\n\n\t<section class=\"section\" id=\"section_1204361351\">\n\t\t<div class=\"section-bg fill\" >\n\t\t\t\t\t\t\t\t\t\n\t\t\t\n\n\t\t<\/div>\n\n\t\t\n\n\t\t<div class=\"section-content relative\">\n\t\t\t\n<div class=\"row\"  id=\"row-1928981914\">\n\n\t<div id=\"col-1364874582\" class=\"col small-12 large-12\"  >\n\t\t\t\t<div class=\"col-inner text-center dark\"  >\n\t\t\t\n\t\t\t\n<h1>Rollervermietung Standorte auf Bali<\/h1>\n\t\t<\/div>\n\t\t\t\t\t<\/div>\n\n\t\n\n\t<div id=\"col-1316912990\" class=\"col small-12 large-12\"  >\n\t\t\t\t<div class=\"col-inner text-center\"  >\n\t\t\t\n\t\t\t\n\n<p><script src=\"https:\/\/apps.elfsight.com\/p\/platform.js\" defer><\/script><\/p>\n<div class=\"elfsight-app-832b317d-4f36-43db-ac1d-007c7b327de0\"><\/div>\n\n\t<div id=\"gap-1452433701\" class=\"gap-element clearfix\" style=\"display:block; height:auto;\">\n\t\t\n<style>\n#gap-1452433701 {\n  padding-top: 30px;\n}\n<\/style>\n\t<\/div>\n\t\n<a href=\"https:\/\/www.bikago.com\/#bali=com\" target=\"_blank\" class=\"button white is-larger\" rel=\"noopener\" >\n\t\t<span>Preise &amp; Verf\u00fcgbarkeit<\/span>\n\t<\/a>\n\n\t\t<\/div>\n\t\t\t\t\t<\/div>\n\n\t\n<\/div>\n\t\t<\/div>\n\n\t\t\n<style>\n#section_1204361351 {\n  padding-top: 60px;\n  padding-bottom: 60px;\n  background-color: rgb(39, 54, 71);\n}\n<\/style>\n\t<\/section>\n\t\n\n\t<section class=\"section\" id=\"section_1508454525\">\n\t\t<div class=\"section-bg fill\" >\n\t\t\t\t\t\t\t\t\t\n\t\t\t\n\n\t\t<\/div>\n\n\t\t\n\n\t\t<div class=\"section-content relative\">\n\t\t\t\n<div class=\"row\"  id=\"row-576725518\">\n\n\t<div id=\"col-986549232\" class=\"col small-12 large-12\"  >\n\t\t\t\t<div class=\"col-inner text-center\"  >\n\t\t\t\n\t\t\t\n<h6>W\u00c4HLE<\/h6>\n\t<div id=\"text-2305934963\" class=\"text\">\n\t\t\n<h2>Service, Qualit\u00e4t & Sicherheit<\/h2>\n\t\t\n<style>\n#text-2305934963 {\n  font-size: 1.75rem;\n}\n<\/style>\n\t<\/div>\n\t\n\t\t<\/div>\n\t\t\t\t\t<\/div>\n\n\t\n<\/div>\n<div class=\"row row-large\"  id=\"row-1258328659\">\n\n\t<div id=\"col-796340511\" class=\"col medium-4 small-12 large-4\"  >\n\t\t\t\t<div class=\"col-inner text-center\"  >\n\t\t\t\n\t\t\t\n\n\t\t<div class=\"icon-box featured-box icon-box-center text-center\"  >\n\t\t\t\t<div class=\"icon-box-text last-reset\">\n\t\t\t\t\t\t\t\t\t\n\t<div id=\"text-163922112\" class=\"text\">\n\t\t\n<h3>KOSTENLOSE LIEFERUNG<\/h3>\n\t\t\n<style>\n#text-163922112 {\n  font-size: 1.25rem;\n}\n<\/style>\n\t<\/div>\n\t\n\t\t<\/div>\n\t<\/div>\n\t\n\t\n<p>Die Roller werden kostenlos zu deiner Unterkunft geliefert!<\/p>\n\t\t<\/div>\n\t\t\t\t\t<\/div>\n\n\t\n\n\t<div id=\"col-1628414407\" class=\"col medium-4 small-12 large-4\"  >\n\t\t\t\t<div class=\"col-inner text-center\"  >\n\t\t\t\n\t\t\t\n\n\t\t<div class=\"icon-box featured-box icon-box-center text-center\"  >\n\t\t\t\t<div class=\"icon-box-text last-reset\">\n\t\t\t\t\t\t\t\t\t\n\t<div id=\"text-1532428067\" class=\"text\">\n\t\t\n<h3>ONLINE BUCHEN<\/h3>\n\t\t\n<style>\n#text-1532428067 {\n  font-size: 1.25rem;\n}\n<\/style>\n\t<\/div>\n\t\n\t\t<\/div>\n\t<\/div>\n\t\n\t\n<p>Einfach, schnell und sicher. Internationale Zahlungsm\u00f6glichkeiten.<\/p>\n\t\t<\/div>\n\t\t\t\t\t<\/div>\n\n\t\n\n\t<div id=\"col-802787796\" class=\"col medium-4 small-12 large-4\"  >\n\t\t\t\t<div class=\"col-inner text-center\"  >\n\t\t\t\n\t\t\t\n\n\t\t<div class=\"icon-box featured-box icon-box-center text-center\"  >\n\t\t\t\t<div class=\"icon-box-text last-reset\">\n\t\t\t\t\t\t\t\t\t\n\t<div id=\"text-3219703126\" class=\"text\">\n\t\t\n<h3>24\/7 SUPPORT<\/h3>\n\t\t\n<style>\n#text-3219703126 {\n  font-size: 1.25rem;\n}\n<\/style>\n\t<\/div>\n\t\n\t\t<\/div>\n\t<\/div>\n\t\n\t\n<p>Unser Kundenservice ist w\u00e4hrend deiner Rollermiete rund um die Uhr f\u00fcr dich da.<\/p>\n\t\t<\/div>\n\t\t\t\t\t<\/div>\n\n\t\n\n\t<div id=\"col-1608482023\" class=\"col small-12 large-12\"  >\n\t\t\t\t<div class=\"col-inner text-center\"  >\n\t\t\t\n\t\t\t\n<a href=\"https:\/\/www.bikago.com\/#bali=com\" target=\"_blank\" class=\"button primary is-outline is-larger\" rel=\"noopener\" >\n\t\t<span>Preise &amp; Verf\u00fcgbarkeit<\/span>\n\t<\/a>\n\n\t\t<\/div>\n\t\t\t\t\t<\/div>\n\n\t\n<\/div>\n\t\t<\/div>\n\n\t\t\n<style>\n#section_1508454525 {\n  padding-top: 30px;\n  padding-bottom: 30px;\n}\n<\/style>\n\t<\/section>\n\t\n\n\t<section class=\"section\" id=\"section_1340071815\">\n\t\t<div class=\"section-bg fill\" >\n\t\t\t\t\t\t\t\t\t\n\t\t\t\n\n\t\t<\/div>\n\n\t\t\n\n\t\t<div class=\"section-content relative\">\n\t\t\t\n<div class=\"row row-collapse row-full-width align-middle align-center\"  id=\"row-991754855\">\n\n\t<div id=\"col-2024710150\" class=\"col medium-12 small-12 large-6 medium-col-first\"  >\n\t\t\t\t<div class=\"col-inner\"  >\n\t\t\t\n\t\t\t\n\n  <div class=\"banner has-hover\" id=\"banner-2129843087\">\n          <div class=\"banner-inner fill\">\n        <div class=\"banner-bg fill\" >\n            <img loading=\"lazy\" decoding=\"async\" width=\"600\" height=\"400\" src=\"https:\/\/bali.com\/wp-content\/uploads\/2020\/07\/rice-terrace-bali-600.jpg\" class=\"bg attachment-large size-large\" alt=\"\" \/>                                    \n                    <\/div>\n\t\t\n        <div class=\"banner-layers container\">\n            <a class=\"fill\" href=\"https:\/\/www.bikago.com\/#bali=com\" target=\"_blank\" rel=\"noopener\"><div class=\"fill banner-link\"><\/div><\/a>            \n        <\/div>\n      <\/div>\n\n            \n<style>\n#banner-2129843087 {\n  padding-top: 300px;\n  background-color: rgba(255, 255, 255, 0);\n}\n#banner-2129843087 .banner-bg img {\n  object-position: 67% 25%;\n}\n@media (min-width:550px) {\n  #banner-2129843087 {\n    padding-top: 400px;\n  }\n}\n@media (min-width:850px) {\n  #banner-2129843087 {\n    padding-top: 56.25%;\n  }\n}\n<\/style>\n  <\/div>\n\n\n\t\t<\/div>\n\t\t\t\t\t<\/div>\n\n\t\n\n\t<div id=\"col-1176455385\" class=\"col index-up medium-12 small-11 large-6\"  >\n\t\t\t\t<div class=\"col-inner\"  >\n\t\t\t\n\t\t\t\n\t<div id=\"gap-166843551\" class=\"gap-element clearfix\" style=\"display:block; height:auto;\">\n\t\t\n<style>\n#gap-166843551 {\n  padding-top: 30px;\n}\n<\/style>\n\t<\/div>\n\t\n<div class=\"row align-center\"  id=\"row-1131069632\">\n\n\t<div id=\"col-322057119\" class=\"col index-up medium-11 small-12 large-12\"  >\n\t\t\t\t<div class=\"col-inner text-center\" style=\"background-color:rgb(255, 255, 255);\" >\n\t\t\t\n\t\t\t\n<h2>Roller mieten auf Bali<\/h2>\n<p>Wir haben uns mit <strong><a href=\"https:\/\/www.bikago.com\/#bali=com\" target=\"_blank\" rel=\"noopener\">Bikago Bike Rental<\/a><\/strong> zusammengetan \u2013 wahrscheinlich die vertrauensw\u00fcrdigste und professionellste <b>Roller- und Motorradvermietung<\/b> auf Bali. Eine brandneue Flotte von <b>Motorrollern und Motorr\u00e4dern<\/b> in perfektem Zustand. Abhol- &amp; Lieferservice, erstklassige Versicherung und einwandfreier Service. Sie k\u00f6nnen dir ein Pocket-WiFi in deinen Rucksack packen und bieten eine 24\/7-Hotline, falls du Unterst\u00fctzung ben\u00f6tigst.<\/p>\n<p><b>Online Buchung f\u00fcr Bali Scooter Rental:<\/b><br \/>Buche und sichere dir deinen Roller oder dein Motorrad bereits vor deiner Ankunft, und <a href=\"https:\/\/www.bikago.com\/#bali=com\" target=\"_blank\" rel=\"noopener\">miete deinen Bali-Roller online<\/a>. Lasse ihn p\u00fcnktlich an deinen gew\u00fcnschten Ort liefern. Erkunde Bali sicher, bequem und flexibel! <b>Die Roller und Motorr\u00e4der von Bikago sind einfach zu fahren und eine gro\u00dfartige M\u00f6glichkeit, die Insel zu entdecken.<\/b><\/p>\n\t<div id=\"stack-362020210\" class=\"stack stack-row justify-center items-stretch sm:stack-col\">\n\t\t\n<a href=\"https:\/\/www.bikago.com\/#bali=com\" target=\"_blank\" class=\"button secondary is-outline\" rel=\"noopener\" style=\"border-radius:5px;padding:5px 20px 5px 20px;\">\n\t\t<span>BIKAGO<\/span>\n\t<\/a>\n\n\t\t\n<style>\n#stack-362020210 > * {\n  --stack-gap: 0.5rem;\n}\n<\/style>\n\t<\/div>\n\t\n\t\t<\/div>\n\t\t\t\t\n<style>\n#col-322057119 > .col-inner {\n  padding: 15% 10% 15% 10%;\n  margin: -100px 0px 0px 0px;\n  border-radius: 5px;\n}\n@media (min-width:550px) {\n  #col-322057119 > .col-inner {\n    padding: 6% 6% 6% 6%;\n    margin: -150px 0px 0px 0px;\n  }\n}\n@media (min-width:850px) {\n  #col-322057119 > .col-inner {\n    padding: 7% 10% 7% 10%;\n    margin: 0px 0px 0px -100px;\n  }\n}\n<\/style>\n\t<\/div>\n\n\t\n<\/div>\n\t\t<\/div>\n\t\t\t\t\n<style>\n#col-1176455385 > .col-inner {\n  padding: 10px 0px 20px 0px;\n}\n@media (min-width:550px) {\n  #col-1176455385 > .col-inner {\n    padding: 35px 0px 30px 0px;\n  }\n}\n@media (min-width:850px) {\n  #col-1176455385 > .col-inner {\n    padding: 0 0px 0px 0px;\n  }\n}\n<\/style>\n\t<\/div>\n\n\t\n\n\t<div id=\"col-78413791\" class=\"col medium-4 small-9 large-4\"  >\n\t\t\t\t<div class=\"col-inner text-center\"  >\n\t\t\t\n\t\t\t\n\t<div class=\"img has-hover x md-x lg-x y md-y lg-y\" id=\"image_2046234780\">\n\t\t<a class=\"\" href=\"https:\/\/www.bikago.com\/\" target=\"_blank\" rel=\"noopener\" >\t\t\t\t\t\t<div class=\"img-inner dark\" >\n\t\t\t<img loading=\"lazy\" decoding=\"async\" width=\"568\" height=\"117\" src=\"https:\/\/bali.com\/wp-content\/uploads\/2022\/04\/Bikago.png\" class=\"attachment-large size-large\" alt=\"Bikago Logo\" srcset=\"https:\/\/bali.com\/wp-content\/uploads\/2022\/04\/Bikago.png 568w, https:\/\/bali.com\/wp-content\/uploads\/2022\/04\/Bikago-510x105.png 510w\" sizes=\"auto, (max-width: 568px) 100vw, 568px\" \/>\t\t\t\t\t\t\n\t\t\t\t\t<\/div>\n\t\t\t\t\t\t<\/a>\t\t\n<style>\n#image_2046234780 {\n  width: 100%;\n}\n<\/style>\n\t<\/div>\n\t\n\t\t<\/div>\n\t\t\t\t\t<\/div>\n\n\t\n<\/div>\n\t\t<\/div>\n\n\t\t\n<style>\n#section_1340071815 {\n  padding-top: 0px;\n  padding-bottom: 0px;\n  margin-bottom: 0px;\n  background-color: #273647;\n}\n@media (min-width:550px) {\n  #section_1340071815 {\n    padding-top: 0px;\n    padding-bottom: 0px;\n  }\n}\n<\/style>\n\t<\/section>\n\t\n\n\t<section class=\"section\" id=\"section_231204003\">\n\t\t<div class=\"section-bg fill\" >\n\t\t\t\t\t\t\t\t\t\n\t\t\t\n\n\t\t<\/div>\n\n\t\t\n\n\t\t<div class=\"section-content relative\">\n\t\t\t\n\t<div id=\"gap-1338368906\" class=\"gap-element clearfix\" style=\"display:block; height:auto;\">\n\t\t\n<style>\n#gap-1338368906 {\n  padding-top: 30px;\n}\n<\/style>\n\t<\/div>\n\t\n<div class=\"row\"  id=\"row-823802446\">\n\n\t<div id=\"col-1874375914\" class=\"col medium-4 small-12 large-4\"  >\n\t\t\t\t<div class=\"col-inner\"  >\n\t\t\t\n\t\t\t\n\t<div id=\"text-2226217389\" class=\"text\">\n\t\t\n<h2>ROLLER MIETEN AUF BALI<\/h2>\n\t\t\n<style>\n#text-2226217389 {\n  font-size: 1.75rem;\n}\n<\/style>\n\t<\/div>\n\t\n\t\t<\/div>\n\t\t\t\t\t<\/div>\n\n\t\n\n\t<div id=\"col-517720038\" class=\"col medium-8 small-12 large-8\"  >\n\t\t\t\t<div class=\"col-inner\"  >\n\t\t\t\n\t\t\t\n<p>Das Mieten und Fahren eines Rollers oder Motorrads auf Bali ist ziemlich einfach. Dies f\u00fchrt jedoch oft dazu, dass Besucher ihre eigene Sicherheit zu leichtfertig behandeln, wenn sie sich f\u00fcr <b>einen Roller oder ein Motorrad<\/b> entscheiden. Schlecht gewartete Fahrzeuge f\u00fchren regelm\u00e4\u00dfig zu schweren Unf\u00e4llen, und oft gibt es keine Versicherung oder Unterst\u00fctzung im Schadensfall.<\/p>\n<p>Sicherheit und Zuverl\u00e4ssigkeit sind entscheidend, wenn du ein Motorrad auf Bali mietest. Genau deshalb haben wir uns mit Bikago zusammengetan. Die vielen kleinen Rollervermietungen, die sich entlang der Stra\u00dfen Balis befinden, bieten in den meisten F\u00e4llen keine Versicherung, haben keine Wartungsstandards und versuchen manchmal sogar, dir Reparaturkosten anzulasten, die du gar nicht verursacht hast. <strong>Wenn die Preise in dieser Branche extrem niedrig sind, solltest du misstrauisch werden.<\/strong> Wir raten dir, nicht ein paar Dollar zu sparen und dabei deine Sicherheit aufs Spiel zu setzen \u2013 es lohnt sich einfach nicht.<\/p>\n<p>Mit Bikago kannst du <strong>deinen Roller oder dein Motorrad online buchen und reservieren<\/strong> und erh\u00e4ltst eine sofortige Best\u00e4tigung. Du kannst verschiedene n\u00fctzliche Extras und Gadgets hinzuf\u00fcgen. Dein Motorrad oder Roller wird <b>p\u00fcnktlich an dein Hotel, Resort, deine Villa oder sogar an den Flughafen geliefert.<\/b><\/p>\n\t\t<\/div>\n\t\t\t\t\t<\/div>\n\n\t\n<\/div>\n\t\t<\/div>\n\n\t\t\n<style>\n#section_231204003 {\n  padding-top: 30px;\n  padding-bottom: 30px;\n}\n<\/style>\n\t<\/section>\n\t\n","protected":false},"excerpt":{"rendered":"","protected":false},"author":1,"featured_media":135273,"parent":0,"menu_order":0,"comment_status":"closed","ping_status":"closed","template":"","meta":{"_acf_changed":false,"_seopress_robots_primary_cat":"0","_seopress_titles_title":"Bali Roller &amp; Mieten - Bikago, Bester Service","_seopress_titles_desc":"Roller auf Bali Mieten. Motorr\u00e4der. 24\/7 Service und Hotline. Bester Service auf Bali. Qualit\u00e4t und Verl\u00e4sslichkeit ist wichtig f\u00fcr Deine Sicherheit","_seopress_robots_index":"","footnotes":""},"categories":[1578],"tags":[],"class_list":["post-300006","page","type-page","status-publish","has-post-thumbnail","hentry","category-transportation-car-rental-de"],"acf":[],"_links":{"self":[{"href":"https:\/\/bali.com\/de\/wp-json\/wp\/v2\/pages\/300006","targetHints":{"allow":["GET"]}}],"collection":[{"href":"https:\/\/bali.com\/de\/wp-json\/wp\/v2\/pages"}],"about":[{"href":"https:\/\/bali.com\/de\/wp-json\/wp\/v2\/types\/page"}],"author":[{"embeddable":true,"href":"https:\/\/bali.com\/de\/wp-json\/wp\/v2\/users\/1"}],"replies":[{"embeddable":true,"href":"https:\/\/bali.com\/de\/wp-json\/wp\/v2\/comments?post=300006"}],"version-history":[{"count":0,"href":"https:\/\/bali.com\/de\/wp-json\/wp\/v2\/pages\/300006\/revisions"}],"wp:featuredmedia":[{"embeddable":true,"href":"https:\/\/bali.com\/de\/wp-json\/wp\/v2\/media\/135273"}],"wp:attachment":[{"href":"https:\/\/bali.com\/de\/wp-json\/wp\/v2\/media?parent=300006"}],"wp:term":[{"taxonomy":"category","embeddable":true,"href":"https:\/\/bali.com\/de\/wp-json\/wp\/v2\/categories?post=300006"},{"taxonomy":"post_tag","embeddable":true,"href":"https:\/\/bali.com\/de\/wp-json\/wp\/v2\/tags?post=300006"}],"curies":[{"name":"wp","href":"https:\/\/api.w.org\/{rel}","templated":true}]}}