{"id":144322,"date":"2023-05-23T17:25:43","date_gmt":"2023-05-23T09:25:43","guid":{"rendered":"https:\/\/bali.com\/?post_type=product&#038;p=144322"},"modified":"2026-03-21T14:26:10","modified_gmt":"2026-03-21T06:26:10","slug":"balicard-for-15days","status":"publish","type":"product","link":"https:\/\/bali.com\/de\/product\/balicard-for-15days\/","title":{"rendered":"BaliCard for 15 days"},"content":{"rendered":"<h2>15 Days BaliCard<\/h2>\n<p>Discounts at our handpicked <strong><a href=\"http:\/\/bali.com\/balicard\/partners\/\">partner venues<\/a><\/strong> and activities for up to 5 guests.<\/p>\n<p>Choose your activation date (date of arrival).<\/p>\n<a href=\"http:\/\/bali.com\/balicard\/partners\/\" class=\"button secondary is-secondary is-medium\" >\n\t\t<span>List of BaliCard Partners<\/span>\n\t<\/a>\n\n\n\t<section class=\"section\" id=\"section_1619099785\">\n\t\t<div class=\"section-bg fill\" >\n\t\t\t\t\t\t\t\t\t\n\t\t\t\n\n\t\t<\/div>\n\n\t\t\n\n\t\t<div class=\"section-content relative\">\n\t\t\t\n\n<div class=\"row\"  id=\"row-666025123\">\n\n\n\t<div id=\"col-261875709\" class=\"col small-12 large-12\"  >\n\t\t\t\t<div class=\"col-inner\"  >\n\t\t\t\n\t\t\t\n\n<h3 class=\"accordion_title\">Alles was Du \u00fcber die BaliCard wissen musst - FAQ<\/h3><div class=\"accordion\">\n\n\t<div id=\"accordion-1984825273\" class=\"accordion-item\">\n\t\t<a id=\"accordion-1984825273-label\" class=\"accordion-title plain\" href=\"#accordion-item-warum-lohnt-es-sich-eine-balicard-zu-erwerben?\" aria-expanded=\"false\" aria-controls=\"accordion-1984825273-content\">\n\t\t\t<button class=\"toggle\" aria-label=\"Umschalten\"><i class=\"fa-solid fa-caret-down\" aria-hidden=\"true\"><\/i><\/button>\n\t\t\t<span>Warum lohnt es sich eine BaliCard zu erwerben?<\/span>\n\t\t<\/a>\n\t\t<div id=\"accordion-1984825273-content\" class=\"accordion-inner\" aria-labelledby=\"accordion-1984825273-label\">\n\t\t\t\n\n<ol>\n<li>Eine kleine Investition, gro\u00dfe Ersparnisse. Sie werden die Kosten Ihrer Karte nach nur einem oder zwei Besuchen bei unseren Partnern wieder zur\u00fcckbekommen.<\/li>\n<li>Handverlesnen. Bali hat viel zu bieten. Die Auswahl ist riesig und es ist mitunter schwierig die richtige Auswahl zu treffen (Verl\u00e4sslichkeit, Qualit\u00e4t, Nachhaltigkeit etc). Erhalte\u00a0 Zugang zu einigen der besten Angebote, die Bali zu bieten hat. Alle Partner werden sorgf\u00e4ltig ausgew\u00e4hlt, und wir garantieren die Qualit\u00e4t ihrer Dienstleistungen und Produkte.<\/li>\n<li>Erlebe das authentische Bali und mehr. Bali.com ist ein Partnermitglied der UN World Tourism Organization und unterst\u00fctzt und f\u00f6rdert nachhaltige und kulturell relevante Entwicklung. Deshalb haben wir Partner ausgew\u00e4hlt, die es Ihnen erm\u00f6glichen, die wahre Sch\u00f6nheit von Bali und seinen Menschen jenseits dessen zu entdecken, was typischerweise online pr\u00e4sentiert wird.<br \/><br \/><\/li>\n<\/ol>\n\n\t\t<\/div>\n\t<\/div>\n\t\n\t<div id=\"accordion-2803823062\" class=\"accordion-item\">\n\t\t<a id=\"accordion-2803823062-label\" class=\"accordion-title plain\" href=\"#accordion-item-kann-ich-die-balicard-\u00fcbertragen?\" aria-expanded=\"false\" aria-controls=\"accordion-2803823062-content\">\n\t\t\t<button class=\"toggle\" aria-label=\"Umschalten\"><i class=\"fa-solid fa-caret-down\" aria-hidden=\"true\"><\/i><\/button>\n\t\t\t<span>Kann ich die BaliCard \u00fcbertragen?<\/span>\n\t\t<\/a>\n\t\t<div id=\"accordion-2803823062-content\" class=\"accordion-inner\" aria-labelledby=\"accordion-2803823062-label\">\n\t\t\t\n\n<p>Nein, der Inhaber einer BaliCard wird mit dem digitalen Ausweis verkn\u00fcpft, den er bei der Ankunft und Reservierung vorlegen muss. Es k\u00f6nnen jedoch mit der Karte bis zu 5 G\u00e4ste den Discount erhalten.<\/p>\n\n\t\t<\/div>\n\t<\/div>\n\t\n\t<div id=\"accordion-1198443225\" class=\"accordion-item\">\n\t\t<a id=\"accordion-1198443225-label\" class=\"accordion-title plain\" href=\"#accordion-item-wieviel-personen-erhalten-den-balicard-rabatt-bei-den-partnern?\" aria-expanded=\"false\" aria-controls=\"accordion-1198443225-content\">\n\t\t\t<button class=\"toggle\" aria-label=\"Umschalten\"><i class=\"fa-solid fa-caret-down\" aria-hidden=\"true\"><\/i><\/button>\n\t\t\t<span>Wieviel Personen erhalten den BaliCard Rabatt bei den Partnern?<\/span>\n\t\t<\/a>\n\t\t<div id=\"accordion-1198443225-content\" class=\"accordion-inner\" aria-labelledby=\"accordion-1198443225-label\">\n\t\t\t\n\n<p>Bis zu 5 Personen. Die Vorteile und Rabatte gelten f\u00fcr den Karteninhaber und 4 weitere G\u00e4ste, vorausgesetzt, die Zahlung erfolgt in einer Transaktion (einer Rechnung). Einige Partner sind m\u00f6glicherweise bereit, den Rabatt auf mehr als 5 Personen auszuweiten, jedoch sollten Sie dies direkt mit dem Partner \u00fcberpr\u00fcfen, indem Sie ihn kontaktieren.<\/p>\n\n\t\t<\/div>\n\t<\/div>\n\t\n\t<div id=\"accordion-2926597965\" class=\"accordion-item\">\n\t\t<a id=\"accordion-2926597965-label\" class=\"accordion-title plain\" href=\"#accordion-item-wie-bekomme-ich-den-rabatt-und-wie-trete-ich-mit-den-partnern-in-kontakt?\" aria-expanded=\"false\" aria-controls=\"accordion-2926597965-content\">\n\t\t\t<button class=\"toggle\" aria-label=\"Umschalten\"><i class=\"fa-solid fa-caret-down\" aria-hidden=\"true\"><\/i><\/button>\n\t\t\t<span>Wie bekomme ich den Rabatt und wie trete ich mit den Partnern in Kontakt?<\/span>\n\t\t<\/a>\n\t\t<div id=\"accordion-2926597965-content\" class=\"accordion-inner\" aria-labelledby=\"accordion-2926597965-label\">\n\t\t\t\n\n<p>F\u00fcr jeden Partner kann es etwas unterschiedlich sein, je nachdem, ob es sich um ein Restaurant, ein Hotel oder eine Aktivit\u00e4t handelt. Details dazu, wie Sie buchen oder Ihren Rabatt beanspruchen k\u00f6nnen, werden immer auf der Partnerseite erw\u00e4hnt, die Sie in der Liste der Partner finden k\u00f6nnen.<\/p>\n<ol>\n<li>\n<p><strong>Online-Buchung:<\/strong> Einige Partner stellen einen Promo-Code f\u00fcr ihr Online-Buchungssystem zur Verf\u00fcgung. Sie erhalten die Codes in Ihrer Best\u00e4tigungs-E-Mail, nachdem Sie die BaliCard gekauft haben.<\/p>\n<\/li>\n<li>\n<p><strong>Anfrage \/ Reservierung<\/strong>: Einige Partner bitten Sie, sie per E-Mail oder WhatsApp zu kontaktieren, um eine Reservierung vorzunehmen.<\/p>\n<\/li>\n<li>\n<p><strong>Vor-Ort-Besuch<\/strong> - gehen Sie direkt zum Partner: Bei einigen Partnern k\u00f6nnen Sie direkt ohne Buchung oder Reservierung hingehen (z.B. Restaurants). Wenn Sie den Partner besuchen, informieren Sie bitte die Mitarbeiter, dass Sie eine g\u00fcltige BaliCard haben, damit sie deren G\u00fcltigkeit \u00fcberpr\u00fcfen k\u00f6nnen und Ihnen den Rabatt oder die Vorteile gew\u00e4hren k\u00f6nnen.<\/p>\n<\/li>\n<\/ol>\n<p>Die Mitarbeiter unserer Partner haben das Recht, Ihre Identit\u00e4t zu \u00fcberpr\u00fcfen, obwohl dies in der Regel nicht erforderlich ist.<\/p>\n\n\t\t<\/div>\n\t<\/div>\n\t\n\t<div id=\"accordion-3315153628\" class=\"accordion-item\">\n\t\t<a id=\"accordion-3315153628-label\" class=\"accordion-title plain\" href=\"#accordion-item-kann-ich-die-balicard-jetzt-schon-erwerben-obwohle-ich-sp\u00e4ter-reise?\" aria-expanded=\"false\" aria-controls=\"accordion-3315153628-content\">\n\t\t\t<button class=\"toggle\" aria-label=\"Umschalten\"><i class=\"fa-solid fa-caret-down\" aria-hidden=\"true\"><\/i><\/button>\n\t\t\t<span>Kann ich die BaliCard jetzt schon erwerben obwohle ich sp\u00e4ter reise?<\/span>\n\t\t<\/a>\n\t\t<div id=\"accordion-3315153628-content\" class=\"accordion-inner\" aria-labelledby=\"accordion-3315153628-label\">\n\t\t\t\n\n<p>JA! Du kannst die BaliCard kaufen, und das Datum des Besuchs und die Aktivierung der BaliCard entsprechend sp\u00e4ter datierst. Das ist besonders hilfreich wenn Du Villas oder Hotels buchen willst. F\u00fcr Unterk\u00fcnfte gilt das Ankunftsdatum.<\/p>\n\n\t\t<\/div>\n\t<\/div>\n\t\n\t<div id=\"accordion-431543222\" class=\"accordion-item\">\n\t\t<a id=\"accordion-431543222-label\" class=\"accordion-title plain\" href=\"#accordion-item-kann-ich-eine-r\u00fcckerstattung-bekommen?\" aria-expanded=\"false\" aria-controls=\"accordion-431543222-content\">\n\t\t\t<button class=\"toggle\" aria-label=\"Umschalten\"><i class=\"fa-solid fa-caret-down\" aria-hidden=\"true\"><\/i><\/button>\n\t\t\t<span>Kann ich eine R\u00fcckerstattung bekommen?<\/span>\n\t\t<\/a>\n\t\t<div id=\"accordion-431543222-content\" class=\"accordion-inner\" aria-labelledby=\"accordion-431543222-label\">\n\t\t\t\n\n<p>Der Kauf dieser Karte ist nicht erstattungsf\u00e4hig. Du kannst\u00a0 jedoch eine \u00c4nderung des Aktivierungsdatums beantragen, oder die Karte auf einen anderen Namen \u00fcbertragen.<\/p>\n<p>Um Namen oder Aktivierungsdatum zu \u00e4ndern, kontaktiere bitte unser Team.<\/p>\n<p>(<strong><a href=\"mailto:balicard@bali.com\">email<\/a><\/strong>)<\/p>\n\n\t\t<\/div>\n\t<\/div>\n\t\n\t<div id=\"accordion-37919832\" class=\"accordion-item\">\n\t\t<a id=\"accordion-37919832-label\" class=\"accordion-title plain\" href=\"#accordion-item-was-passiert-wenn-meine-karte-f\u00e4lschicherweise-von-einem-partner-abgelehnt-wird?\" aria-expanded=\"false\" aria-controls=\"accordion-37919832-content\">\n\t\t\t<button class=\"toggle\" aria-label=\"Umschalten\"><i class=\"fa-solid fa-caret-down\" aria-hidden=\"true\"><\/i><\/button>\n\t\t\t<span>Was passiert wenn meine Karte f\u00e4lschicherweise von einem Partner abgelehnt wird?<\/span>\n\t\t<\/a>\n\t\t<div id=\"accordion-37919832-content\" class=\"accordion-inner\" aria-labelledby=\"accordion-37919832-label\">\n\t\t\t\n\n<p>Wir bem\u00fchen uns, Dir ein reibungsloses Erlebnis zu erm\u00f6glichen. Kommunikationsprobleme zwischen der Gesch\u00e4ftsleitung des Partnerstandorts und ihren Mitarbeitern sind selten. Falls ein solches Problem auftritt und sie Ihre g\u00fcltige BaliCard nicht akzeptieren, kannst Du sie zun\u00e4chst bitten, auf unsere Website hier zu verweisen, auf der der Name des Standorts und die damit verbundenen Vorteile angezeigt werden, und ihren Vorgesetzten um Unterst\u00fctzung zu bitten. Wenn sie das Problem nicht l\u00f6sen k\u00f6nnen, folge bitte dieser Vorgehensweise:<\/p>\n<p>Keine Sorge, wir werden dieses Problem l\u00f6sen.<\/p>\n<ul>\n<li>Mache ein Foto des Belegs (stelle sicher, dass Datum und Uhrzeit sichtbar sind).<\/li>\n<li>Frage nach dem Namen des Mitarbeiters, der den Rabatt verweigert hat (damit wir einen Anhaltspunkt haben).<\/li>\n<li>Sende Sie uns den Namen, Beleg und andere Informationen, damit wir eine R\u00fcckerstattung f\u00fcr den Betrag arrangieren k\u00f6nnen, den Du gespart h\u00e4ttest.<\/li>\n<li style=\"list-style-type: none;\">\n<ul>\n<li>Whatsapp: <a href=\"https:\/\/wa.me\/+6281353684470\" target=\"_blank\" rel=\"noopener\">+62 (0)813 5368 4470<\/a><\/li>\n<li>email: <a href=\"mailto:balicard@bali.com\">balicard@bali.com<\/a>\u00a0<\/li>\n<\/ul>\n<\/li>\n<\/ul>\n\n\t\t<\/div>\n\t<\/div>\n\t\n\t<div id=\"accordion-269086622\" class=\"accordion-item\">\n\t\t<a id=\"accordion-269086622-label\" class=\"accordion-title plain\" href=\"#accordion-item-wie-habt-ihr-die-partner-ausgew\u00e4hlt?\" aria-expanded=\"false\" aria-controls=\"accordion-269086622-content\">\n\t\t\t<button class=\"toggle\" aria-label=\"Umschalten\"><i class=\"fa-solid fa-caret-down\" aria-hidden=\"true\"><\/i><\/button>\n\t\t\t<span>Wie habt Ihr die Partner ausgew\u00e4hlt?<\/span>\n\t\t<\/a>\n\t\t<div id=\"accordion-269086622-content\" class=\"accordion-inner\" aria-labelledby=\"accordion-269086622-label\">\n\t\t\t\n\n<p>Mit jahrelanger Erfahrung und wertvollem Feedback unserer Reisenden konnten wir sorgf\u00e4ltig Partner ausw\u00e4hlen, mit denen wir die besten Erlebnisse zur Erkundung der sch\u00f6nsten Aspekte von Bali garantieren k\u00f6nnen. Wir legen gro\u00dfen Wert auf Qualit\u00e4t, um Deine Zufriedenheit zu gew\u00e4hrleisten.<\/p>\n\n\t\t<\/div>\n\t<\/div>\n\t\n\t<div id=\"accordion-3988924082\" class=\"accordion-item\">\n\t\t<a id=\"accordion-3988924082-label\" class=\"accordion-title plain\" href=\"#accordion-item-das-kleingedruckte\" aria-expanded=\"false\" aria-controls=\"accordion-3988924082-content\">\n\t\t\t<button class=\"toggle\" aria-label=\"Umschalten\"><i class=\"fa-solid fa-caret-down\" aria-hidden=\"true\"><\/i><\/button>\n\t\t\t<span>Das Kleingedruckte<\/span>\n\t\t<\/a>\n\t\t<div id=\"accordion-3988924082-content\" class=\"accordion-inner\" aria-labelledby=\"accordion-3988924082-label\">\n\t\t\t\n\n<p>\u00c4NDERUNGEN UND MODIFIKATIONEN<\/p>\n<p>Die Partner von bali.com k\u00f6nnen ihre Vorteile und Rabatte mit einer einmonatigen Vorank\u00fcndigung \u00e4ndern. Vorteile k\u00f6nnen auch pl\u00f6tzlich enden, wenn Unternehmen schlie\u00dfen oder die Gesch\u00e4ftsf\u00fchrung wechseln.<\/p>\n<p>Kunden sollten, soweit m\u00f6glich, die aktualisierte Liste der Partner oder die ihnen auf Bali.com zur Verf\u00fcgung stehenden Vorteile \u00fcberpr\u00fcfen.<\/p>\n<p>HAFTUNG<\/p>\n<p>Kunden entbinden Bali.com von jeglicher Haftung im Falle von \u00c4nderungen oder Modifikationen.<\/p>\n<p>Durch die Nutzung unserer Website oder Dienstleistungen stimmen Kunden zu, Bali.com und seine Tochtergesellschaften, Mitarbeiter, Agenten, Partner und Angestellten von jeglichen Anspr\u00fcchen, Sch\u00e4den, Verlusten, Haftungen, Kosten und Ausgaben, einschlie\u00dflich angemessener Anwaltsgeb\u00fchren, freizustellen und schadlos zu halten, die sich in irgendeiner Weise aus der Nutzung unserer Website oder Dienstleistungen ergeben.<\/p>\n\n\t\t<\/div>\n\t<\/div>\n\t\n\n<\/div>\n\n\t\t<\/div>\n\t\t\t\t\t<\/div>\n\n\t\n\n<\/div>\n\n\t\t<\/div>\n\n\t\t\n<style>\n#section_1619099785 {\n  padding-top: 30px;\n  padding-bottom: 30px;\n}\n<\/style>\n\t<\/section>\n\t\n","protected":false},"excerpt":{"rendered":"<p>Get Discounts at our handpicked <strong><a href=\"http:\/\/bali.com\/balicard\/partners\/\">partners<\/a><\/strong>\u00a0for up to 5 guests (same booking \/ invoice). <strong>Got a Coupon Code<\/strong>? Use it at the check out process by clicking on the coupon link.<\/p>\n","protected":false},"featured_media":293501,"template":"","meta":{"_acf_changed":false,"_seopress_robots_primary_cat":"1409","_seopress_titles_title":"The Bali.com BaliCard | Bali Tourist Pass 15 days - Great Discounts","_seopress_titles_desc":"Bali Discounts &amp; Promotions with your BaliCard. Activities, Airport Transfer, Tours, Car Rental with Driver. Best Experiences.","_seopress_robots_index":""},"product_brand":[],"product_cat":[1409],"product_tag":[],"class_list":{"0":"post-144322","1":"product","2":"type-product","3":"status-publish","4":"has-post-thumbnail","6":"product_cat-balicard","8":"first","9":"instock","10":"virtual","11":"sold-individually","12":"taxable","13":"purchasable","14":"product-type-simple"},"acf":[],"_links":{"self":[{"href":"https:\/\/bali.com\/de\/wp-json\/wp\/v2\/product\/144322","targetHints":{"allow":["GET"]}}],"collection":[{"href":"https:\/\/bali.com\/de\/wp-json\/wp\/v2\/product"}],"about":[{"href":"https:\/\/bali.com\/de\/wp-json\/wp\/v2\/types\/product"}],"wp:featuredmedia":[{"embeddable":true,"href":"https:\/\/bali.com\/de\/wp-json\/wp\/v2\/media\/293501"}],"wp:attachment":[{"href":"https:\/\/bali.com\/de\/wp-json\/wp\/v2\/media?parent=144322"}],"wp:term":[{"taxonomy":"product_brand","embeddable":true,"href":"https:\/\/bali.com\/de\/wp-json\/wp\/v2\/product_brand?post=144322"},{"taxonomy":"product_cat","embeddable":true,"href":"https:\/\/bali.com\/de\/wp-json\/wp\/v2\/product_cat?post=144322"},{"taxonomy":"product_tag","embeddable":true,"href":"https:\/\/bali.com\/de\/wp-json\/wp\/v2\/product_tag?post=144322"}],"curies":[{"name":"wp","href":"https:\/\/api.w.org\/{rel}","templated":true}]}}