{"id":281969,"date":"2022-01-26T08:22:36","date_gmt":"2022-01-26T00:22:36","guid":{"rendered":"https:\/\/bali.com\/bali\/travel-regulations-requirements-bali-indonesia\/"},"modified":"2025-08-29T23:28:58","modified_gmt":"2025-08-29T15:28:58","slug":"travel-regulations-requirements-bali-indonesia","status":"publish","type":"page","link":"https:\/\/bali.com\/fr\/bali\/travel-regulations-requirements-bali-indonesia\/","title":{"rendered":"R\u00e9glementations de voyage \u00e0 Bali, taxe touristique et exigences d&#8217;entr\u00e9e"},"content":{"rendered":"\t<div id=\"gap-1028643461\" class=\"gap-element clearfix hide-for-small\" style=\"display:block; height:auto;\">\n\t\t\n<style>\n#gap-1028643461 {\n  padding-top: 130px;\n}\n<\/style>\n\t<\/div>\n\t\n\t<div id=\"gap-784308852\" class=\"gap-element clearfix show-for-small\" style=\"display:block; height:auto;\">\n\t\t\n<style>\n#gap-784308852 {\n  padding-top: 100px;\n}\n<\/style>\n\t<\/div>\n\t\n\n  <div class=\"banner has-hover\" id=\"banner-836448046\">\n          <div class=\"banner-inner fill\">\n        <div class=\"banner-bg fill\" >\n            <img loading=\"lazy\" decoding=\"async\" width=\"1280\" height=\"853\" src=\"https:\/\/bali.com\/wp-content\/uploads\/2020\/07\/nusa-dua-beach-bali.jpg\" class=\"bg attachment-original size-original\" alt=\"\" \/>                        <div class=\"overlay\"><\/div>            \n                    <\/div>\n\t\t\n        <div class=\"banner-layers container\">\n            <div class=\"fill banner-link\"><\/div>            \n   <div id=\"text-box-1923806200\" class=\"text-box banner-layer x50 md-x50 lg-x50 y50 md-y50 lg-y50 res-text\">\n                                <div class=\"text-box-content text dark\">\n              \n              <div class=\"text-inner text-center\">\n                  \n<h1>R\u00e9glementations de voyage \u00e0 Bali, taxe touristique et exigences d&#8217;entr\u00e9e<\/h1>\n<h3>FAQ, conseils et informations essentielles pour venir \u00e0 Bali<\/h3>\n<a data-animate=\"bounceIn\" href=\"https:\/\/bali.com\/newsletter-signup-covid-updates\/\" target=\"_blank\" class=\"button white is-outline\" rel=\"noopener\" >\n\t<i class=\"icon-envelop\" aria-hidden=\"true\"><\/i>\t<span>Bulletin de mise \u00e0 jour des voyages<\/span>\n\t<\/a>\n\n              <\/div>\n           <\/div>\n                            \n<style>\n#text-box-1923806200 {\n  width: 90%;\n}\n#text-box-1923806200 .text-box-content {\n  font-size: 86%;\n}\n@media (min-width:550px) {\n  #text-box-1923806200 .text-box-content {\n    font-size: 96%;\n  }\n}\n<\/style>\n    <\/div>\n \n        <\/div>\n      <\/div>\n\n            \n<style>\n#banner-836448046 {\n  padding-top: 99.99%;\n}\n#banner-836448046 .overlay {\n  background-color: rgba(0,0,0,.5);\n}\n@media (min-width:550px) {\n  #banner-836448046 {\n    padding-top: 40.25%;\n  }\n}\n@media (min-width:850px) {\n  #banner-836448046 {\n    padding-top: 40.25%;\n  }\n}\n<\/style>\n  <\/div>\n\n\n\n\t<section class=\"section\" id=\"section_1782530343\">\n\t\t<div class=\"section-bg fill\" >\n\t\t\t\t\t\t\t\t\t\n\t\t\t\n\n\t\t<\/div>\n\n\t\t\n\n\t\t<div class=\"section-content relative\">\n\t\t\t\n<div class=\"row\"  id=\"row-383098647\">\n\n\t<div id=\"col-655636970\" class=\"col small-12 large-12\"  >\n\t\t\t\t<div class=\"col-inner\"  >\n\t\t\t\n\t\t\t\n<h1>R\u00e9glementations de voyage en Indon\u00e9sie, exigences d&#8217;entr\u00e9e et taxe touristique de Bali<\/h1>\n\t\t<\/div>\n\t\t\t\t\t<\/div>\n\n\t\n\n\t<div id=\"col-1770740814\" class=\"col small-12 large-12\"  >\n\t\t\t\t<div class=\"col-inner\"  >\n\t\t\t\n\t\t\t\n\t<div id=\"text-982893679\" class=\"text\">\n\t\t\n<h1 class=\"lead\"><strong>Vous planifiez votre voyage \u00e0 Bali ? <\/strong><\/h1>\n<p class=\"lead\"><strong>La FAQ suivante vous guidera \u00e0 travers les r\u00e9glementations g\u00e9n\u00e9rales qui s&#8217;appliquent \u00e0 tous les voyageurs INTERNATIONAUX<\/strong><\/p>\n\t\t\n<style>\n#text-982893679 {\n  font-size: 1.6rem;\n}\n<\/style>\n\t<\/div>\n\t\n\t\t<\/div>\n\t\t\t\t\t<\/div>\n\n\t\n\n<\/div>\n\t\t<\/div>\n\n\t\t\n<style>\n#section_1782530343 {\n  padding-top: 30px;\n  padding-bottom: 30px;\n}\n<\/style>\n\t<\/section>\n\t\n\n\t<section class=\"section\" id=\"section_259322920\">\n\t\t<div class=\"section-bg fill\" >\n\t\t\t\t\t\t\t\t\t\n\t\t\t\n\t<div class=\"is-border\"\n\t\tstyle=\"border-color:rgb(205, 205, 205);border-width:2px 2px 2px 2px;\">\n\t<\/div>\n\n\t\t<\/div>\n\n\t\t\n\n\t\t<div class=\"section-content relative\">\n\t\t\t\r\n\r\n<div class=\"row\"  id=\"row-1527795363\">\r\n\r\n\n\t<div id=\"col-1872169975\" class=\"col small-12 large-12\"  >\n\t\t\t\t<div class=\"col-inner\"  >\n\t\t\t\n\t\t\t\r\n\r\n<h1>Choses \u00e0 pr\u00e9parer avant votre arriv\u00e9e \u00e0 Bali (ou ailleurs en Indon\u00e9sie)<\/h1>\r\n<h3 class=\"accordion_title\">FAQ Pr\u00e9paratifs de voyage<\/h3><div class=\"accordion\">\r\n\r\n\t<div id=\"accordion-94855373\" class=\"accordion-item\">\n\t\t<a id=\"accordion-94855373-label\" class=\"accordion-title plain\" href=\"#accordion-item-1.-visa-pour-l\u2019indon\u00e9sie\" aria-expanded=\"false\" aria-controls=\"accordion-94855373-content\">\n\t\t\t<button class=\"toggle\" aria-label=\"Basculer\"><i class=\"fa-solid fa-caret-down\" aria-hidden=\"true\"><\/i><\/button>\n\t\t\t<span>1. Visa pour l\u2019Indon\u00e9sie<\/span>\n\t\t<\/a>\n\t\t<div id=\"accordion-94855373-content\" class=\"accordion-inner\" aria-labelledby=\"accordion-94855373-label\">\n\t\t\t\r\n\r\n<p class=\"lead\"><strong>Oui, la plupart des voyageurs ont besoin d\u2019un visa pour entrer en Indon\u00e9sie, y compris \u00e0 Bali.<\/strong> Il existe diff\u00e9rents types de visa selon votre nationalit\u00e9, la dur\u00e9e de votre s\u00e9jour et le but de votre voyage.<\/p>\r\n<p class=\"lead\">Si votre nationalit\u00e9 est \u00e9ligible au visa touristique B1 de 30 jours (aussi appel\u00e9 <strong><a href=\"https:\/\/bali.com\/bali\/bali-visa-indonesia-entry-regulations\/visa-on-arrival-voa\/\">Visa on Arrival<\/a><\/strong>), nous vous recommandons vivement de l\u2019obtenir en ligne AVANT votre arriv\u00e9e pour gagner du temps.<\/p>\r\n<p class=\"lead\">Cliquez sur le bouton ci-dessous pour v\u00e9rifier ce qui s\u2019applique \u00e0 votre passeport.<\/p>\r\n<a href=\"https:\/\/bali.com\/fr\/bali\/bali-visa-indonesia-entry-regulations\/\" class=\"button primary is-outline\" >\n\t\t<span>V\u00e9rifier visa &amp; nationalit\u00e9<\/span>\n\t<\/a>\n\r\n\r\n\t\t<\/div>\n\t<\/div>\n\t\r\n\r\n\t<div id=\"accordion-1061291335\" class=\"accordion-item\">\n\t\t<a id=\"accordion-1061291335-label\" class=\"accordion-title plain\" href=\"#accordion-item-2.-carte-d\u2019arriv\u00e9e-\u00ab-all-indonesia-\u00bb-pour-les-voyageurs\" aria-expanded=\"false\" aria-controls=\"accordion-1061291335-content\">\n\t\t\t<button class=\"toggle\" aria-label=\"Basculer\"><i class=\"fa-solid fa-caret-down\" aria-hidden=\"true\"><\/i><\/button>\n\t\t\t<span>2. Carte d\u2019arriv\u00e9e \u00ab All Indonesia \u00bb pour les voyageurs<\/span>\n\t\t<\/a>\n\t\t<div id=\"accordion-1061291335-content\" class=\"accordion-inner\" aria-labelledby=\"accordion-1061291335-label\">\n\t\t\t\r\n\r\n<p>Qu\u2019est-ce que la carte d\u2019arriv\u00e9e \u00ab All Indonesia \u00bb ?<\/p>\r\n<p>L\u2019Indon\u00e9sie a introduit un formulaire num\u00e9rique unique appel\u00e9 \u00ab All Indonesia \u00bb. Il regroupe immigration, douane et sant\u00e9 dans une seule plateforme, rempla\u00e7ant les anciens formulaires s\u00e9par\u00e9s comme SATUSEHAT (d\u00e9claration de sant\u00e9) et e-CD (d\u00e9claration en douane).<\/p>\r\n<ul>\r\n<li>Le formulaire doit \u00eatre rempli dans les 3 jours pr\u00e9c\u00e9dant l\u2019arriv\u00e9e (id\u00e9alement 72 heures).<\/li>\r\n<li>Le remplissage prend environ 2 \u00e0 3 minutes.<\/li>\r\n<li>Une fois soumis, un QR code est envoy\u00e9 par e-mail, \u00e0 pr\u00e9senter \u00e0 l\u2019immigration et \u00e0 la douane \u00e0 l\u2019arriv\u00e9e.<\/li>\r\n<li>Aucun frais \u2014 ce service est gratuit. Assurez-vous de n\u2019utiliser QUE le lien officiel ci-dessous. De nombreux sites frauduleux r\u00e9cup\u00e8rent vos donn\u00e9es ou vous facturent \u00e0 tort cette inscription.<\/li>\r\n<\/ul>\r\n<p>Il n\u2019est plus n\u00e9cessaire de remplir s\u00e9par\u00e9ment le formulaire e-customs ou la d\u00e9claration sanitaire mpox.<\/p>\r\n<a href=\"https:\/\/allindonesia.imigrasi.go.id\/\" class=\"button primary\" >\n\t\t<span>Lien officiel All Indonesia<\/span>\n\t<\/a>\n\r\n\r\n\t\t<\/div>\n\t<\/div>\n\t\r\n\r\n\t<div id=\"accordion-1582035771\" class=\"accordion-item\">\n\t\t<a id=\"accordion-1582035771-label\" class=\"accordion-title plain\" href=\"#accordion-item-3.-taxe-touristique-de-bali\" aria-expanded=\"false\" aria-controls=\"accordion-1582035771-content\">\n\t\t\t<button class=\"toggle\" aria-label=\"Basculer\"><i class=\"fa-solid fa-caret-down\" aria-hidden=\"true\"><\/i><\/button>\n\t\t\t<span>3. Taxe touristique de Bali<\/span>\n\t\t<\/a>\n\t\t<div id=\"accordion-1582035771-content\" class=\"accordion-inner\" aria-labelledby=\"accordion-1582035771-label\">\n\t\t\t\r\n\r\n<h3><strong>3. Dois-je payer la taxe touristique ?<\/strong><\/h3>\r\n<h3><strong>Oui \u2014 les visiteurs internationaux \u00e0 Bali doivent payer une taxe touristique (levy).<\/strong><\/h3>\r\n<ul>\r\n<li>Le montant est de 150 000 IDR par personne (environ 10 USD ou 15 AUD).<\/li>\r\n<li><strong>Il s\u2019agit d\u2019une taxe locale balinaise, distincte des frais gouvernementaux indon\u00e9siens.<\/strong><\/li>\r\n<\/ul>\r\n<p><strong>N\u2019utilisez que les liens officiels pour \u00e9viter les sites frauduleux \u2014 certains apparaissent m\u00eame dans les annonces Google. Le bouton ci-dessous m\u00e8ne \u00e0 la source officielle.<\/strong><\/p>\r\n<a href=\"https:\/\/bali.com\/fr\/bali\/bali-visa-indonesia-entry-regulations\/bali-tourist-tax-international-travelers\/\" class=\"button primary\" >\n\t\t<span>Taxe touristique<\/span>\n\t<\/a>\n\r\n\r\n\t\t<\/div>\n\t<\/div>\n\t\r\n\r\n<\/div>\r\n\r\n\t\t<\/div>\n\t\t\t\t\t<\/div>\n\n\t\r\n\r\n<\/div>\r\n\r\n\t\t<\/div>\n\n\t\t\n<style>\n#section_259322920 {\n  padding-top: 30px;\n  padding-bottom: 30px;\n  background-color: rgb(255, 255, 255);\n}\n<\/style>\n\t<\/section>\n\t\r\n\n\t<div id=\"gap-1149976270\" class=\"gap-element clearfix\" style=\"display:block; height:auto;\">\n\t\t\n<style>\n#gap-1149976270 {\n  padding-top: 30px;\n}\n<\/style>\n\t<\/div>\n\t\n\n\t<section class=\"section\" id=\"section_1675455477\">\n\t\t<div class=\"section-bg fill\" >\n\t\t\t\t\t\t\t\t\t\n\t\t\t\n\n\t\t<\/div>\n\n\t\t\n\n\t\t<div class=\"section-content relative\">\n\t\t\t\n\n\t<section class=\"section\" id=\"section_465886019\">\n\t\t<div class=\"section-bg fill\" >\n\t\t\t\t\t\t\t\t\t\n\t\t\t\n\t<div class=\"is-border\"\n\t\tstyle=\"border-color:rgb(205, 205, 205);border-width:2px 2px 2px 2px;\">\n\t<\/div>\n\n\t\t<\/div>\n\n\t\t\n\n\t\t<div class=\"section-content relative\">\n\t\t\t\n\n<div class=\"row\"  id=\"row-1175522628\">\n\n\n\t<div id=\"col-2055662382\" class=\"col small-12 large-12\"  >\n\t\t\t\t<div class=\"col-inner\"  >\n\t\t\t\n\t\t\t\n\n<h3 class=\"accordion_title\">Informations Suppl\u00e9mentaires Importantes \u00e0 Conna\u00eetre pour Planifier Votre Voyage \u00e0 Bali<\/h3><div class=\"accordion\">\n\n\t<div id=\"accordion-1217361421\" class=\"accordion-item\">\n\t\t<a id=\"accordion-1217361421-label\" class=\"accordion-title plain\" href=\"#accordion-item-combien-de-temps-mon-passeport-doit-il-\u00eatre-valide-pour-voyager-\u00e0-bali?-y-a-t-il-des-exigences-sp\u00e9cifiques?\" aria-expanded=\"false\" aria-controls=\"accordion-1217361421-content\">\n\t\t\t<button class=\"toggle\" aria-label=\"Basculer\"><i class=\"fa-solid fa-caret-down\" aria-hidden=\"true\"><\/i><\/button>\n\t\t\t<span>Combien de temps mon passeport doit-il \u00eatre valide pour voyager \u00e0 Bali? Y a-t-il des exigences sp\u00e9cifiques?<\/span>\n\t\t<\/a>\n\t\t<div id=\"accordion-1217361421-content\" class=\"accordion-inner\" aria-labelledby=\"accordion-1217361421-label\">\n\t\t\t\n\n<h3><strong>Oui.<\/strong><\/h3>\n<ul>\n<li><strong>Passeport,<\/strong> doit \u00eatre <strong>valide au moins 6 mois<\/strong> \u00e0 partir du jour de l'arriv\u00e9e. <strong>Aucune exception,<\/strong> sinon vous serez renvoy\u00e9 ! Assurez-vous que votre passeport est valide.<\/li>\n<li>Le passeport doit avoir au moins <strong>une page vide<\/strong>.<\/li>\n<li>Le passeport doit \u00eatre en bon \u00e9tat. Les passeports d\u00e9chir\u00e9s ou tr\u00e8s ab\u00eem\u00e9s peuvent \u00eatre refus\u00e9s. Certains voyageurs se sont vu refuser l'entr\u00e9e en Indon\u00e9sie et ont \u00e9t\u00e9 renvoy\u00e9s car leur passeport \u00e9tait en mauvais \u00e9tat<\/li>\n<\/ul>\n<p><a href=\"https:\/\/bali.com\/bali\/travel-guide\/practical-tips-must-know\/passport-requirements\/\"><strong>D\u00e9tails des Exigences du Passeport<\/strong><\/a><\/p>\n\n\t\t<\/div>\n\t<\/div>\n\t\n\t<div id=\"accordion-2929849671\" class=\"accordion-item\">\n\t\t<a id=\"accordion-2929849671-label\" class=\"accordion-title plain\" href=\"#accordion-item-ai-je-besoin-d&#039;un-billet-de-retour?\" aria-expanded=\"false\" aria-controls=\"accordion-2929849671-content\">\n\t\t\t<button class=\"toggle\" aria-label=\"Basculer\"><i class=\"fa-solid fa-caret-down\" aria-hidden=\"true\"><\/i><\/button>\n\t\t\t<span>Ai-je besoin d'un billet de retour?<\/span>\n\t\t<\/a>\n\t\t<div id=\"accordion-2929849671-content\" class=\"accordion-inner\" aria-labelledby=\"accordion-2929849671-label\">\n\t\t\t\n\n<h3><strong>Oui, vous avez besoin d'un billet de retour.<\/strong><\/h3>\n<h3><strong>Vous n'aurez peut-\u00eatre pas \u00e0 le montrer au comptoir d'immigration, mais cela peut arriver.<\/strong><\/h3>\n<ul>\n<li><strong>Billet de retour<\/strong> - les compagnies a\u00e9riennes et les autorit\u00e9s d'immigration peuvent insister pour que vous ayez un billet de retour dans la p\u00e9riode de validit\u00e9 de votre visa,<\/li>\n<\/ul>\n\n\t\t<\/div>\n\t<\/div>\n\t\n\t<div id=\"accordion-3489891222\" class=\"accordion-item\">\n\t\t<a id=\"accordion-3489891222-label\" class=\"accordion-title plain\" href=\"#accordion-item-ai-je-besoin-d&#039;un-permis-de-conduire-international-pour-louer-un-scooter-ou-une-moto-\u00e0-bali?\" aria-expanded=\"false\" aria-controls=\"accordion-3489891222-content\">\n\t\t\t<button class=\"toggle\" aria-label=\"Basculer\"><i class=\"fa-solid fa-caret-down\" aria-hidden=\"true\"><\/i><\/button>\n\t\t\t<span>Ai-je besoin d'un permis de conduire international pour louer un scooter ou une moto \u00e0 Bali?<\/span>\n\t\t<\/a>\n\t\t<div id=\"accordion-3489891222-content\" class=\"accordion-inner\" aria-labelledby=\"accordion-3489891222-label\">\n\t\t\t\n\n<h3><strong>Oui. C'est maintenant une exigence OBLIGATOIRE<\/strong><\/h3>\n<ul>\n<li>Apportez votre permis de conduire international (si vous souhaitez louer un scooter). Si vous n'en avez pas et ne pouvez pas l'obtenir dans votre pays d'origine, vous pouvez obtenir une version num\u00e9rique ou imprim\u00e9e (livr\u00e9e \u00e0 Bali) ici aupr\u00e8s de notre partenaire accr\u00e9dit\u00e9 \u00e0 Singapour :<\/li>\n<\/ul>\n<h3><strong><a href=\"https:\/\/bali.com\/bali\/travel-guide\/transportation-guide\/international-driving-license-for-bali\/\">Commandez votre Permis de Conduire International \/ Permis de Conduire (IDP) en ligne ici<\/a><\/strong><\/h3>\n\n\t\t<\/div>\n\t<\/div>\n\t\n\t<div id=\"accordion-2195576563\" class=\"accordion-item\">\n\t\t<a id=\"accordion-2195576563-label\" class=\"accordion-title plain\" href=\"#accordion-item-puis-je-commander-une-esim-touristique-en-ligne-avant-mon-arriv\u00e9e?\" aria-expanded=\"false\" aria-controls=\"accordion-2195576563-content\">\n\t\t\t<button class=\"toggle\" aria-label=\"Basculer\"><i class=\"fa-solid fa-caret-down\" aria-hidden=\"true\"><\/i><\/button>\n\t\t\t<span>Puis-je commander une eSIM touristique en ligne avant mon arriv\u00e9e?<\/span>\n\t\t<\/a>\n\t\t<div id=\"accordion-2195576563-content\" class=\"accordion-inner\" aria-labelledby=\"accordion-2195576563-label\">\n\t\t\t\n\n<h3><strong>Oui, vous pouvez commander une eSIM pour Bali en ligne.<\/strong><\/h3>\n<p><strong>Notre partenaire fournit une eSIM vous permettant de vous connecter \u00e0 internet d\u00e8s votre arriv\u00e9e en Indon\u00e9sie.<\/strong><\/p>\n<p><a href=\"https:\/\/bali.com\/simcards-esim\/\"><strong>Commander en ligne<\/strong><\/a><\/p>\n<p><strong>Si vous achetez notre carte de r\u00e9duction num\u00e9rique pour Bali, notre BaliCard, vous obtiendrez une eSIM 1GB GRATUITE \u00e0 tester, que vous pourrez ensuite recharger.<\/strong><\/p>\n<h3><a href=\"https:\/\/bali.com\/balicard\/\">BALICARD &amp; eSIM gratuite<\/a><\/h3>\n\n\t\t<\/div>\n\t<\/div>\n\t\n\t<div id=\"accordion-3645977023\" class=\"accordion-item\">\n\t\t<a id=\"accordion-3645977023-label\" class=\"accordion-title plain\" href=\"#accordion-item-ai-je-besoin-d&#039;une-assurance-voyage-m\u00e9dicale?\" aria-expanded=\"false\" aria-controls=\"accordion-3645977023-content\">\n\t\t\t<button class=\"toggle\" aria-label=\"Basculer\"><i class=\"fa-solid fa-caret-down\" aria-hidden=\"true\"><\/i><\/button>\n\t\t\t<span>Ai-je besoin d'une assurance voyage m\u00e9dicale?<\/span>\n\t\t<\/a>\n\t\t<div id=\"accordion-3645977023-content\" class=\"accordion-inner\" aria-labelledby=\"accordion-3645977023-label\">\n\t\t\t\n\n<h3><strong>Une assurance voyage m\u00e9dicale n'est plus obligatoire.<\/strong><\/h3>\n<p>Mais il est conseill\u00e9 d'en avoir une. Des accidents peuvent survenir \u00e0 Bali et si vous n'\u00eates pas correctement assur\u00e9, les h\u00f4pitaux et les m\u00e9decins demanderont un paiement en esp\u00e8ces et peuvent refuser de vous traiter.<\/p>\n<h3>Vous n'avez pas d'assurance voyage m\u00e9dicale?<\/h3>\n<p><strong><a href=\"https:\/\/bali.com\/guide-to-moving-and-living-in-bali\/medical-insurance-health-indonesia\/\">Obtenez votre assurance voyage m\u00e9dicale pour Bali \/ Indon\u00e9sie et au-del\u00e0 en ligne<\/a><\/strong><\/p>\n<p>Assurance voyage internationale \/ Assurance Nomade \/ Assurance voyage m\u00e9dicale pour 4 semaines ou plus.<\/p>\n<p><a href=\"https:\/\/safetywing.com\/nomad-insurance\/pricing?referenceID=24858588&amp;utm_source=24858588&amp;utm_medium=Ambassador\" target=\"_blank\" rel=\"noopener\"><strong>Infos, Prix &amp; Inscription<\/strong><\/a><\/p>\n\n\t\t<\/div>\n\t<\/div>\n\t\n\t<div id=\"accordion-3982077957\" class=\"accordion-item\">\n\t\t<a id=\"accordion-3982077957-label\" class=\"accordion-title plain\" href=\"#accordion-item-y-a-t-il-des-vols-internationaux-vers-bali?\" aria-expanded=\"false\" aria-controls=\"accordion-3982077957-content\">\n\t\t\t<button class=\"toggle\" aria-label=\"Basculer\"><i class=\"fa-solid fa-caret-down\" aria-hidden=\"true\"><\/i><\/button>\n\t\t\t<span>Y a-t-il des vols internationaux vers Bali?<\/span>\n\t\t<\/a>\n\t\t<div id=\"accordion-3982077957-content\" class=\"accordion-inner\" aria-labelledby=\"accordion-3982077957-label\">\n\t\t\t\n\n<p><b>OUI. Bali (A\u00e9roport Denpasar DPS) est tr\u00e8s bien connect\u00e9 \u00e0 l'international.<\/b><\/p>\n<p>De nombreuses compagnies a\u00e9riennes \u00e9conomiques et internationales proposent des vols vers Bali.<\/p>\n<a href=\"https:\/\/bali.com\/flights\/\" class=\"button primary\" >\n\t\t<span>Vols vers Bali<\/span>\n\t<\/a>\n\n\n<a href=\"https:\/\/bali.com\/bali-airport\/\" class=\"button primary\" >\n\t\t<span>A\u00e9roport DPS<\/span>\n\t<\/a>\n\n\n\n\t\t<\/div>\n\t<\/div>\n\t\n\t<div id=\"accordion-1261453072\" class=\"accordion-item\">\n\t\t<a id=\"accordion-1261453072-label\" class=\"accordion-title plain\" href=\"#accordion-item-est-ce-que-cela-vaut-la-peine-de-voyager-\u00e0-bali-via-jakarta?\" aria-expanded=\"false\" aria-controls=\"accordion-1261453072-content\">\n\t\t\t<button class=\"toggle\" aria-label=\"Basculer\"><i class=\"fa-solid fa-caret-down\" aria-hidden=\"true\"><\/i><\/button>\n\t\t\t<span>Est-ce que cela vaut la peine de voyager \u00e0 Bali via Jakarta?<\/span>\n\t\t<\/a>\n\t\t<div id=\"accordion-1261453072-content\" class=\"accordion-inner\" aria-labelledby=\"accordion-1261453072-label\">\n\t\t\t\n\n<p>\u00c7a peut \u00eatre significativement moins cher, selon la saison \u00e0 laquelle vous pr\u00e9voyez de voyager.<\/p>\n<p>Si vous ne pouvez pas obtenir de vol direct pour Bali, ou si c'est trop cher pour vous, vous pouvez envisager de r\u00e9server un vol pour Jakarta puis prendre un vol int\u00e9rieur le m\u00eame jour pour Bali. <br \/><strong>Des compagnies a\u00e9riennes telles que Citilink, Batik Air, Air Asia, Lion Air et Garuda volent vers Bali plusieurs fois par jour. Prix du billet aller simple : 50-150 USD.<\/strong><\/p>\n<p>Si vous choisissez de voyager d'abord \u00e0 Jakarta, il est bon d'avoir au moins 3 ou 4 heures de diff\u00e9rence entre votre arriv\u00e9e \u00e0 Jakarta et le prochain vol pour Bali. Parce que vous devrez passer l'immigration, r\u00e9cup\u00e9rer vos bagages et ensuite aller au terminal pour prendre votre vol int\u00e9rieur.<\/p>\n\n\t\t<\/div>\n\t<\/div>\n\t\n\t<div id=\"accordion-3658277960\" class=\"accordion-item\">\n\t\t<a id=\"accordion-3658277960-label\" class=\"accordion-title plain\" href=\"#accordion-item-combien-d&#039;argent-liquide-puis-je-apporter-en-indon\u00e9sie?\" aria-expanded=\"false\" aria-controls=\"accordion-3658277960-content\">\n\t\t\t<button class=\"toggle\" aria-label=\"Basculer\"><i class=\"fa-solid fa-caret-down\" aria-hidden=\"true\"><\/i><\/button>\n\t\t\t<span>Combien d'argent liquide puis-je apporter en Indon\u00e9sie?<\/span>\n\t\t<\/a>\n\t\t<div id=\"accordion-3658277960-content\" class=\"accordion-inner\" aria-labelledby=\"accordion-3658277960-label\">\n\t\t\t\n\n<p><span data-preserver-spaces=\"true\">Ne rapportez pas plus de l'\u00e9quivalent de 100 000 000 IDR en esp\u00e8ces dans le pays (environ 10 000 AUD). Sinon, vous devrez d\u00e9clarer et payer des taxes.<\/span><\/p>\n\n\t\t<\/div>\n\t<\/div>\n\t\n\t<div id=\"accordion-3125156188\" class=\"accordion-item\">\n\t\t<a id=\"accordion-3125156188-label\" class=\"accordion-title plain\" href=\"#accordion-item-y-a-t-il-encore-des-r\u00e9glementations-li\u00e9es-au-covid-\u00e0-suivre?\" aria-expanded=\"false\" aria-controls=\"accordion-3125156188-content\">\n\t\t\t<button class=\"toggle\" aria-label=\"Basculer\"><i class=\"fa-solid fa-caret-down\" aria-hidden=\"true\"><\/i><\/button>\n\t\t\t<span>Y a-t-il encore des r\u00e9glementations li\u00e9es au Covid \u00e0 suivre?<\/span>\n\t\t<\/a>\n\t\t<div id=\"accordion-3125156188-content\" class=\"accordion-inner\" aria-labelledby=\"accordion-3125156188-label\">\n\t\t\t\n\n<h3><strong>NON. Toutes les exigences ont \u00e9t\u00e9 lev\u00e9es.<\/strong><\/h3>\n<p><span style=\"font-size: 100%;\">Depuis le 9 juin 2023, les voyageurs n'ont plus besoin de pr\u00e9senter de preuve de vaccination. Cependant, le gouvernement indon\u00e9sien \"sugg\u00e8re\" d'\u00eatre compl\u00e8tement vaccin\u00e9.<\/span><\/p>\n<hr \/>\n<p><strong><a href=\"https:\/\/bali.com\/wp-content\/uploads\/docs\/satgas-covid-2023-1-no-vaccination-certificate.pdf\">Lien vers la d\u00e9claration officielle du gouvernement (en Bahasa Indonesia).<\/a><\/strong><\/p>\n\n\t\t<\/div>\n\t<\/div>\n\t\n\n<\/div>\n\n\t\t<\/div>\n\t\t\t\t\t<\/div>\n\n\t\n\n<\/div>\n\n\t\t<\/div>\n\n\t\t\n<style>\n#section_465886019 {\n  padding-top: 30px;\n  padding-bottom: 30px;\n  background-color: rgb(255, 255, 255);\n}\n<\/style>\n\t<\/section>\n\t\n\t\t<\/div>\n\n\t\t\n<style>\n#section_1675455477 {\n  padding-top: 30px;\n  padding-bottom: 30px;\n  background-color: rgb(244, 244, 244);\n}\n<\/style>\n\t<\/section>\n\t\n\n\t<section class=\"section\" id=\"section_115200416\">\n\t\t<div class=\"section-bg fill\" >\n\t\t\t\t\t\t\t\t\t\n\t\t\t\n\n\t\t<\/div>\n\n\t\t\n\n\t\t<div class=\"section-content relative\">\n\t\t\t\n<div class=\"row\"  id=\"row-44931256\">\n\n\t<div id=\"col-1487650762\" class=\"col small-12 large-12\"  >\n\t\t\t\t<div class=\"col-inner\"  >\n\t\t\t\n\t\t\t\n<h1>Conseils plus utiles et pratiques<\/h1>\n\n<div id=\"ymc-smart-filter-container-1\" \r\n\t\t\t\t  class=\"ymc-smart-filter-container ymc-filter-252046 ymc-loaded-filter ymc-no-filter-layout ymc-post-layout3 ymc-pagination-load-more data-target-ymc252046-1 data-target-ymc1 \" data-loading=\"true\"\r\n\t\t\t\t  data-params='{\"cpt\":\"page\",\"tax\":\"category\",\"terms\":\"68\",\"default_terms\":\"\",\"exclude_posts\":\"off\",\"choices_posts\":\"\",\"posts_selected\":\"all\",\"preloader_icon\":\"preloader_1\",\"type_pg\":\"load-more\",\"per_page\":\"35\",\"page\":\"1\",\"page_scroll\":\"1\",\"preloader_filters\":\"none\",\"preloader_filters_rate\":\"0.5\",\"preloader_filters_custom\":\"\",\"post_animation\":\"\",\"popup_animation\":\"normal\",\"letter\":\"\",\"post_layout\":\"post-layout3\",\"filter_layout\":\"no-filter-layout\",\"filter_id\":\"252046\",\"search\":\"\",\"search_filtered_posts\":\"0\",\"sort_order\":\"\",\"sort_orderby\":\"\",\"meta_key\":\"\",\"meta_query\":\"\",\"date_query\":\"\",\"data_target\":\"data-target-ymc1\",\"target_id\":\"1\"}'><style id=\"post-inline-css-1\">\r\n#ymc-smart-filter-container-1 .container-posts .post-entry {}\r\n#ymc-smart-filter-container-1 .container-posts .post-entry .ymc-post-layout3 {}\r\n#ymc-smart-filter-container-1 .container-posts .post-entry .ymc-post-layout3 .read-more .btn {}\r\n#ymc-smart-filter-container-1 .ymc-pagination li a {}\r\n#ymc-smart-filter-container-1 .container-posts .post-entry.post-layout3 {font-family:inherit;}<\/style><div class=\"container-posts container-post-layout3\"><div class=\"post-entry  post-layout3 post-layout3-252046 post-layout3-252046-1\"><\/div><\/div><\/div>\n\n\t\t<\/div>\n\t\t\t\t\t<\/div>\n\n\t\n<\/div>\n\t\t<\/div>\n\n\t\t\n<style>\n#section_115200416 {\n  padding-top: 30px;\n  padding-bottom: 30px;\n}\n<\/style>\n\t<\/section>\n\t\n","protected":false},"excerpt":{"rendered":"","protected":false},"author":1,"featured_media":157776,"parent":173407,"menu_order":5,"comment_status":"closed","ping_status":"closed","template":"page-transparent-header-light.php","meta":{"_acf_changed":false,"_seopress_robots_primary_cat":"0","_seopress_titles_title":"Bali Travel Regulations Update | Requirements visiting Bali","_seopress_titles_desc":"Travel regulations and Travel Requirements to enter into Bali and Indonesia. Updated and reliable. Visa regulations for all nationalities.","_seopress_robots_index":"","footnotes":""},"categories":[1415],"tags":[],"class_list":["post-281969","page","type-page","status-publish","has-post-thumbnail","hentry","category-non-classifiee"],"acf":[],"_links":{"self":[{"href":"https:\/\/bali.com\/fr\/wp-json\/wp\/v2\/pages\/281969","targetHints":{"allow":["GET"]}}],"collection":[{"href":"https:\/\/bali.com\/fr\/wp-json\/wp\/v2\/pages"}],"about":[{"href":"https:\/\/bali.com\/fr\/wp-json\/wp\/v2\/types\/page"}],"author":[{"embeddable":true,"href":"https:\/\/bali.com\/fr\/wp-json\/wp\/v2\/users\/1"}],"replies":[{"embeddable":true,"href":"https:\/\/bali.com\/fr\/wp-json\/wp\/v2\/comments?post=281969"}],"version-history":[{"count":0,"href":"https:\/\/bali.com\/fr\/wp-json\/wp\/v2\/pages\/281969\/revisions"}],"up":[{"embeddable":true,"href":"https:\/\/bali.com\/fr\/wp-json\/wp\/v2\/pages\/173407"}],"wp:featuredmedia":[{"embeddable":true,"href":"https:\/\/bali.com\/fr\/wp-json\/wp\/v2\/media\/157776"}],"wp:attachment":[{"href":"https:\/\/bali.com\/fr\/wp-json\/wp\/v2\/media?parent=281969"}],"wp:term":[{"taxonomy":"category","embeddable":true,"href":"https:\/\/bali.com\/fr\/wp-json\/wp\/v2\/categories?post=281969"},{"taxonomy":"post_tag","embeddable":true,"href":"https:\/\/bali.com\/fr\/wp-json\/wp\/v2\/tags?post=281969"}],"curies":[{"name":"wp","href":"https:\/\/api.w.org\/{rel}","templated":true}]}}