{"id":281975,"date":"2023-09-28T13:04:37","date_gmt":"2023-09-28T05:04:37","guid":{"rendered":"https:\/\/bali.com\/bali\/visa-travel-regulations-for-entry-into-bali\/"},"modified":"2026-03-26T03:41:43","modified_gmt":"2026-03-25T19:41:43","slug":"visa-travel-regulations-for-entry-into-bali","status":"publish","type":"page","link":"https:\/\/bali.com\/fr\/bali\/visa-travel-regulations-for-entry-into-bali\/","title":{"rendered":"Guide des R\u00e9glementations de Visa &#038; de Voyage"},"content":{"rendered":"\t<div id=\"gap-96793566\" class=\"gap-element clearfix hide-for-small\" style=\"display:block; height:auto;\">\n\t\t\n<style>\n#gap-96793566 {\n  padding-top: 130px;\n}\n<\/style>\n\t<\/div>\n\t\n\t<div id=\"gap-1222520901\" class=\"gap-element clearfix show-for-small\" style=\"display:block; height:auto;\">\n\t\t\n<style>\n#gap-1222520901 {\n  padding-top: 100px;\n}\n<\/style>\n\t<\/div>\n\t\n\n  <div class=\"banner has-hover\" id=\"banner-396430158\">\n          <div class=\"banner-inner fill\">\n        <div class=\"banner-bg fill\" >\n            <img loading=\"lazy\" decoding=\"async\" width=\"1280\" height=\"853\" src=\"https:\/\/bali.com\/wp-content\/uploads\/2023\/07\/travel-requirements-airplane-bali-1280.jpg\" class=\"bg attachment-original size-original\" alt=\"travel to bali requirements airport arrival\" \/>                        <div class=\"overlay\"><\/div>            \n                    <\/div>\n\t\t\n        <div class=\"banner-layers container\">\n            <div class=\"fill banner-link\"><\/div>            \n   <div id=\"text-box-1940970645\" class=\"text-box banner-layer x50 md-x50 lg-x50 y50 md-y50 lg-y50 res-text\">\n                                <div class=\"text-box-content text dark\">\n              \n              <div class=\"text-inner text-center\">\n                  \n<h1>Visa pour Bali &amp; Exigences d&#8217;Entr\u00e9e<\/h1>\n<h3>\u00c0 savoir lors de votre venue \u00e0 Bali<\/h3>\n              <\/div>\n           <\/div>\n                            \n<style>\n#text-box-1940970645 {\n  width: 81%;\n}\n#text-box-1940970645 .text-box-content {\n  font-size: 100%;\n}\n<\/style>\n    <\/div>\n \n        <\/div>\n      <\/div>\n\n            \n<style>\n#banner-396430158 {\n  padding-top: 99.99%;\n}\n#banner-396430158 .overlay {\n  background-color: rgba(0,0,0,.5);\n}\n@media (min-width:550px) {\n  #banner-396430158 {\n    padding-top: 56.25%;\n  }\n}\n@media (min-width:850px) {\n  #banner-396430158 {\n    padding-top: 40.25%;\n  }\n}\n<\/style>\n  <\/div>\n\n\n\n\t<section class=\"section\" id=\"section_1814754254\">\n\t\t<div class=\"section-bg fill\" >\n\t\t\t\t\t\t\t\t\t\n\t\t\t\n\n\t\t<\/div>\n\n\t\t\n\n\t\t<div class=\"section-content relative\">\n\t\t\t\n<div class=\"row\"  id=\"row-1146669451\">\n\n\t<div id=\"col-2107773193\" class=\"col medium-6 small-12 large-6\"  >\n\t\t\t\t<div class=\"col-inner\"  >\n\t\t\t\n\t\t\t\n<h1 style=\"text-align: left;\">R\u00e9glementations et Exigences de Visa et de Voyage Mises \u00e0 Jour pour Bali, Indon\u00e9sie<\/h1>\n<p class=\"lead\" style=\"text-align: left;\">Lors de la visite d&#8217;un pays \u00e9tranger, il est n\u00e9cessaire de se conformer aux r\u00e9glementations de <strong>VISA &amp; D&#8217;ENTR\u00c9E<\/strong>. L&#8217;Indon\u00e9sie ne fait pas exception. Certaines r\u00e9glementations et exigences peuvent changer \u00e0 court terme, c&#8217;est pourquoi il est important pour tout voyageur \u00e0 Bali et en Indon\u00e9sie en g\u00e9n\u00e9ral de rester bien inform\u00e9. Les r\u00e9glementations de <strong>VISA<\/strong> sont li\u00e9es \u00e0 votre <strong>nationalit\u00e9<\/strong> (passeport) tandis que les exigences g\u00e9n\u00e9rales d&#8217;<strong>ENTR\u00c9E<\/strong> s&#8217;appliquent \u00e0 <strong>TOUS<\/strong> les voyageurs.<\/p>\n<p style=\"text-align: left;\"><strong>Avertissement: Il existe de nombreux sites frauduleux &#8220;vendant&#8221; des iVisas et la taxe touristique de Bali. Suivez uniquement les liens officiels que nous partageons dans nos FAQ.<\/strong><\/p>\n\t\t<\/div>\n\t\t\t\t\t<\/div>\n\n\t\n\n\t<div id=\"col-1471643118\" class=\"col medium-6 small-12 large-6\"  >\n\t\t\t\t<div class=\"col-inner\"  >\n\t\t\t\n\t\t\t\n\n  <div class=\"banner has-hover\" id=\"banner-1366815408\">\n          <div class=\"banner-inner fill\">\n        <div class=\"banner-bg fill\" >\n                                    <div class=\"overlay\"><\/div>            \n                    <\/div>\n\t\t\n        <div class=\"banner-layers container\">\n            <div class=\"fill banner-link\"><\/div>            \n\n   <div id=\"text-box-761660638\" class=\"text-box banner-layer x100 md-x100 lg-x100 y5 md-y5 lg-y5 res-text\">\n                                <div class=\"text-box-content text box-shadow-3\">\n              \n              <div class=\"text-inner text-center\">\n                  \n\n\t<div class=\"img has-hover x md-x lg-x y md-y lg-y\" id=\"image_1175692470\">\n\t\t\t\t\t\t\t\t<div class=\"img-inner dark\" >\n\t\t\t<img loading=\"lazy\" decoding=\"async\" width=\"300\" height=\"300\" src=\"https:\/\/bali.com\/wp-content\/uploads\/2024\/11\/balicard-teaser-15d.webp\" class=\"attachment-large size-large\" alt=\"\" srcset=\"https:\/\/bali.com\/wp-content\/uploads\/2024\/11\/balicard-teaser-15d.webp 300w, https:\/\/bali.com\/wp-content\/uploads\/2024\/11\/balicard-teaser-15d-247x247.webp 247w, https:\/\/bali.com\/wp-content\/uploads\/2024\/11\/balicard-teaser-15d-100x100.webp 100w\" sizes=\"auto, (max-width: 300px) 100vw, 300px\" \/>\t\t\t\t\t\t\n\t\t\t\t\t<\/div>\n\t\t\t\t\t\t\t\t\n<style>\n#image_1175692470 {\n  width: 72%;\n}\n@media (min-width:550px) {\n  #image_1175692470 {\n    width: 100%;\n  }\n}\n<\/style>\n\t<\/div>\n\t\n\n\n              <\/div>\n           <\/div>\n                            \n<style>\n#text-box-761660638 {\n  width: 60%;\n}\n#text-box-761660638 .text-box-content {\n  font-size: 177%;\n}\n@media (min-width:550px) {\n  #text-box-761660638 {\n    width: 41%;\n  }\n}\n@media (min-width:850px) {\n  #text-box-761660638 .text-box-content {\n    font-size: 100%;\n  }\n}\n<\/style>\n    <\/div>\n \n   <div id=\"text-box-1039966924\" class=\"text-box banner-layer x10 md-x10 lg-x10 y10 md-y10 lg-y10 res-text\">\n                                <div class=\"text-box-content text dark\">\n              \n              <div class=\"text-inner text-center\">\n                  \n\n\t<div id=\"text-3979177346\" class=\"text\">\n\t\t\n\n<h2><strong><a href=\"https:\/\/bali.com\/balicard\/\">Bali's Discount Card<\/a><\/strong><\/h2>\n\t\t\n<style>\n#text-3979177346 {\n  text-align: left;\n}\n@media (min-width:550px) {\n  #text-3979177346 {\n    text-align: left;\n  }\n}\n<\/style>\n\t<\/div>\n\t\n\n              <\/div>\n           <\/div>\n                            \n<style>\n#text-box-1039966924 {\n  width: 66%;\n}\n#text-box-1039966924 .text-box-content {\n  font-size: 130%;\n}\n<\/style>\n    <\/div>\n \n   <div id=\"text-box-576097981\" class=\"text-box banner-layer x95 md-x10 lg-x10 y85 md-y90 lg-y95 res-text\">\n                                <div class=\"text-box-content text dark\">\n              \n              <div class=\"text-inner text-center\">\n                  \n\n\t<div id=\"text-1187744426\" class=\"text\">\n\t\t\n\n<ul>\n<li>Discounts at amazing <strong><a href=\"https:\/\/app.bali.com\" target=\"_blank\" rel=\"noopener\">Partners<\/a><\/strong><\/li>\n<li><strong>Free 1GB eSIM<\/strong> (normally <s>USD4,99)<\/s><\/li>\n<li>Handpicked Experiences - <strong>Waterbom<\/strong>, Activities, Cafes, Tennis, <strong>Padel<\/strong>...<\/li>\n<\/ul>\n\t\t\n<style>\n#text-1187744426 {\n  font-size: 1rem;\n  line-height: 1.35;\n  text-align: left;\n}\n@media (min-width:550px) {\n  #text-1187744426 {\n    text-align: left;\n  }\n}\n@media (min-width:850px) {\n  #text-1187744426 {\n    font-size: 1.2rem;\n  }\n}\n<\/style>\n\t<\/div>\n\t\n\n              <\/div>\n           <\/div>\n                            \n<style>\n#text-box-576097981 {\n  width: 85%;\n}\n#text-box-576097981 .text-box-content {\n  font-size: 108%;\n}\n@media (min-width:550px) {\n  #text-box-576097981 {\n    width: 68%;\n  }\n}\n@media (min-width:850px) {\n  #text-box-576097981 {\n    width: 56%;\n  }\n}\n<\/style>\n    <\/div>\n \n   <div id=\"text-box-1220286983\" class=\"text-box banner-layer x85 md-x95 lg-x100 y95 md-y90 lg-y85 res-text\">\n                     <div data-animate=\"bounceInUp\">           <div class=\"text-box-content text dark\">\n              \n              <div class=\"text-inner text-center\">\n                  \n\n<a href=\"https:\/\/app.bali.com\" target=\"_blank\" class=\"button white\" rel=\"noopener\" style=\"border-radius:20px;\">\n\t\t<span>Bali Discounts<\/span>\n\t<\/a>\n\n\n\n              <\/div>\n           <\/div>\n       <\/div>                     \n<style>\n#text-box-1220286983 {\n  width: 56%;\n}\n#text-box-1220286983 .text-box-content {\n  font-size: 158%;\n}\n@media (min-width:550px) {\n  #text-box-1220286983 {\n    width: 35%;\n  }\n}\n<\/style>\n    <\/div>\n \n\n        <\/div>\n      <\/div>\n\n            \n<style>\n#banner-1366815408 {\n  padding-top: 500px;\n  background-color: rgb(0,0,0);\n}\n#banner-1366815408 .overlay {\n  background-color: rgba(0, 0, 0, 0.2);\n}\n@media (min-width:550px) {\n  #banner-1366815408 {\n    padding-top: 400px;\n  }\n}\n<\/style>\n  <\/div>\n\n\n\t\t<\/div>\n\t\t\t\t\t<\/div>\n\n\t\n<\/div>\n\t\t<\/div>\n\n\t\t\n<style>\n#section_1814754254 {\n  padding-top: 30px;\n  padding-bottom: 30px;\n}\n<\/style>\n\t<\/section>\n\t\n\n\t<section class=\"section\" id=\"section_1227850214\">\n\t\t<div class=\"section-bg fill\" >\n\t\t\t\t\t\t\t\t\t\n\t\t\t\n\n\t\t<\/div>\n\n\t\t\n\n\t\t<div class=\"section-content relative\">\n\t\t\t\n<div class=\"row align-equal align-center row-box-shadow-3-hover\"  id=\"row-1736231455\">\n\n\t<div id=\"col-202692692\" class=\"col medium-5 small-12 large-5\"  >\n\t\t\t\t<div class=\"col-inner\"  >\n\t\t\t\n\t\t\t\n\t<div class=\"img has-hover x md-x lg-x y md-y lg-y\" id=\"image_51698480\">\n\t\t<a class=\"\" href=\"https:\/\/bali.com\/fr\/bali\/bali-visa-indonesia-entry-regulations\/\" >\t\t\t\t\t\t<div class=\"img-inner dark\" >\n\t\t\t<img loading=\"lazy\" decoding=\"async\" width=\"640\" height=\"180\" src=\"https:\/\/bali.com\/wp-content\/uploads\/2023\/11\/visa-regulations-button-full-460.jpg\" class=\"attachment-original size-original\" alt=\"visa regulations bali button\" srcset=\"https:\/\/bali.com\/wp-content\/uploads\/2023\/11\/visa-regulations-button-full-460.jpg 640w, https:\/\/bali.com\/wp-content\/uploads\/2023\/11\/visa-regulations-button-full-460-510x143.jpg 510w\" sizes=\"auto, (max-width: 640px) 100vw, 640px\" \/>\t\t\t\t\t\t\n\t\t\t\t\t<\/div>\n\t\t\t\t\t\t<\/a>\t\t\n<style>\n#image_51698480 {\n  width: 100%;\n}\n<\/style>\n\t<\/div>\n\t\n\t\t<\/div>\n\t\t\t\t\t<\/div>\n\n\t\n\n\t<div id=\"col-1930584990\" class=\"col medium-5 small-12 large-5\"  >\n\t\t\t\t<div class=\"col-inner\"  >\n\t\t\t\n\t\t\t\n\t<div class=\"img has-hover x md-x lg-x y md-y lg-y\" id=\"image_1277971818\">\n\t\t<a class=\"\" href=\"https:\/\/bali.com\/fr\/bali\/travel-regulations-requirements-bali-indonesia\/\" >\t\t\t\t\t\t<div class=\"img-inner dark\" >\n\t\t\t<img loading=\"lazy\" decoding=\"async\" width=\"640\" height=\"180\" src=\"https:\/\/bali.com\/wp-content\/uploads\/2023\/11\/entry-requirements-button-full-460.jpg\" class=\"attachment-original size-original\" alt=\"entry requirements bali indonesia\" srcset=\"https:\/\/bali.com\/wp-content\/uploads\/2023\/11\/entry-requirements-button-full-460.jpg 640w, https:\/\/bali.com\/wp-content\/uploads\/2023\/11\/entry-requirements-button-full-460-510x143.jpg 510w\" sizes=\"auto, (max-width: 640px) 100vw, 640px\" \/>\t\t\t\t\t\t\n\t\t\t\t\t<\/div>\n\t\t\t\t\t\t<\/a>\t\t\n<style>\n#image_1277971818 {\n  width: 100%;\n}\n<\/style>\n\t<\/div>\n\t\n\t\t<\/div>\n\t\t\t\t\t<\/div>\n\n\t\n\n\t<div id=\"col-1293438667\" class=\"col medium-7 small-12 large-7\"  >\n\t\t\t\t<div class=\"col-inner\"  >\n\t\t\t\n\t\t\t\n<h3 style=\"text-align: center;\"><a href=\"https:\/\/bali.com\/fr\/bali\/bali-visa-indonesia-entry-regulations\/bali-tourist-tax-international-travelers\/\"><strong>R\u00e9glementations de la Taxe Touristique de Bali<\/strong><\/a><\/h3>\n\t\t<\/div>\n\t\t\t\t\t<\/div>\n\n\t\n\n<style>\n#row-1736231455 > .col > .col-inner {\n  border-radius: 5px;\n}\n<\/style>\n<\/div>\n\t\t<\/div>\n\n\t\t\n<style>\n#section_1227850214 {\n  padding-top: 30px;\n  padding-bottom: 30px;\n}\n@media (min-width:550px) {\n  #section_1227850214 {\n    padding-top: 30px;\n    padding-bottom: 30px;\n  }\n}\n<\/style>\n\t<\/section>\n\t\n\n\t<section class=\"section\" id=\"section_812328941\">\n\t\t<div class=\"section-bg fill\" >\n\t\t\t\t\t\t\t\t\t\n\t\t\t\n\n\t\t<\/div>\n\n\t\t\n\n\t\t<div class=\"section-content relative\">\n\t\t\t\n<div class=\"row align-center\"  id=\"row-58087292\">\n\n\t<div id=\"col-1665460147\" class=\"col medium-6 small-12 large-6\"  >\n\t\t\t\t<div class=\"col-inner\"  >\n\t\t\t\n\t\t\t\n<div class=\"row\"  id=\"row-293948947\">\n\n\n\t<div id=\"col-1322966202\" class=\"col small-12 large-12\"  >\n\t\t\t\t<div class=\"col-inner text-center\"  >\n\t\t\t\n\t\t\t\n\n\t<div class=\"img has-hover x md-x lg-x y md-y lg-y\" id=\"image_444774066\">\n\t\t<a class=\"\" href=\"https:\/\/app.visas-indonesia.com\" target=\"_blank\" rel=\"noopener\" >\t\t\t\t\t\t<div class=\"img-inner dark\" >\n\t\t\t<img loading=\"lazy\" decoding=\"async\" width=\"434\" height=\"542\" src=\"https:\/\/bali.com\/wp-content\/uploads\/2026\/02\/visa-application-service-bali-banner.webp\" class=\"attachment-large size-large\" alt=\"reliable visa application service\" \/>\t\t\t\t\t\t\n\t\t\t\t\t<\/div>\n\t\t\t\t\t\t<\/a>\t\t\n<style>\n#image_444774066 {\n  width: 80%;\n}\n<\/style>\n\t<\/div>\n\t\n\n\n\t\t<\/div>\n\t\t\t\t\t<\/div>\n\n\t\n\n<\/div>\n\t\t<\/div>\n\t\t\t\t\t<\/div>\n\n\t\n\n\t<div id=\"col-1113958260\" class=\"col medium-6 small-12 large-6\"  >\n\t\t\t\t<div class=\"col-inner\"  >\n\t\t\t\n\t\t\t\n<div class=\"row\"  id=\"row-499000689\">\n\n\n\t<div id=\"col-2017517646\" class=\"col small-12 large-12\"  >\n\t\t\t\t<div class=\"col-inner text-left\" style=\"background-color:rgb(255, 255, 255);\" >\n\t\t\t\n\t<div class=\"is-border\"\n\t\tstyle=\"border-color:rgb(255, 255, 255);border-radius:16px;border-width:2px 2px 2px 2px;margin:-6px -6px -6px -6px;\">\n\t<\/div>\n\t\t\t\n\n<h1>R\u00e9servez en ligne<\/h1>\n<ul>\n<li><strong><a href=\"https:\/\/bikagomobile.com\/?utm_source=balicom&amp;utm_campaign=sim\" target=\"_blank\" rel=\"noopener\">Cartes SIM et e-SIM<\/a><span data-text-color=\"alert\"> (NOUVEAU)<\/span><\/strong><\/li>\n<li><strong><a href=\"https:\/\/bali.com\/bali\/hotels-resorts-villas-accommodation\/\">Hotels &amp; Sites de vacances<\/a><\/strong><\/li>\n<li><strong><a href=\"https:\/\/villas.bali.com\">Villas priv\u00e9es\/Locations<\/a><\/strong><\/li>\n<li><strong><a href=\"https:\/\/bali.com\/balicard\/bali-golden-trips\/\" target=\"_blank\" rel=\"noopener\">Randonn\u00e9e et Visites touristiques<\/a><\/strong><\/li>\n<li><strong><a href=\"https:\/\/bali.com\/balicard\/bali-golden-trips\/\" target=\"_blank\" rel=\"noopener\">Location de voitures avec chauffeur (Demi journ\u00e9e\/Journ\u00e9e enti\u00e8re)<\/a><\/strong><\/li>\n<li><strong><a href=\"https:\/\/bali.com\/balicard\/bali-golden-trips\/\" target=\"_blank\" rel=\"noopener\">Transfer depuis l'A\u00e9roport (DPS)<\/a><\/strong><\/li>\n<li><a href=\"https:\/\/bali.com\/bali\/travel-guide\/transportation-guide\/international-driving-license-for-bali\/\"><strong>Permis de Conduire International<\/strong><\/a><\/li>\n<li><strong><a href=\"https:\/\/bali.com\/motorbike-scooter-rental-bikago\/\">Location de Scooters et V\u00e9los<\/a><\/strong><\/li>\n<li><strong><a href=\"https:\/\/bali.com\/flights\/\">Vols bon march\u00e9 pour Bali<\/a><\/strong><\/li>\n<li><strong><a href=\"https:\/\/bali.com\/guide-to-moving-and-living-in-bali\/medical-insurance-health-indonesia\/\">Assurance M\u00e9dicale de Voyage (incl. couverture Covid)<\/a><\/strong><\/li>\n<\/ul>\n\n\t\t<\/div>\n\t\t\t\t\n<style>\n#col-2017517646 > .col-inner {\n  padding: 10% 10% 0 10%;\n  border-radius: 10px;\n}\n@media (min-width:550px) {\n  #col-2017517646 > .col-inner {\n    padding: 5% 5% 0 5%;\n  }\n}\n<\/style>\n\t<\/div>\n\n\t\n\n<\/div>\n\t\t<\/div>\n\t\t\t\t\t<\/div>\n\n\t\n<\/div>\n\t\t<\/div>\n\n\t\t\n<style>\n#section_812328941 {\n  padding-top: 30px;\n  padding-bottom: 30px;\n}\n<\/style>\n\t<\/section>\n\t\n","protected":false},"excerpt":{"rendered":"","protected":false},"author":1,"featured_media":253267,"parent":173407,"menu_order":5,"comment_status":"closed","ping_status":"closed","template":"page-transparent-header-light.php","meta":{"_acf_changed":false,"_seopress_robots_primary_cat":"0","_seopress_titles_title":"R\u00e9glementations de Visa et de Voyage pour entrer \u00e0 Bali, Indon\u00e9sie - Mis \u00e0 Jour","_seopress_titles_desc":"R\u00e9glementations de visa et exigences de voyage pour entrer \u00e0 Bali et en Indon\u00e9sie. Mis \u00e0 jour et fiable. R\u00e9glementations de visa pour toutes les nationalit\u00e9s.","_seopress_robots_index":"","footnotes":""},"categories":[1791,1792],"tags":[],"class_list":["post-281975","page","type-page","status-publish","has-post-thumbnail","hentry","category-essentials-fr","category-guide-overview-fr"],"acf":[],"_links":{"self":[{"href":"https:\/\/bali.com\/fr\/wp-json\/wp\/v2\/pages\/281975","targetHints":{"allow":["GET"]}}],"collection":[{"href":"https:\/\/bali.com\/fr\/wp-json\/wp\/v2\/pages"}],"about":[{"href":"https:\/\/bali.com\/fr\/wp-json\/wp\/v2\/types\/page"}],"author":[{"embeddable":true,"href":"https:\/\/bali.com\/fr\/wp-json\/wp\/v2\/users\/1"}],"replies":[{"embeddable":true,"href":"https:\/\/bali.com\/fr\/wp-json\/wp\/v2\/comments?post=281975"}],"version-history":[{"count":0,"href":"https:\/\/bali.com\/fr\/wp-json\/wp\/v2\/pages\/281975\/revisions"}],"up":[{"embeddable":true,"href":"https:\/\/bali.com\/fr\/wp-json\/wp\/v2\/pages\/173407"}],"wp:featuredmedia":[{"embeddable":true,"href":"https:\/\/bali.com\/fr\/wp-json\/wp\/v2\/media\/253267"}],"wp:attachment":[{"href":"https:\/\/bali.com\/fr\/wp-json\/wp\/v2\/media?parent=281975"}],"wp:term":[{"taxonomy":"category","embeddable":true,"href":"https:\/\/bali.com\/fr\/wp-json\/wp\/v2\/categories?post=281975"},{"taxonomy":"post_tag","embeddable":true,"href":"https:\/\/bali.com\/fr\/wp-json\/wp\/v2\/tags?post=281975"}],"curies":[{"name":"wp","href":"https:\/\/api.w.org\/{rel}","templated":true}]}}