{"id":306976,"date":"2025-08-29T23:01:54","date_gmt":"2025-08-29T15:01:54","guid":{"rendered":"https:\/\/bali.com\/?page_id=306976"},"modified":"2025-08-29T23:01:56","modified_gmt":"2025-08-29T15:01:56","slug":"all-indonesia-registration","status":"publish","type":"page","link":"https:\/\/bali.com\/fr\/bali\/all-indonesia-registration\/","title":{"rendered":"All Indonesia Enregistrement pour votre entr\u00e9e \u00e0 Bali"},"content":{"rendered":"\t<div id=\"gap-2142949216\" class=\"gap-element clearfix hide-for-small\" style=\"display:block; height:auto;\">\n\t\t\n<style>\n#gap-2142949216 {\n  padding-top: 130px;\n}\n<\/style>\n\t<\/div>\n\t\n\t<div id=\"gap-2136346756\" class=\"gap-element clearfix show-for-small\" style=\"display:block; height:auto;\">\n\t\t\n<style>\n#gap-2136346756 {\n  padding-top: 100px;\n}\n<\/style>\n\t<\/div>\n\t\n\n  <div class=\"banner has-hover\" id=\"banner-705294734\">\n          <div class=\"banner-inner fill\">\n        <div class=\"banner-bg fill\" >\n            <img loading=\"lazy\" decoding=\"async\" width=\"1280\" height=\"853\" src=\"https:\/\/bali.com\/wp-content\/uploads\/2020\/07\/nusa-dua-beach-bali.jpg\" class=\"bg attachment-original size-original\" alt=\"\" \/>                        <div class=\"overlay\"><\/div>            \n                    <\/div>\n\t\t\n        <div class=\"banner-layers container\">\n            <div class=\"fill banner-link\"><\/div>            \n   <div id=\"text-box-1097028503\" class=\"text-box banner-layer x50 md-x50 lg-x50 y50 md-y50 lg-y50 res-text\">\n                                <div class=\"text-box-content text dark\">\n              \n              <div class=\"text-inner text-left\">\n                  \n<h1 style=\"text-align: center;\">All Indonesia<\/h1>\n<h1 style=\"text-align: center;\">Enregistrement<\/h1>\n              <\/div>\n           <\/div>\n                            \n<style>\n#text-box-1097028503 {\n  width: 90%;\n}\n#text-box-1097028503 .text-box-content {\n  font-size: 86%;\n}\n@media (min-width:550px) {\n  #text-box-1097028503 .text-box-content {\n    font-size: 96%;\n  }\n}\n<\/style>\n    <\/div>\n \n        <\/div>\n      <\/div>\n\n            \n<style>\n#banner-705294734 {\n  padding-top: 130%;\n}\n#banner-705294734 .overlay {\n  background-color: rgba(0,0,0,.5);\n}\n@media (min-width:550px) {\n  #banner-705294734 {\n    padding-top: 40.25%;\n  }\n}\n@media (min-width:850px) {\n  #banner-705294734 {\n    padding-top: 40.25%;\n  }\n}\n<\/style>\n  <\/div>\n\n\n\n\t<section class=\"section\" id=\"section_2011881\">\n\t\t<div class=\"section-bg fill\" >\n\t\t\t\t\t\t\t\t\t\n\t\t\t\n\n\t\t<\/div>\n\n\t\t\n\n\t\t<div class=\"section-content relative\">\n\t\t\t\n<div class=\"row\"  id=\"row-519683142\">\n\n\t<div id=\"col-318267235\" class=\"col medium-8 small-12 large-8\"  >\n\t\t\t\t<div class=\"col-inner\"  >\n\t\t\t\n\t\t\t\n\t<div id=\"text-3769175180\" class=\"text\">\n\t\t\n<h1 class=\"lead\"><strong>Pr\u00e9parez votre voyage \u00e0 Bali<\/strong><\/h1>\n<p class=\"lead\"><strong>Voici les informations essentielles pour garantir une arriv\u00e9e sans souci \u00e0 Bali.<\/strong><\/p>\n<p>Les conditions d\u2019entr\u00e9e ci-dessous s\u2019appliquent \u00e0 tous les visiteurs internationaux, quelle que soit leur nationalit\u00e9.<\/p>\n\t\t\n<style>\n#text-3769175180 {\n  font-size: 1.6rem;\n}\n<\/style>\n\t<\/div>\n\t\n\t\t<\/div>\n\t\t\t\t\t<\/div>\n\n\t\n\n\t<div id=\"col-348306207\" class=\"col medium-4 small-12 large-4\"  >\n\t\t\t\t<div class=\"col-inner\"  >\n\t\t\t\n\t\t\t\n\n[wpadcenter_ad id=301840 align=&#8217;center&#8217;]\n\n\t\t<\/div>\n\t\t\t\t\t<\/div>\n\n\t\n<\/div>\n<div class=\"row\"  id=\"row-986488402\">\n\n\t<div id=\"col-162967629\" class=\"col small-12 large-12\"  >\n\t\t\t\t<div class=\"col-inner\"  >\n\t\t\t\n\t\t\t\n\t<div id=\"text-3036758142\" class=\"text\">\n\t\t\n<h1>Carte d\u2019arriv\u00e9e \u00ab All Indonesia \u00bb \u2014 Qu\u2019est-ce que c\u2019est &amp; comment l\u2019utiliser<\/h1>\n<p>L\u2019Indon\u00e9sie a mis en place un formulaire num\u00e9rique unique appel\u00e9 <strong>All Indonesia<\/strong>. Il regroupe les d\u00e9clarations d\u2019immigration, de douane et de sant\u00e9 en une seule proc\u00e9dure en ligne, rempla\u00e7ant ainsi les formulaires s\u00e9par\u00e9s comme SATUSEHAT (sant\u00e9) et e-CD (douane). Cette page explique en quoi il consiste, qui doit le remplir et comment le compl\u00e9ter.<\/p>\n<h2>Points cl\u00e9s pour les visiteurs \u00e9trangers<\/h2>\n<ul>\n<li>Le formulaire doit \u00eatre rempli <strong>dans les 3 jours avant l\u2019arriv\u00e9e<\/strong> (id\u00e9alement ~72 heures).<\/li>\n<li>Dur\u00e9e moyenne de saisie : <strong>2 \u00e0 3 minutes<\/strong>.<\/li>\n<li>Apr\u00e8s validation, vous recevez un <strong>QR code par e-mail<\/strong> \u00e0 pr\u00e9senter \u00e0 l\u2019immigration et \u00e0 la douane.<\/li>\n<li><strong>Gratuit<\/strong> \u2014 aucun frais n\u2019est demand\u00e9.<\/li>\n<\/ul>\n<h2>\u00c9tapes pour compl\u00e9ter la carte d\u2019arriv\u00e9e<\/h2>\n<ol>\n<li>Rendez-vous sur <a href=\"https:\/\/allindonesia.imigrasi.go.id\" rel=\"noopener noreferrer\">allindonesia.imigrasi.go.id<\/a>.<\/li>\n<li>S\u00e9lectionnez <strong>English<\/strong> puis <strong>Foreign Visitor<\/strong>, et remplissez les informations demand\u00e9es :\n<ul>\n<li><strong>Donn\u00e9es personnelles :<\/strong> nationalit\u00e9, nom complet, date de naissance, num\u00e9ro &amp; date d\u2019expiration du passeport, coordonn\u00e9es.<\/li>\n<li><strong>D\u00e9tails du voyage :<\/strong> dates d\u2019arriv\u00e9e\/d\u00e9part ; saisissez votre num\u00e9ro <strong>e-Visa<\/strong>, <strong>ITAS<\/strong> ou <strong>KITAP<\/strong> le cas \u00e9ch\u00e9ant.<\/li>\n<li><strong>Transport &amp; h\u00e9bergement :<\/strong> a\u00e9roport\/port d\u2019arriv\u00e9e, num\u00e9ro de vol ou de navire, h\u00f4tel ou adresse.<\/li>\n<li><strong>D\u00e9clarations sant\u00e9 &amp; douane :<\/strong> sympt\u00f4mes r\u00e9cents\/voyages, articles \u00e0 d\u00e9clarer (animaux, \u00e9lectroniques, bagages, etc.) et <strong>enregistrement IMEI<\/strong> pour les appareils si demand\u00e9.<\/li>\n<\/ul>\n<\/li>\n<li>Soumettez le formulaire pour recevoir votre <strong>QR code<\/strong> par e-mail.<\/li>\n<li>\u00c0 l\u2019arriv\u00e9e, pr\u00e9sentez le QR code (sur votre t\u00e9l\u00e9phone ou imprim\u00e9) avec votre passeport.<\/li>\n<\/ol>\n<h2>Ce que la carte fait (et ne fait pas)<\/h2>\n<ul>\n<li><strong>Gain de temps :<\/strong> un seul formulaire num\u00e9rique pour immigration, douane et sant\u00e9.<\/li>\n<li><strong>Points d\u2019entr\u00e9e participants :<\/strong> obligatoire l\u00e0 o\u00f9 disponible (ex. Bali\/Denpasar, Jakarta, Surabaya).<\/li>\n<li><strong>Ce n\u2019est pas un visa :<\/strong> il ne remplace pas les exigences de visa.<\/li>\n<\/ul>\n<h2>Les exigences de visa restent distinctes<\/h2>\n<p>Vous devez toujours disposer du <strong>visa appropri\u00e9<\/strong> pour votre s\u00e9jour (ex. Visa on Arrival, e-VOA, exemption pour certains pays de l\u2019ASEAN ou autres types selon votre nationalit\u00e9 et l\u2019objet de votre voyage). La carte d\u2019arriv\u00e9e All Indonesia est une <strong>d\u00e9claration obligatoire<\/strong> s\u00e9par\u00e9e, \u00e0 remplir dans les 3 jours avant votre arriv\u00e9e, m\u00eame si vous avez d\u00e9j\u00e0 un visa ou \u00eates exempt\u00e9.<\/p>\n<h2>R\u00e9cup\u00e9rer ou t\u00e9l\u00e9charger \u00e0 nouveau votre demande<\/h2>\n<p>Si vous avez d\u00e9j\u00e0 rempli le formulaire, vous pouvez retrouver et re-t\u00e9l\u00e9charger votre justificatif ici : <a href=\"https:\/\/allindonesia.imigrasi.go.id\/arrival-card-submission\/retrieve\" rel=\"noopener noreferrer\">R\u00e9cup\u00e9rer la carte d\u2019arriv\u00e9e<\/a>.<\/p>\n<h2>Ajout de membres de la famille<\/h2>\n<p>L\u2019application permet d\u2019ajouter plusieurs membres de la famille en saisissant les informations de chaque voyageur individuellement.<\/p>\n<h2>Conseils utiles<\/h2>\n<h3>Depuis un ordinateur<\/h3>\n<ul>\n<li>Vous <strong>n\u2019\u00eates pas oblig\u00e9<\/strong> d\u2019utiliser la fonction de scan MRZ (passeport) \u2014 la saisie manuelle suffit.<\/li>\n<li>V\u00e9rifiez que votre nom correspond exactement \u00e0 votre passeport et utilisez une adresse e-mail accessible \u00e0 l\u2019arriv\u00e9e.<\/li>\n<\/ul>\n<h3>Avec l\u2019application mobile<\/h3>\n<ul>\n<li>L\u2019application <strong>All Indonesia<\/strong> est disponible sur Android et iOS.<\/li>\n<li>Vous pouvez utiliser la fonction <strong>Scan MRZ<\/strong> pour remplir automatiquement vos donn\u00e9es, ou les saisir manuellement.<\/li>\n<li>Conservez une copie de votre QR code hors-ligne (ex. capture d\u2019\u00e9cran) ou apportez une version imprim\u00e9e.<\/li>\n<\/ul>\n\t\t\n<style>\n#text-3036758142 {\n  font-size: 1.6rem;\n}\n<\/style>\n\t<\/div>\n\t\n\t\t<\/div>\n\t\t\t\t\t<\/div>\n\n\t\n<\/div>\n\n\t<section class=\"section\" id=\"section_1376499381\">\n\t\t<div class=\"section-bg fill\" >\n\t\t\t\t\t\t\t\t\t\n\t\t\t\n\t<div class=\"is-border\"\n\t\tstyle=\"border-color:rgb(205, 205, 205);border-width:2px 2px 2px 2px;\">\n\t<\/div>\n\n\t\t<\/div>\n\n\t\t\n\n\t\t<div class=\"section-content relative\">\n\t\t\t\n\n<div class=\"row\"  id=\"row-1378645120\">\n\n\n\t<div id=\"col-1833790246\" class=\"col small-12 large-12\"  >\n\t\t\t\t<div class=\"col-inner\"  >\n\t\t\t\n\t\t\t\n\n<h3 class=\"accordion_title\">Informations Suppl\u00e9mentaires Importantes \u00e0 Conna\u00eetre pour Planifier Votre Voyage \u00e0 Bali<\/h3><div class=\"accordion\">\n\n\t<div id=\"accordion-2026449929\" class=\"accordion-item\">\n\t\t<a id=\"accordion-2026449929-label\" class=\"accordion-title plain\" href=\"#accordion-item-combien-de-temps-mon-passeport-doit-il-\u00eatre-valide-pour-voyager-\u00e0-bali?-y-a-t-il-des-exigences-sp\u00e9cifiques?\" aria-expanded=\"false\" aria-controls=\"accordion-2026449929-content\">\n\t\t\t<button class=\"toggle\" aria-label=\"Basculer\"><i class=\"fa-solid fa-caret-down\" aria-hidden=\"true\"><\/i><\/button>\n\t\t\t<span>Combien de temps mon passeport doit-il \u00eatre valide pour voyager \u00e0 Bali? Y a-t-il des exigences sp\u00e9cifiques?<\/span>\n\t\t<\/a>\n\t\t<div id=\"accordion-2026449929-content\" class=\"accordion-inner\" aria-labelledby=\"accordion-2026449929-label\">\n\t\t\t\n\n<h3><strong>Oui.<\/strong><\/h3>\n<ul>\n<li><strong>Passeport,<\/strong> doit \u00eatre <strong>valide au moins 6 mois<\/strong> \u00e0 partir du jour de l'arriv\u00e9e. <strong>Aucune exception,<\/strong> sinon vous serez renvoy\u00e9 ! Assurez-vous que votre passeport est valide.<\/li>\n<li>Le passeport doit avoir au moins <strong>une page vide<\/strong>.<\/li>\n<li>Le passeport doit \u00eatre en bon \u00e9tat. Les passeports d\u00e9chir\u00e9s ou tr\u00e8s ab\u00eem\u00e9s peuvent \u00eatre refus\u00e9s. Certains voyageurs se sont vu refuser l'entr\u00e9e en Indon\u00e9sie et ont \u00e9t\u00e9 renvoy\u00e9s car leur passeport \u00e9tait en mauvais \u00e9tat<\/li>\n<\/ul>\n<p><a href=\"https:\/\/bali.com\/bali\/travel-guide\/practical-tips-must-know\/passport-requirements\/\"><strong>D\u00e9tails des Exigences du Passeport<\/strong><\/a><\/p>\n\n\t\t<\/div>\n\t<\/div>\n\t\n\t<div id=\"accordion-1619118966\" class=\"accordion-item\">\n\t\t<a id=\"accordion-1619118966-label\" class=\"accordion-title plain\" href=\"#accordion-item-ai-je-besoin-d&#039;un-billet-de-retour?\" aria-expanded=\"false\" aria-controls=\"accordion-1619118966-content\">\n\t\t\t<button class=\"toggle\" aria-label=\"Basculer\"><i class=\"fa-solid fa-caret-down\" aria-hidden=\"true\"><\/i><\/button>\n\t\t\t<span>Ai-je besoin d'un billet de retour?<\/span>\n\t\t<\/a>\n\t\t<div id=\"accordion-1619118966-content\" class=\"accordion-inner\" aria-labelledby=\"accordion-1619118966-label\">\n\t\t\t\n\n<h3><strong>Oui, vous avez besoin d'un billet de retour.<\/strong><\/h3>\n<h3><strong>Vous n'aurez peut-\u00eatre pas \u00e0 le montrer au comptoir d'immigration, mais cela peut arriver.<\/strong><\/h3>\n<ul>\n<li><strong>Billet de retour<\/strong> - les compagnies a\u00e9riennes et les autorit\u00e9s d'immigration peuvent insister pour que vous ayez un billet de retour dans la p\u00e9riode de validit\u00e9 de votre visa,<\/li>\n<\/ul>\n\n\t\t<\/div>\n\t<\/div>\n\t\n\t<div id=\"accordion-1178350049\" class=\"accordion-item\">\n\t\t<a id=\"accordion-1178350049-label\" class=\"accordion-title plain\" href=\"#accordion-item-ai-je-besoin-d&#039;un-permis-de-conduire-international-pour-louer-un-scooter-ou-une-moto-\u00e0-bali?\" aria-expanded=\"false\" aria-controls=\"accordion-1178350049-content\">\n\t\t\t<button class=\"toggle\" aria-label=\"Basculer\"><i class=\"fa-solid fa-caret-down\" aria-hidden=\"true\"><\/i><\/button>\n\t\t\t<span>Ai-je besoin d'un permis de conduire international pour louer un scooter ou une moto \u00e0 Bali?<\/span>\n\t\t<\/a>\n\t\t<div id=\"accordion-1178350049-content\" class=\"accordion-inner\" aria-labelledby=\"accordion-1178350049-label\">\n\t\t\t\n\n<h3><strong>Oui. C'est maintenant une exigence OBLIGATOIRE<\/strong><\/h3>\n<ul>\n<li>Apportez votre permis de conduire international (si vous souhaitez louer un scooter). Si vous n'en avez pas et ne pouvez pas l'obtenir dans votre pays d'origine, vous pouvez obtenir une version num\u00e9rique ou imprim\u00e9e (livr\u00e9e \u00e0 Bali) ici aupr\u00e8s de notre partenaire accr\u00e9dit\u00e9 \u00e0 Singapour :<\/li>\n<\/ul>\n<h3><strong><a href=\"https:\/\/bali.com\/bali\/travel-guide\/transportation-guide\/international-driving-license-for-bali\/\">Commandez votre Permis de Conduire International \/ Permis de Conduire (IDP) en ligne ici<\/a><\/strong><\/h3>\n\n\t\t<\/div>\n\t<\/div>\n\t\n\t<div id=\"accordion-1086069458\" class=\"accordion-item\">\n\t\t<a id=\"accordion-1086069458-label\" class=\"accordion-title plain\" href=\"#accordion-item-puis-je-commander-une-esim-touristique-en-ligne-avant-mon-arriv\u00e9e?\" aria-expanded=\"false\" aria-controls=\"accordion-1086069458-content\">\n\t\t\t<button class=\"toggle\" aria-label=\"Basculer\"><i class=\"fa-solid fa-caret-down\" aria-hidden=\"true\"><\/i><\/button>\n\t\t\t<span>Puis-je commander une eSIM touristique en ligne avant mon arriv\u00e9e?<\/span>\n\t\t<\/a>\n\t\t<div id=\"accordion-1086069458-content\" class=\"accordion-inner\" aria-labelledby=\"accordion-1086069458-label\">\n\t\t\t\n\n<h3><strong>Oui, vous pouvez commander une eSIM pour Bali en ligne.<\/strong><\/h3>\n<p><strong>Notre partenaire fournit une eSIM vous permettant de vous connecter \u00e0 internet d\u00e8s votre arriv\u00e9e en Indon\u00e9sie.<\/strong><\/p>\n<p><a href=\"https:\/\/bali.com\/simcards-esim\/\"><strong>Commander en ligne<\/strong><\/a><\/p>\n<p><strong>Si vous achetez notre carte de r\u00e9duction num\u00e9rique pour Bali, notre BaliCard, vous obtiendrez une eSIM 1GB GRATUITE \u00e0 tester, que vous pourrez ensuite recharger.<\/strong><\/p>\n<h3><a href=\"https:\/\/bali.com\/balicard\/\">BALICARD &amp; eSIM gratuite<\/a><\/h3>\n\n\t\t<\/div>\n\t<\/div>\n\t\n\t<div id=\"accordion-4183328442\" class=\"accordion-item\">\n\t\t<a id=\"accordion-4183328442-label\" class=\"accordion-title plain\" href=\"#accordion-item-ai-je-besoin-d&#039;une-assurance-voyage-m\u00e9dicale?\" aria-expanded=\"false\" aria-controls=\"accordion-4183328442-content\">\n\t\t\t<button class=\"toggle\" aria-label=\"Basculer\"><i class=\"fa-solid fa-caret-down\" aria-hidden=\"true\"><\/i><\/button>\n\t\t\t<span>Ai-je besoin d'une assurance voyage m\u00e9dicale?<\/span>\n\t\t<\/a>\n\t\t<div id=\"accordion-4183328442-content\" class=\"accordion-inner\" aria-labelledby=\"accordion-4183328442-label\">\n\t\t\t\n\n<h3><strong>Une assurance voyage m\u00e9dicale n'est plus obligatoire.<\/strong><\/h3>\n<p>Mais il est conseill\u00e9 d'en avoir une. Des accidents peuvent survenir \u00e0 Bali et si vous n'\u00eates pas correctement assur\u00e9, les h\u00f4pitaux et les m\u00e9decins demanderont un paiement en esp\u00e8ces et peuvent refuser de vous traiter.<\/p>\n<h3>Vous n'avez pas d'assurance voyage m\u00e9dicale?<\/h3>\n<p><strong><a href=\"https:\/\/bali.com\/guide-to-moving-and-living-in-bali\/medical-insurance-health-indonesia\/\">Obtenez votre assurance voyage m\u00e9dicale pour Bali \/ Indon\u00e9sie et au-del\u00e0 en ligne<\/a><\/strong><\/p>\n<p>Assurance voyage internationale \/ Assurance Nomade \/ Assurance voyage m\u00e9dicale pour 4 semaines ou plus.<\/p>\n<p><a href=\"https:\/\/safetywing.com\/nomad-insurance\/pricing?referenceID=24858588&amp;utm_source=24858588&amp;utm_medium=Ambassador\" target=\"_blank\" rel=\"noopener\"><strong>Infos, Prix &amp; Inscription<\/strong><\/a><\/p>\n\n\t\t<\/div>\n\t<\/div>\n\t\n\t<div id=\"accordion-4245363742\" class=\"accordion-item\">\n\t\t<a id=\"accordion-4245363742-label\" class=\"accordion-title plain\" href=\"#accordion-item-y-a-t-il-des-vols-internationaux-vers-bali?\" aria-expanded=\"false\" aria-controls=\"accordion-4245363742-content\">\n\t\t\t<button class=\"toggle\" aria-label=\"Basculer\"><i class=\"fa-solid fa-caret-down\" aria-hidden=\"true\"><\/i><\/button>\n\t\t\t<span>Y a-t-il des vols internationaux vers Bali?<\/span>\n\t\t<\/a>\n\t\t<div id=\"accordion-4245363742-content\" class=\"accordion-inner\" aria-labelledby=\"accordion-4245363742-label\">\n\t\t\t\n\n<p><b>OUI. Bali (A\u00e9roport Denpasar DPS) est tr\u00e8s bien connect\u00e9 \u00e0 l'international.<\/b><\/p>\n<p>De nombreuses compagnies a\u00e9riennes \u00e9conomiques et internationales proposent des vols vers Bali.<\/p>\n<a href=\"https:\/\/bali.com\/flights\/\" class=\"button primary\" >\n\t\t<span>Vols vers Bali<\/span>\n\t<\/a>\n\n\n<a href=\"https:\/\/bali.com\/bali-airport\/\" class=\"button primary\" >\n\t\t<span>A\u00e9roport DPS<\/span>\n\t<\/a>\n\n\n\n\t\t<\/div>\n\t<\/div>\n\t\n\t<div id=\"accordion-35014029\" class=\"accordion-item\">\n\t\t<a id=\"accordion-35014029-label\" class=\"accordion-title plain\" href=\"#accordion-item-est-ce-que-cela-vaut-la-peine-de-voyager-\u00e0-bali-via-jakarta?\" aria-expanded=\"false\" aria-controls=\"accordion-35014029-content\">\n\t\t\t<button class=\"toggle\" aria-label=\"Basculer\"><i class=\"fa-solid fa-caret-down\" aria-hidden=\"true\"><\/i><\/button>\n\t\t\t<span>Est-ce que cela vaut la peine de voyager \u00e0 Bali via Jakarta?<\/span>\n\t\t<\/a>\n\t\t<div id=\"accordion-35014029-content\" class=\"accordion-inner\" aria-labelledby=\"accordion-35014029-label\">\n\t\t\t\n\n<p>\u00c7a peut \u00eatre significativement moins cher, selon la saison \u00e0 laquelle vous pr\u00e9voyez de voyager.<\/p>\n<p>Si vous ne pouvez pas obtenir de vol direct pour Bali, ou si c'est trop cher pour vous, vous pouvez envisager de r\u00e9server un vol pour Jakarta puis prendre un vol int\u00e9rieur le m\u00eame jour pour Bali. <br \/><strong>Des compagnies a\u00e9riennes telles que Citilink, Batik Air, Air Asia, Lion Air et Garuda volent vers Bali plusieurs fois par jour. Prix du billet aller simple : 50-150 USD.<\/strong><\/p>\n<p>Si vous choisissez de voyager d'abord \u00e0 Jakarta, il est bon d'avoir au moins 3 ou 4 heures de diff\u00e9rence entre votre arriv\u00e9e \u00e0 Jakarta et le prochain vol pour Bali. Parce que vous devrez passer l'immigration, r\u00e9cup\u00e9rer vos bagages et ensuite aller au terminal pour prendre votre vol int\u00e9rieur.<\/p>\n\n\t\t<\/div>\n\t<\/div>\n\t\n\t<div id=\"accordion-263687395\" class=\"accordion-item\">\n\t\t<a id=\"accordion-263687395-label\" class=\"accordion-title plain\" href=\"#accordion-item-combien-d&#039;argent-liquide-puis-je-apporter-en-indon\u00e9sie?\" aria-expanded=\"false\" aria-controls=\"accordion-263687395-content\">\n\t\t\t<button class=\"toggle\" aria-label=\"Basculer\"><i class=\"fa-solid fa-caret-down\" aria-hidden=\"true\"><\/i><\/button>\n\t\t\t<span>Combien d'argent liquide puis-je apporter en Indon\u00e9sie?<\/span>\n\t\t<\/a>\n\t\t<div id=\"accordion-263687395-content\" class=\"accordion-inner\" aria-labelledby=\"accordion-263687395-label\">\n\t\t\t\n\n<p><span data-preserver-spaces=\"true\">Ne rapportez pas plus de l'\u00e9quivalent de 100 000 000 IDR en esp\u00e8ces dans le pays (environ 10 000 AUD). Sinon, vous devrez d\u00e9clarer et payer des taxes.<\/span><\/p>\n\n\t\t<\/div>\n\t<\/div>\n\t\n\t<div id=\"accordion-2718539161\" class=\"accordion-item\">\n\t\t<a id=\"accordion-2718539161-label\" class=\"accordion-title plain\" href=\"#accordion-item-y-a-t-il-encore-des-r\u00e9glementations-li\u00e9es-au-covid-\u00e0-suivre?\" aria-expanded=\"false\" aria-controls=\"accordion-2718539161-content\">\n\t\t\t<button class=\"toggle\" aria-label=\"Basculer\"><i class=\"fa-solid fa-caret-down\" aria-hidden=\"true\"><\/i><\/button>\n\t\t\t<span>Y a-t-il encore des r\u00e9glementations li\u00e9es au Covid \u00e0 suivre?<\/span>\n\t\t<\/a>\n\t\t<div id=\"accordion-2718539161-content\" class=\"accordion-inner\" aria-labelledby=\"accordion-2718539161-label\">\n\t\t\t\n\n<h3><strong>NON. Toutes les exigences ont \u00e9t\u00e9 lev\u00e9es.<\/strong><\/h3>\n<p><span style=\"font-size: 100%;\">Depuis le 9 juin 2023, les voyageurs n'ont plus besoin de pr\u00e9senter de preuve de vaccination. Cependant, le gouvernement indon\u00e9sien \"sugg\u00e8re\" d'\u00eatre compl\u00e8tement vaccin\u00e9.<\/span><\/p>\n<hr \/>\n<p><strong><a href=\"https:\/\/bali.com\/wp-content\/uploads\/docs\/satgas-covid-2023-1-no-vaccination-certificate.pdf\">Lien vers la d\u00e9claration officielle du gouvernement (en Bahasa Indonesia).<\/a><\/strong><\/p>\n\n\t\t<\/div>\n\t<\/div>\n\t\n\n<\/div>\n\n\t\t<\/div>\n\t\t\t\t\t<\/div>\n\n\t\n\n<\/div>\n\n\t\t<\/div>\n\n\t\t\n<style>\n#section_1376499381 {\n  padding-top: 30px;\n  padding-bottom: 30px;\n  background-color: rgb(255, 255, 255);\n}\n<\/style>\n\t<\/section>\n\t\n\t\t<\/div>\n\n\t\t\n<style>\n#section_2011881 {\n  padding-top: 30px;\n  padding-bottom: 30px;\n}\n<\/style>\n\t<\/section>\n\t\n\n\t<section class=\"section\" id=\"section_1248217158\">\n\t\t<div class=\"section-bg fill\" >\n\t\t\t\t\t\t\t\t\t\n\t\t\t\n\n\t\t<\/div>\n\n\t\t\n\n\t\t<div class=\"section-content relative\">\n\t\t\t\n<div class=\"row\"  id=\"row-412192375\">\n\n\t<div id=\"col-52517252\" class=\"col small-12 large-12\"  >\n\t\t\t\t<div class=\"col-inner\"  >\n\t\t\t\n\t\t\t\n<h1>Autres conseils pratiques<\/h1>\n\n<div id=\"ymc-smart-filter-container-1\" \r\n\t\t\t\t  class=\"ymc-smart-filter-container ymc-filter-252046 ymc-loaded-filter ymc-no-filter-layout ymc-post-layout3 ymc-pagination-load-more data-target-ymc252046-1 data-target-ymc1 \" data-loading=\"true\"\r\n\t\t\t\t  data-params='{\"cpt\":\"page\",\"tax\":\"category\",\"terms\":\"68\",\"default_terms\":\"\",\"exclude_posts\":\"off\",\"choices_posts\":\"\",\"posts_selected\":\"all\",\"preloader_icon\":\"preloader_1\",\"type_pg\":\"load-more\",\"per_page\":\"35\",\"page\":\"1\",\"page_scroll\":\"1\",\"preloader_filters\":\"none\",\"preloader_filters_rate\":\"0.5\",\"preloader_filters_custom\":\"\",\"post_animation\":\"\",\"popup_animation\":\"normal\",\"letter\":\"\",\"post_layout\":\"post-layout3\",\"filter_layout\":\"no-filter-layout\",\"filter_id\":\"252046\",\"search\":\"\",\"search_filtered_posts\":\"0\",\"sort_order\":\"\",\"sort_orderby\":\"\",\"meta_key\":\"\",\"meta_query\":\"\",\"date_query\":\"\",\"data_target\":\"data-target-ymc1\",\"target_id\":\"1\"}'><style id=\"post-inline-css-1\">\r\n#ymc-smart-filter-container-1 .container-posts .post-entry {}\r\n#ymc-smart-filter-container-1 .container-posts .post-entry .ymc-post-layout3 {}\r\n#ymc-smart-filter-container-1 .container-posts .post-entry .ymc-post-layout3 .read-more .btn {}\r\n#ymc-smart-filter-container-1 .ymc-pagination li a {}\r\n#ymc-smart-filter-container-1 .container-posts .post-entry.post-layout3 {font-family:inherit;}<\/style><div class=\"container-posts container-post-layout3\"><div class=\"post-entry  post-layout3 post-layout3-252046 post-layout3-252046-1\"><\/div><\/div><\/div>\n\n\t\t<\/div>\n\t\t\t\t\t<\/div>\n\n\t\n<\/div>\n\t\t<\/div>\n\n\t\t\n<style>\n#section_1248217158 {\n  padding-top: 30px;\n  padding-bottom: 30px;\n}\n<\/style>\n\t<\/section>\n\t\n","protected":false},"excerpt":{"rendered":"","protected":false},"author":1,"featured_media":306979,"parent":173407,"menu_order":5,"comment_status":"closed","ping_status":"closed","template":"page-transparent-header-light.php","meta":{"_acf_changed":false,"_seopress_robots_primary_cat":"0","_seopress_titles_title":"All Indonesia Enregistrement pour votre entr\u00e9e \u00e0 Bali","_seopress_titles_desc":"Conditions d\u2019entr\u00e9e \u00e0 Bali, enregistrement All Indonesia (douane, sant\u00e9) \u2013 \u00e0 remplir dans les 72h avant votre arriv\u00e9e \u00e0 Bali \/ Indon\u00e9sie","_seopress_robots_index":"","footnotes":""},"categories":[1792,1415,68],"tags":[],"class_list":["post-306976","page","type-page","status-publish","has-post-thumbnail","hentry","category-guide-overview-fr","category-non-classifiee","category-practical-tips-must-know"],"acf":[],"_links":{"self":[{"href":"https:\/\/bali.com\/fr\/wp-json\/wp\/v2\/pages\/306976","targetHints":{"allow":["GET"]}}],"collection":[{"href":"https:\/\/bali.com\/fr\/wp-json\/wp\/v2\/pages"}],"about":[{"href":"https:\/\/bali.com\/fr\/wp-json\/wp\/v2\/types\/page"}],"author":[{"embeddable":true,"href":"https:\/\/bali.com\/fr\/wp-json\/wp\/v2\/users\/1"}],"replies":[{"embeddable":true,"href":"https:\/\/bali.com\/fr\/wp-json\/wp\/v2\/comments?post=306976"}],"version-history":[{"count":0,"href":"https:\/\/bali.com\/fr\/wp-json\/wp\/v2\/pages\/306976\/revisions"}],"up":[{"embeddable":true,"href":"https:\/\/bali.com\/fr\/wp-json\/wp\/v2\/pages\/173407"}],"wp:featuredmedia":[{"embeddable":true,"href":"https:\/\/bali.com\/fr\/wp-json\/wp\/v2\/media\/306979"}],"wp:attachment":[{"href":"https:\/\/bali.com\/fr\/wp-json\/wp\/v2\/media?parent=306976"}],"wp:term":[{"taxonomy":"category","embeddable":true,"href":"https:\/\/bali.com\/fr\/wp-json\/wp\/v2\/categories?post=306976"},{"taxonomy":"post_tag","embeddable":true,"href":"https:\/\/bali.com\/fr\/wp-json\/wp\/v2\/tags?post=306976"}],"curies":[{"name":"wp","href":"https:\/\/api.w.org\/{rel}","templated":true}]}}