{"id":273285,"date":"2024-02-12T12:26:19","date_gmt":"2024-02-12T04:26:19","guid":{"rendered":"https:\/\/bali.com\/?post_type=product&#038;p=273285"},"modified":"2026-03-21T14:27:52","modified_gmt":"2026-03-21T06:27:52","slug":"nomad-balicard-for-180-days","status":"publish","type":"product","link":"https:\/\/bali.com\/fr\/product\/nomad-balicard-for-180-days\/","title":{"rendered":"BaliCard for 180 days"},"content":{"rendered":"<h2>180 Days BaliCard<\/h2>\n<p>Discounts at our handpicked <strong><a href=\"http:\/\/bali.com\/balicard\/partners\/\">partner venues<\/a><\/strong> and activities for up to 5 guests.<\/p>\n<p>Choose your activation date (date of arrival).<\/p>\n<a href=\"http:\/\/bali.com\/balicard\/partners\/\" class=\"button secondary is-secondary is-medium\" >\n\t\t<span>List of BaliCard Partners<\/span>\n\t<\/a>\n\n\n\t<section class=\"section\" id=\"section_1658993203\">\n\t\t<div class=\"section-bg fill\" >\n\t\t\t\t\t\t\t\t\t\n\t\t\t\n\n\t\t<\/div>\n\n\t\t\n\n\t\t<div class=\"section-content relative\">\n\t\t\t\r\n\r\n<div class=\"row\"  id=\"row-1298956568\">\r\n\r\n\n\t<div id=\"col-815959305\" class=\"col small-12 large-12\"  >\n\t\t\t\t<div class=\"col-inner\"  >\n\t\t\t\n\t\t\t\r\n\r\n<h3 class=\"accordion_title\">Tout savoir sur la BaliCard - FAQ<\/h3><div class=\"accordion\">\r\n\r\n\t<div id=\"accordion-3002822041\" class=\"accordion-item\">\n\t\t<a id=\"accordion-3002822041-label\" class=\"accordion-title plain\" href=\"#accordion-item-pourquoi-je-devrai-acheter-la-balicard\" aria-expanded=\"false\" aria-controls=\"accordion-3002822041-content\">\n\t\t\t<button class=\"toggle\" aria-label=\"Basculer\"><i class=\"fa-solid fa-caret-down\" aria-hidden=\"true\"><\/i><\/button>\n\t\t\t<span>Pourquoi je devrai acheter la BaliCard<\/span>\n\t\t<\/a>\n\t\t<div id=\"accordion-3002822041-content\" class=\"accordion-inner\" aria-labelledby=\"accordion-3002822041-label\">\n\t\t\t\r\n\r\n<ol>\r\n<li><strong>Un petit investissement, de grandes \u00e9conomies.<\/strong> Vous rembourserez votre carte apr\u00e8s seulement une ou deux utilisations<\/li>\r\n<li>Gagnez l'acc\u00e8s \u00e0 <strong>ce que Bali a de mieux \u00e0 offrir<\/strong>, tous les partenaires sont choisis soigneusement et nous garantissons la qualit\u00e9 de leurs services et produits.<\/li>\r\n<li><strong>Acc\u00e9dez \u00e0 l'\u00e2me de Bali et bien plus.<\/strong> Bali.com est un membre affili\u00e9 \u00e0 <strong>l'Organisation Mondiale du Tourisme de l'UN<\/strong>, nous supportons et promouvons un d\u00e9veloppement durable et culturel pertinent. C'est pourquoi nous avons choisi des partenaires qui vous permettent de d\u00e9couvrir la beaut\u00e9 fondamentale de Bali et de ses habitants au-del\u00e0 de ce qui est habituellement mis en avant sur internet. <\/li>\r\n<li><strong>Engagez vous.<\/strong> Pour chaque achat d'une BaliCard, Bali.com donne 1USD \u00e0 un programme de d\u00e9veloppement durable de Bali.<\/li>\r\n<\/ol>\r\n\r\n\t\t<\/div>\n\t<\/div>\n\t\r\n\t<div id=\"accordion-3430776622\" class=\"accordion-item\">\n\t\t<a id=\"accordion-3430776622-label\" class=\"accordion-title plain\" href=\"#accordion-item-la-balicard-est-elle-transf\u00e9rable\" aria-expanded=\"false\" aria-controls=\"accordion-3430776622-content\">\n\t\t\t<button class=\"toggle\" aria-label=\"Basculer\"><i class=\"fa-solid fa-caret-down\" aria-hidden=\"true\"><\/i><\/button>\n\t\t\t<span>La BaliCard est elle transf\u00e9rable<\/span>\n\t\t<\/a>\n\t\t<div id=\"accordion-3430776622-content\" class=\"accordion-inner\" aria-labelledby=\"accordion-3430776622-label\">\n\t\t\t\r\n\r\n<p>Non, le d\u00e9tenteur d'une BaliCard verra son nom associ\u00e9 \u00e0 la carte digitale qu'il devra pr\u00e9senter lors de sa venue et d'une r\u00e9seration.<\/p>\r\n\r\n\t\t<\/div>\n\t<\/div>\n\t\r\n\t<div id=\"accordion-2183794624\" class=\"accordion-item\">\n\t\t<a id=\"accordion-2183794624-label\" class=\"accordion-title plain\" href=\"#accordion-item-combien-de-personnes-b\u00e9n\u00e9ficient-des-avantages-d&#039;une-seule-balicard\" aria-expanded=\"false\" aria-controls=\"accordion-2183794624-content\">\n\t\t\t<button class=\"toggle\" aria-label=\"Basculer\"><i class=\"fa-solid fa-caret-down\" aria-hidden=\"true\"><\/i><\/button>\n\t\t\t<span>Combien de personnes b\u00e9n\u00e9ficient des avantages d'une seule BaliCard<\/span>\n\t\t<\/a>\n\t\t<div id=\"accordion-2183794624-content\" class=\"accordion-inner\" aria-labelledby=\"accordion-2183794624-label\">\n\t\t\t\r\n\r\n<p>Jusqu'\u00e0 5 personnes. Les b\u00e9n\u00e9fices et r\u00e9ductions s'appliquent \u00e0 l'acheteur de la carte et 4 autres personnes, \u00e0 condition que le montant soit r\u00e9gl\u00e9 en une fois. Up to 5 Guests. Certains de nos partenaires peuvent \u00eatre enclins \u00e0 ouvrir la r\u00e9duction \u00e0 plus de 5 personnes, mais il faudra v\u00e9rifier directement avec leur organisation.<\/p>\r\n\r\n\t\t<\/div>\n\t<\/div>\n\t\r\n\t<div id=\"accordion-1438984233\" class=\"accordion-item\">\n\t\t<a id=\"accordion-1438984233-label\" class=\"accordion-title plain\" href=\"#accordion-item-comment-est-ce-que-je-r\u00e9cup\u00e8re-ma-r\u00e9duction\/contacte-le-partenaire-de-la-balicard\" aria-expanded=\"false\" aria-controls=\"accordion-1438984233-content\">\n\t\t\t<button class=\"toggle\" aria-label=\"Basculer\"><i class=\"fa-solid fa-caret-down\" aria-hidden=\"true\"><\/i><\/button>\n\t\t\t<span>Comment est-ce que je r\u00e9cup\u00e8re ma r\u00e9duction\/contacte le partenaire de la BaliCard<\/span>\n\t\t<\/a>\n\t\t<div id=\"accordion-1438984233-content\" class=\"accordion-inner\" aria-labelledby=\"accordion-1438984233-label\">\n\t\t\t\r\n\r\n<p>Pour chaque partenaire, cela peut \u00eatre l\u00e9g\u00e8rement diff\u00e9rent s'il s'agit d'un restaurant, d'un h\u00f4tel ou d'une activit\u00e9. Les d\u00e9tails sur la fa\u00e7on de r\u00e9server ou de r\u00e9clamer votre r\u00e9duction sont toujours mentionn\u00e9s sur la page du partenaire que vous pouvez trouver dans la liste des partenaires.<\/p>\r\n<p>Certains partenaires fournissent un code promo pour leur syst\u00e8me de r\u00e9servation en ligne. Vous recevrez les codes dans votre mail de confirmation, apr\u00e8s avoir achet\u00e9 la BaliCard.<\/p>\r\n<p>Certains partenaires exigent que vous les contactiez par mail ou WhatsApp pour effectuer une r\u00e9servation.<\/p>\r\n<p>Une fois que vous avez rendu visite au partenaire, veuillez informer le personnel que vous avez une BaliCard valide afin qu'il puisse en v\u00e9rifier la validit\u00e9 et ainsi vous accorder la r\u00e9duction ou les avantages.<\/p>\r\n<p>Les employ\u00e9s de nos partenaires ont le droit de v\u00e9rifier votre identit\u00e9, ce qui n'est cependant g\u00e9n\u00e9ralement pas n\u00e9cessaire<\/p>\r\n\r\n\t\t<\/div>\n\t<\/div>\n\t\r\n\t<div id=\"accordion-3667946847\" class=\"accordion-item\">\n\t\t<a id=\"accordion-3667946847-label\" class=\"accordion-title plain\" href=\"#accordion-item-puis-je-acheter-la-balicard-maintenant,-mais-voyager-plus-tard\" aria-expanded=\"false\" aria-controls=\"accordion-3667946847-content\">\n\t\t\t<button class=\"toggle\" aria-label=\"Basculer\"><i class=\"fa-solid fa-caret-down\" aria-hidden=\"true\"><\/i><\/button>\n\t\t\t<span>Puis-je acheter la BaliCard maintenant, mais voyager plus tard<\/span>\n\t\t<\/a>\n\t\t<div id=\"accordion-3667946847-content\" class=\"accordion-inner\" aria-labelledby=\"accordion-3667946847-label\">\n\t\t\t\r\n\r\n<p>OUI! Vous pouvez acheter votre BaliCard en sp\u00e9cifiant la date de votre visite et d'activation de votre BaliCard<\/p>\r\n\r\n\t\t<\/div>\n\t<\/div>\n\t\r\n\t<div id=\"accordion-2433070210\" class=\"accordion-item\">\n\t\t<a id=\"accordion-2433070210-label\" class=\"accordion-title plain\" href=\"#accordion-item-la-balicard-est-elle-remboursable\" aria-expanded=\"false\" aria-controls=\"accordion-2433070210-content\">\n\t\t\t<button class=\"toggle\" aria-label=\"Basculer\"><i class=\"fa-solid fa-caret-down\" aria-hidden=\"true\"><\/i><\/button>\n\t\t\t<span>La BaliCard est elle remboursable<\/span>\n\t\t<\/a>\n\t\t<div id=\"accordion-2433070210-content\" class=\"accordion-inner\" aria-labelledby=\"accordion-2433070210-label\">\n\t\t\t\r\n\r\n<p>L'achat de cette carte n'est pas remboursable. Malgr\u00e9 tout, vous pouvez demander \u00e0 en changer la date d'activation si vous rencontrez un impr\u00e9vu, ou demander \u00e0 transf\u00e9rer la carte \u00e0 un autre nom.<\/p>\r\n<p>Si vous avez besoin de quoi que ce soit, n'h\u00e9sitez pas \u00e0 contacter notre \u00e9quipe (<strong><a href=\"mailto:balicard@bali.com\">mail<\/a><\/strong>)<\/p>\r\n\r\n\t\t<\/div>\n\t<\/div>\n\t\r\n\t<div id=\"accordion-3407742231\" class=\"accordion-item\">\n\t\t<a id=\"accordion-3407742231-label\" class=\"accordion-title plain\" href=\"#accordion-item-que-se-passe-t&#039;il-si-ma-r\u00e9duction\/avantage-ne-m&#039;est-pas-accord\u00e9\" aria-expanded=\"false\" aria-controls=\"accordion-3407742231-content\">\n\t\t\t<button class=\"toggle\" aria-label=\"Basculer\"><i class=\"fa-solid fa-caret-down\" aria-hidden=\"true\"><\/i><\/button>\n\t\t\t<span>Que se passe t'il si ma r\u00e9duction\/avantage ne m'est pas accord\u00e9<\/span>\n\t\t<\/a>\n\t\t<div id=\"accordion-3407742231-content\" class=\"accordion-inner\" aria-labelledby=\"accordion-3407742231-label\">\n\t\t\t\r\n\r\n<p>Nous nous effor\u00e7ons de vous assurer une exp\u00e9rience fluide. Les probl\u00e8mes de communication entre la direction du site partenaire et son personnel sont rares. Dans le cas o\u00f9 cela se produirait et qu'ils n'accepteraient pas votre BaliCard, vous pouvez d'abord leur demander de se r\u00e9f\u00e9rer \u00e0 notre site web <strong><a href=\"https:\/\/bali.com\/balicard\/partners\/\">ici<\/a><\/strong>, o\u00f9 le nom du lieu et ses avantages associ\u00e9s sont affich\u00e9s, et de contacter leur responsable pour obtenir de l'aide. S'ils ne sont pas en mesure de r\u00e9soudre le probl\u00e8me, veuillez suivre cette proc\u00e9dure<\/p>\r\n<ul>\r\n<li>pas d'inqui\u00e9tude, nous r\u00e9soudrons ce probl\u00e8me pour vous<\/li>\r\n<li>prenez une photo de votre re\u00e7u( assurez vous que la date et l'heure soit visibles)<\/li>\r\n<li>demandez le nom de l'employ\u00e9 qui refuse de vous accorder la r\u00e9duction (pour que nous ayons un point de r\u00e9f\u00e9rence)<\/li>\r\n<li>envoyez nous votre nom, le re\u00e7u et autres d\u00e9tails pour que nous puissions vous rembourser \r\n<ul>\r\n<li>Whatsapp: <a href=\"https:\/\/wa.me\/+6281353684470\" target=\"_blank\" rel=\"noopener\">+62 (0)813 5368 4470<\/a><\/li>\r\n<li>email: <a href=\"mailto:balicard@bali.com\">balicard@bali.com<\/a> <\/li>\r\n<\/ul>\r\n<\/li>\r\n<\/ul>\r\n\r\n\t\t<\/div>\n\t<\/div>\n\t\r\n\t<div id=\"accordion-3855620653\" class=\"accordion-item\">\n\t\t<a id=\"accordion-3855620653-label\" class=\"accordion-title plain\" href=\"#accordion-item-comment-avons-nous-choisi-les-partenaires-et-exp\u00e9riences\" aria-expanded=\"false\" aria-controls=\"accordion-3855620653-content\">\n\t\t\t<button class=\"toggle\" aria-label=\"Basculer\"><i class=\"fa-solid fa-caret-down\" aria-hidden=\"true\"><\/i><\/button>\n\t\t\t<span>Comment avons nous choisi les partenaires et exp\u00e9riences<\/span>\n\t\t<\/a>\n\t\t<div id=\"accordion-3855620653-content\" class=\"accordion-inner\" aria-labelledby=\"accordion-3855620653-label\">\n\t\t\t\r\n\r\n<p>Avec des ann\u00e9es d'exp\u00e9rience et beaucoup de retours de nos pr\u00e9cieux voyageurs, nous avons pu choisir les partenaires avec lesquels nous pouvons vous garantir la meilleure des exp\u00e9riences pour explorer les plus beaux aspects de Bali. Nous accordons une grande importance \u00e0 la qualit\u00e9 pour assurer votre plaisir.<\/p>\r\n\r\n\t\t<\/div>\n\t<\/div>\n\t\r\n\t<div id=\"accordion-3710186714\" class=\"accordion-item\">\n\t\t<a id=\"accordion-3710186714-label\" class=\"accordion-title plain\" href=\"#accordion-item-termes-et-conditions\" aria-expanded=\"false\" aria-controls=\"accordion-3710186714-content\">\n\t\t\t<button class=\"toggle\" aria-label=\"Basculer\"><i class=\"fa-solid fa-caret-down\" aria-hidden=\"true\"><\/i><\/button>\n\t\t\t<span>Termes et Conditions<\/span>\n\t\t<\/a>\n\t\t<div id=\"accordion-3710186714-content\" class=\"accordion-inner\" aria-labelledby=\"accordion-3710186714-label\">\n\t\t\t\r\n\r\n<p>Termes et Conditions:<\/p>\r\n<p><b>CHANGEMENT ET MODIFICATIONS<\/b><\/p>\r\n<ol>\r\n<li style=\"font-weight: 400;\" aria-level=\"1\"><span style=\"font-weight: 400;\">Les partenaires de bali.com peuvent apporter des modifications \u00e0 leurs b\u00e9n\u00e9fices et r\u00e9ductions sans le notifier. <strong>Malgr\u00e9 tout, Bali.com fera de son possible pour que ces changements ne soient pas mis en place dans le mois suivant l'achat de la BaliCard, mais nous pouvons rien garantir<\/strong><\/span><\/li>\r\n<li style=\"font-weight: 400;\" aria-level=\"1\"><span style=\"font-weight: 400;\">Les b\u00e9n\u00e9fices peuvent \u00e9galement cesser d'un jour \u00e0 l'autre.<\/span><\/li>\r\n<li style=\"font-weight: 400;\" aria-level=\"1\"><span style=\"font-weight: 400;\">Quand c'est possible, les clients doivent v\u00e9rifier <\/span><a href=\"https:\/\/bali.com\/balicard\/partners\/\"><span style=\"font-weight: 400;\">liste des partenaires<\/span><\/a><span style=\"font-weight: 400;\"> ou les b\u00e9n\u00e9fices qui sont mis a leur disposition sur Bali.com<\/span><\/li>\r\n<li style=\"font-weight: 400;\" aria-level=\"1\"><span style=\"font-weight: 400;\">Les clients devront d\u00e9gager Bali.com de toute responsabilit\u00e9 en cas de changement ou modification<\/span><\/li>\r\n<\/ol>\r\n<p><b>RESPONSABILIT\u00c9<\/b><\/p>\r\n<p><span style=\"font-weight: 400;\">En aucun cas, Bali.com ne pourra \u00eatre tenu responsable des erreurs, omissions ou inexactitudes, ou des dommages ou pertes qui pourraient r\u00e9sulter de l'utilisation des informations ou des services fournis. En utilisant notre site Web ou nos services, les clients acceptent d'indemniser et de d\u00e9gager de toute responsabilit\u00e9 Bali.com et ses soci\u00e9t\u00e9s affili\u00e9es, dirigeants, agents, partenaires et employ\u00e9s contre toute r\u00e9clamation, dommage, perte, responsabilit\u00e9, co\u00fbt et d\u00e9pense, y compris les honoraires d'avocat raisonnables, r\u00e9sultant de ou li\u00e9s de quelque mani\u00e8re que ce soit \u00e0 votre utilisation de notre site Web ou de nos services.<\/span><\/p>\r\n<p>Les termes et contitions l\u00e9gaux peuvent \u00eatre t\u00e9l\u00e9charg\u00e9s <a href=\"https:\/\/bali.com\/wp-content\/uploads\/docs\/BaliCard_Terms_15mar23_en.pdf\">ici<\/a><\/p>\r\n<p> <\/p>\r\n\r\n\t\t<\/div>\n\t<\/div>\n\t\r\n\r\n<\/div>\r\n\r\n\t\t<\/div>\n\t\t\t\t\t<\/div>\n\n\t\r\n\r\n<\/div>\r\n\r\n\t\t<\/div>\n\n\t\t\n<style>\n#section_1658993203 {\n  padding-top: 30px;\n  padding-bottom: 30px;\n}\n<\/style>\n\t<\/section>\n\t\n","protected":false},"excerpt":{"rendered":"<p>Get Discounts at our handpicked <strong><a href=\"http:\/\/bali.com\/balicard\/partners\/\">partners<\/a><\/strong>\u00a0for up to 5 guests (same booking \/ invoice). <strong>Got a Coupon Code<\/strong>? Use it at the check out process by clicking on the coupon link.<\/p>\n","protected":false},"featured_media":293507,"template":"","meta":{"_acf_changed":false,"_seopress_robots_primary_cat":"1409","_seopress_titles_title":"Discounts in Bali - Waterbom, Activities, Restaurants | 180 days","_seopress_titles_desc":"Bali Discounts &amp; Promotions with your Digital Tourist Pass. Discounts, Activities, Airport Transfer, Tours, Car Rental w Driver. Best Experiences. Save 10% &amp; more","_seopress_robots_index":""},"product_brand":[],"product_cat":[1409],"product_tag":[],"class_list":{"0":"post-273285","1":"product","2":"type-product","3":"status-publish","4":"has-post-thumbnail","6":"product_cat-balicard","8":"first","9":"instock","10":"virtual","11":"sold-individually","12":"taxable","13":"purchasable","14":"product-type-simple"},"acf":[],"_links":{"self":[{"href":"https:\/\/bali.com\/fr\/wp-json\/wp\/v2\/product\/273285","targetHints":{"allow":["GET"]}}],"collection":[{"href":"https:\/\/bali.com\/fr\/wp-json\/wp\/v2\/product"}],"about":[{"href":"https:\/\/bali.com\/fr\/wp-json\/wp\/v2\/types\/product"}],"wp:featuredmedia":[{"embeddable":true,"href":"https:\/\/bali.com\/fr\/wp-json\/wp\/v2\/media\/293507"}],"wp:attachment":[{"href":"https:\/\/bali.com\/fr\/wp-json\/wp\/v2\/media?parent=273285"}],"wp:term":[{"taxonomy":"product_brand","embeddable":true,"href":"https:\/\/bali.com\/fr\/wp-json\/wp\/v2\/product_brand?post=273285"},{"taxonomy":"product_cat","embeddable":true,"href":"https:\/\/bali.com\/fr\/wp-json\/wp\/v2\/product_cat?post=273285"},{"taxonomy":"product_tag","embeddable":true,"href":"https:\/\/bali.com\/fr\/wp-json\/wp\/v2\/product_tag?post=273285"}],"curies":[{"name":"wp","href":"https:\/\/api.w.org\/{rel}","templated":true}]}}